{"id":5048,"date":"2024-12-17T10:28:43","date_gmt":"2024-12-17T10:28:43","guid":{"rendered":"https:\/\/www.lyceefrancaisbilbao.com\/avis-juridique\/"},"modified":"2026-01-29T09:09:51","modified_gmt":"2026-01-29T09:09:51","slug":"avis-juridique","status":"publish","type":"page","link":"https:\/\/www.lyceefrancaisbilbao.com\/fr\/avis-juridique\/","title":{"rendered":"Avis juridique"},"content":{"rendered":"\t\t<div data-elementor-type=\"wp-page\" data-elementor-id=\"5048\" class=\"elementor elementor-5048 elementor-442\" data-elementor-post-type=\"page\">\n\t\t\t\t<div class=\"elementor-element elementor-element-e49379c e-flex e-con-boxed e-con e-parent\" data-id=\"e49379c\" data-element_type=\"container\" data-e-type=\"container\" data-settings=\"{&quot;background_background&quot;:&quot;classic&quot;}\">\n\t\t\t\t\t<div class=\"e-con-inner\">\n\t\t\t\t<div class=\"elementor-element elementor-element-144b023 elementor-widget elementor-widget-heading\" data-id=\"144b023\" data-element_type=\"widget\" data-e-type=\"widget\" data-widget_type=\"heading.default\">\n\t\t\t\t<div class=\"elementor-widget-container\">\n\t\t\t\t\t<h1 class=\"elementor-heading-title elementor-size-default\">Avis juridique<\/h1>\t\t\t\t<\/div>\n\t\t\t\t<\/div>\n\t\t\t\t\t<\/div>\n\t\t\t\t<\/div>\n\t\t<div class=\"elementor-element elementor-element-6114819 e-flex e-con-boxed e-con e-parent\" data-id=\"6114819\" data-element_type=\"container\" data-e-type=\"container\" data-settings=\"{&quot;background_background&quot;:&quot;classic&quot;}\">\n\t\t\t\t\t<div class=\"e-con-inner\">\n\t\t\t\t<div class=\"elementor-element elementor-element-c0766ee elementor-widget elementor-widget-shortcode\" data-id=\"c0766ee\" data-element_type=\"widget\" data-e-type=\"widget\" data-widget_type=\"shortcode.default\">\n\t\t\t\t<div class=\"elementor-widget-container\">\n\t\t\t\t\t\t\t<div class=\"elementor-shortcode\"><nav aria-label=\"breadcrumbs\" class=\"rank-math-breadcrumb\"><p><span class=\"last\">Home<\/span><\/p><\/nav><\/div>\n\t\t\t\t\t\t<\/div>\n\t\t\t\t<\/div>\n\t\t<div class=\"elementor-element elementor-element-2d50e1c e-con-full e-flex e-con e-child\" data-id=\"2d50e1c\" data-element_type=\"container\" data-e-type=\"container\">\n\t\t<div class=\"elementor-element elementor-element-73e8f30 e-con-full e-flex e-con e-child\" data-id=\"73e8f30\" data-element_type=\"container\" data-e-type=\"container\">\n\t\t\t\t<div class=\"elementor-element elementor-element-899c8d9 elementor-widget__width-initial elementor-widget elementor-widget-text-editor\" data-id=\"899c8d9\" data-element_type=\"widget\" data-e-type=\"widget\" data-widget_type=\"text-editor.default\">\n\t\t\t\t<div class=\"elementor-widget-container\">\n\t\t\t\t\t\t\t\t\t<p align=\"justify\"><span lang=\"es-ES\">Nous vous remercions d&rsquo;avoir choisi de nous rendre visite. Nous souhaitons que votre exp\u00e9rience sur notre site soit la meilleure possible. <\/span><\/p><p align=\"justify\"><span lang=\"es-ES\">Pour acc\u00e9der \u00e0 nos services, vous d\u00e9clarez que <\/span><span lang=\"es-ES\">vous \u00eates majeur<\/span><span lang=\"es-ES\"> et que vous avez la capacit\u00e9 juridique suffisante pour utiliser nos services, conform\u00e9ment \u00e0 votre l\u00e9gislation nationale.<\/span><\/p><p align=\"justify\"><span lang=\"es-ES\">L&rsquo;acc\u00e8s et la navigation sur le site web, ou l&rsquo;utilisation de ses services, impliquent l&rsquo;acceptation expresse et totale de toutes et chacune des pr\u00e9sentes conditions g\u00e9n\u00e9rales, y compris les conditions sp\u00e9ciales \u00e9tablies pour certaines promotions, ainsi que les politiques de confidentialit\u00e9 et de cookies, li\u00e9es \u00e0 la r\u00e9glementation en vigueur en mati\u00e8re de protection des donn\u00e9es \u00e0 caract\u00e8re personnel. Nous vous recommandons de les lire attentivement pour savoir quel type de donn\u00e9es est collect\u00e9 \u00e0 travers notre site web, \u00e0 quelles fins et quels droits s&rsquo;y rapportant vous concernent. <\/span><\/p><h2 align=\"justify\"><strong><span lang=\"es-ES\">Propri\u00e9taire du site web<\/span><\/strong><\/h2><p align=\"justify\"><span lang=\"es-ES\">Conform\u00e9ment \u00e0 l&rsquo;obligation d&rsquo;information pr\u00e9vue \u00e0 l&rsquo;article 10 de la loi 34\/2002 sur les services de la soci\u00e9t\u00e9 de l&rsquo;information et le commerce \u00e9lectronique (LSSI-CE) du 11 juillet, vous trouverez ci-dessous des informations g\u00e9n\u00e9rales sur ce site web :<\/span><\/p><p align=\"justify\"><span lang=\"es-ES\">La propri\u00e9t\u00e9 de ce site web, <\/span><a href=\"https:\/\/www.lyceefrancaisbilbao.com\/fr\/\"><span lang=\"es-ES\">www.lyceefrancaisbilbao.com<\/span><\/a><span lang=\"es-ES\"> (ci-apr\u00e8s d\u00e9nomm\u00e9 le site web) est la propri\u00e9t\u00e9 de : ASOCIACI\u00d3N FRANCESA DE EDUCACI\u00d3N DE BENEFICENCIA Y DEPORTES DE BILBAO avec le num\u00e9ro d&rsquo;identification fiscale : N0011452J, inscrit au Registre national des associations sous le num\u00e9ro 2030 et au Registre des associations du gouvernement basque sous le num\u00e9ro 87. <\/span> <\/p><p align=\"justify\"><span lang=\"es-ES\">Coordonn\u00e9es de contact :<\/span><\/p><p align=\"justify\"><span lang=\"es-ES\">Adresse : Barrio Galbarriatu, 10. 48170 Zamudio (Bikaia) <\/span><\/p><p align=\"justify\"><span lang=\"es-ES\">Tel\u00e9fono de contacto: 944544013<\/span><\/p><p align=\"justify\">Email de contacto: <a href=\"mailto:administration@lyceefrancaisbilbao.net\">administration@lyceefrancaisbilbao.net<\/a><\/p><h2><strong>Donn\u00e9es sur l&rsquo;h\u00e9bergement<\/strong><\/h2><p>Conform\u00e9ment \u00e0 l&rsquo;obligation d&rsquo;information pr\u00e9vue par l&rsquo;article 48 de la 4\u00e8me loi SREN (LOI n\u00b0 2024-449 du 21 mai 2024 visant \u00e0 s\u00e9curiser et \u00e0 r\u00e9guler l&rsquo;espace num\u00e9rique) visant \u00e0 s\u00e9curiser et \u00e0 r\u00e9guler l&rsquo;espace num\u00e9rique, vous trouverez ci-dessous les informations g\u00e9n\u00e9rales suivantes relatives au stockage des donn\u00e9es sur ce site web.<\/p><p>Nom: LucusHost, S.L.<\/p><p>Adresse: Calle Mar Cant\u00e1brico 23, Entresuelo B, 27004, Lugo, Espa\u00f1a.<\/p><p>T\u00e9l\u00e9phone: +34 982 989 112<\/p><h2 align=\"justify\"><strong><span lang=\"es-ES\">Utilisateurs<\/span><\/strong><\/h2><p align=\"justify\"><span lang=\"es-ES\">L&rsquo;utilisateur de ce site web est inform\u00e9 que l&rsquo;acc\u00e8s \u00e0 celui-ci implique l&rsquo;acceptation totale et sans r\u00e9serve de chacune des conditions incluses dans le pr\u00e9sent avis juridique, les dispositions l\u00e9gales obligatoires correspondantes \u00e9tant \u00e9galement applicables, le cas \u00e9ch\u00e9ant.<\/span><\/p><p align=\"justify\"><span lang=\"es-ES\">L&rsquo;utilisateur assume la responsabilit\u00e9 de l&rsquo;utilisation correcte du site web. Cette responsabilit\u00e9 s&rsquo;\u00e9tend \u00e0 : <\/span><\/p><p align=\"justify\"><span lang=\"es-ES\">L&rsquo;utilisateur du site web s&rsquo;engage \u00e0 utiliser le site web conform\u00e9ment aux dispositions de la loi et du pr\u00e9sent avis juridique, dans le respect des bonnes coutumes et de l&rsquo;ordre public.<\/span><\/p><p align=\"justify\"><span lang=\"es-ES\">L&rsquo;ASSOCIATION FRANCAISE D&rsquo;EDUCATION AU BENEFICIAIRE ET DE SPORT DE BILBAO donne acc\u00e8s \u00e0 une multitude d&rsquo;informations, de services, de programmes ou de donn\u00e9es appartenant \u00e0 l&rsquo;ASSOCIATION FRANCAISE D&rsquo;EDUCATION AU BENEFICIAIRE ET DE SPORT DE BILBAO ou \u00e0 ses conc\u00e9dants de licence, auxquels l&rsquo;UTILISATEUR peut avoir acc\u00e8s. L&rsquo;UTILISATEUR assume la responsabilit\u00e9 de l&rsquo;utilisation du portail. Cette responsabilit\u00e9 s&rsquo;\u00e9tend \u00e0 l&rsquo;enregistrement \u00e9ventuellement n\u00e9cessaire pour acc\u00e9der \u00e0 certains services ou contenus. L&rsquo;UTILISATEUR s&rsquo;engage \u00e0 faire un usage appropri\u00e9 des contenus et services que l&rsquo;ASSOCIATION FRAN\u00c7AISE D&rsquo;EDUCATION B\u00c9N\u00c9FIQUE ET DE SPORTS DE BILBAO peut offrir \u00e0 travers son portail et, \u00e0 titre d&rsquo;exemple mais non limitatif, \u00e0 ne pas les utiliser pour (i) r\u00e9aliser des activit\u00e9s illicites ou ill\u00e9gales ou contraires \u00e0 la bonne foi et \u00e0 l&rsquo;ordre public ; (ii) diffuser des contenus ou de la propagande \u00e0 caract\u00e8re raciste, x\u00e9nophobe, pornographique ou ill\u00e9gal, faire l&rsquo;apologie du terrorisme ou porter atteinte aux droits de l&rsquo;homme ; (iii) causer des dommages aux syst\u00e8mes physiques et logiques de l&rsquo;ASSOCIATION FRAN\u00c7AISE D&rsquo;EDUCATION B\u00c9N\u00c9FIQUE ET DE SPORTS DE BILBAO, de ses fournisseurs ou de tiers, introduire ou diffuser des virus informatiques ou tout autre syst\u00e8me physique ou logique pouvant causer les dommages susmentionn\u00e9s ; (iv) tenter d&rsquo;acc\u00e9der et, le cas \u00e9ch\u00e9ant, d&rsquo;utiliser les comptes de courrier \u00e9lectronique d&rsquo;autres utilisateurs et de modifier ou de manipuler leurs messages.       <\/span><\/p><p align=\"justify\"><span lang=\"es-ES\">En tout \u00e9tat de cause, l&rsquo;ASSOCIATION FRANCAISE D&rsquo;EDUCATION B\u00c9N\u00c9FIQUE ET DE SPORT DE BILBAO ne sera pas responsable des opinions exprim\u00e9es par les utilisateurs \u00e0 travers les commentaires ou autres outils de blogging ou de participation qui peuvent \u00eatre disponibles.<\/span><\/p><p align=\"justify\"><span lang=\"es-ES\">Le simple acc\u00e8s \u00e0 ce site web n&rsquo;implique aucun type de relation commerciale entre l&rsquo;ASSOCIATION FRAN\u00c7AISE D&rsquo;EDUCATION B\u00c9N\u00c9FIQUE ET DE SPORTS DE BILBAO et l&rsquo;utilisateur.<\/span><\/p><p align=\"justify\"><span lang=\"es-ES\">L&rsquo;utilisateur d\u00e9clare \u00eatre majeur et avoir la capacit\u00e9 juridique suffisante pour \u00eatre li\u00e9 par ces termes et conditions. Ce site n&rsquo;est donc pas destin\u00e9 aux mineurs. L&rsquo;ASSOCIATION FRANCAISE D&rsquo;EDUCATION BENEFICIAIRE ET DE SPORTS DU BILBAO d\u00e9cline toute responsabilit\u00e9 en cas de non-respect de cette obligation.  <\/span><\/p><p align=\"justify\"><span lang=\"es-ES\">La responsabilit\u00e9 d\u00e9riv\u00e9e de la mauvaise utilisation des contenus de ce site web incombera uniquement et exclusivement \u00e0 l&rsquo;Utilisateur qui y acc\u00e8de, et l&rsquo;ASSOCIATION FRAN\u00c7AISE D&rsquo;EDUCATION B\u00c9N\u00c9FIQUE ET DE SPORTS DE BILBAO sera exon\u00e9r\u00e9e de tout type de responsabilit\u00e9 \u00e0 cet \u00e9gard.<\/span><\/p><h2 align=\"justify\"><strong><span lang=\"es-ES\">Exclusion de garantie et de responsabilit\u00e9<\/span><\/strong><\/h2><p align=\"justify\"><span lang=\"es-ES\">L&rsquo;ASSOCIATION FRANCAISE D&rsquo;\u00c9DUCATION B\u00c9N\u00c9FICIAIRE ET DE SPORTS DE BILBAO d\u00e9cline toute responsabilit\u00e9, quelles que soient les circonstances, pour les dommages de toute nature qui pourraient \u00eatre caus\u00e9s par, mais sans s&rsquo;y limiter : des erreurs ou des omissions dans le contenu, le manque de disponibilit\u00e9 du portail ou la transmission de virus ou de programmes malveillants ou nuisibles dans le contenu, bien qu&rsquo;elle ait adopt\u00e9 toutes les mesures technologiques n\u00e9cessaires pour l&rsquo;\u00e9viter.<\/span><\/p><h2 align=\"justify\"><strong><span lang=\"es-ES\">Liens<\/span><\/strong><\/h2><p align=\"justify\"><span lang=\"es-ES\">Dans le cas o\u00f9 ASOCIACI\u00d3N FRANCESA DE EDUCACI\u00d3N DE BENEFICENCIA Y DEPORTES DE BILBAO aurait des liens ou des hyperliens vers d&rsquo;autres sites Internet, ASOCIACI\u00d3N FRANCESA DE EDUCACI\u00d3N DE BENEFICENCIA Y DEPORTES DE BILBAO n&rsquo;exercera aucun type de contr\u00f4le sur ces sites et leur contenu. En aucun cas, l&rsquo;ASOCIACI\u00d3N FRANCESA DE EDUCACI\u00d3N DE BENEFICENCIA Y DEPORTES DE BILBAO n&rsquo;assumera la responsabilit\u00e9 du contenu de tout lien appartenant \u00e0 un site Web tiers, ni ne garantira la disponibilit\u00e9 technique, la qualit\u00e9, la fiabilit\u00e9, l&rsquo;exactitude, l&rsquo;exhaustivit\u00e9, la v\u00e9racit\u00e9, la validit\u00e9 et la constitutionnalit\u00e9 de tout mat\u00e9riel ou information contenu dans ces hyperliens ou dans d&rsquo;autres sites Internet. <\/span><\/p><p align=\"justify\"><span lang=\"es-ES\">De m\u00eame, l&rsquo;inclusion de ces connexions externes n&rsquo;implique aucune forme d&rsquo;association, de fusion ou de participation avec les entit\u00e9s connect\u00e9es.<\/span><\/p><h2 align=\"justify\"><strong><span lang=\"es-ES\">Vie priv\u00e9e<\/span><\/strong><\/h2><p align=\"justify\"><span lang=\"es-ES\">L&rsquo;ASSOCIATION FRAN\u00c7AISE D&rsquo;\u00c9DUCATION B\u00c9N\u00c9FICIAIRE ET DE SPORTS DE BILBAO se conforme \u00e0 la Loi organique 3\/2018, du 5 d\u00e9cembre, relative \u00e0 la protection des donn\u00e9es \u00e0 caract\u00e8re personnel et \u00e0 la garantie des droits num\u00e9riques et au R\u00e8glement europ\u00e9en sur la protection des donn\u00e9es (GDPR), ainsi qu&rsquo;\u00e0 toute autre r\u00e9glementation en vigueur en la mati\u00e8re, et maintient une Politique de confidentialit\u00e9 sur les donn\u00e9es \u00e0 caract\u00e8re personnel, qui d\u00e9crit principalement l&rsquo;utilisation que l&rsquo;ASSOCIATION FRAN\u00c7AISE D&rsquo;\u00c9DUCATION B\u00c9N\u00c9FIQUE ET DE SPORTS DE BILBAO fait des donn\u00e9es personnelles, informe l&rsquo;Utilisateur en d\u00e9tail des circonstances essentielles de cette utilisation et des mesures de s\u00e9curit\u00e9 qui sont appliqu\u00e9es \u00e0 ses donn\u00e9es personnelles afin d&rsquo;\u00e9viter que des tiers non autoris\u00e9s y aient acc\u00e8s.<\/span><\/p><p align=\"justify\"><span lang=\"es-ES\">L&rsquo;ASSOCIATION FRANCAISE D&rsquo;EDUCATION BENEFICIAIRE ET DE SPORT DE BILBAO peut utiliser des \u00ab\u00a0cookies\u00a0\u00bb. Les cookies sont des fichiers texte que les ordinateurs envoient \u00e0 votre disque dur pour faciliter un acc\u00e8s plus rapide \u00e0 la page web s\u00e9lectionn\u00e9e. Les \u00ab\u00a0cookies\u00a0\u00bb de ASOCIACI\u00d3N FRANCESA DE EDUCACI\u00d3N DE BENEFICENCIA Y DEPORTES DE BILBAO ont pour but de personnaliser les services que nous vous offrons, en vous fournissant des informations susceptibles de vous int\u00e9resser. Si vous ne souhaitez pas qu&rsquo;un cookie soit install\u00e9 sur votre disque dur, nous vous demandons de configurer le navigateur de votre ordinateur pour qu&rsquo;il ne les re\u00e7oive pas. Nous attirons toutefois votre attention sur le fait que les performances du site web peuvent \u00eatre alt\u00e9r\u00e9es dans tous les cas.     <\/span><\/p><h2 align=\"justify\"><strong><span lang=\"es-ES\">Propri\u00e9t\u00e9 intellectuelle et industrielle<\/span><\/strong><\/h2><p align=\"justify\"><span lang=\"es-ES\">ASOCIACI\u00d3N FRANCESA DE EDUCACI\u00d3N DE BENEFICENCIA Y DEPORTES DE BILBAO est titulaire, en son nom propre ou en tant que cessionnaire, de tous les droits de propri\u00e9t\u00e9 intellectuelle et industrielle de son site web, ainsi que des \u00e9l\u00e9ments qu&rsquo;il contient (y compris, mais sans s&rsquo;y limiter, les images, le son, l&rsquo;audio, la vid\u00e9o, les logiciels ou les textes ; les marques ou les logos, les combinaisons de couleurs, la structure et la conception, la s\u00e9lection des mat\u00e9riaux utilis\u00e9s, les programmes informatiques n\u00e9cessaires \u00e0 son fonctionnement, \u00e0 son acc\u00e8s et \u00e0 son utilisation, etc.) La reproduction, la distribution et la communication publique, y compris la mise \u00e0 disposition, de tout ou partie du contenu de ce site web, \u00e0 des fins commerciales, sur tout support et par tout moyen technique, sans l&rsquo;autorisation d&rsquo;ASOCIACI\u00d3N FRANCESA DE EDUCACI\u00d3N DE BENEFICENCIA Y DEPORTES DE BILBAO, sont express\u00e9ment interdites. <\/span><\/p><p align=\"justify\"><span lang=\"es-ES\">L&rsquo;UTILISATEUR s&rsquo;engage \u00e0 respecter les droits de propri\u00e9t\u00e9 intellectuelle et industrielle de l&rsquo;ASOCIACI\u00d3N FRANCESA DE EDUCACI\u00d3N DE BENEFICENCIA Y DEPORTES DE BILBAO. L&rsquo;UTILISATEUR peut visualiser les \u00e9l\u00e9ments du portail et m\u00eame les imprimer, les copier et les stocker sur le disque dur de son ordinateur ou sur tout autre support physique, \u00e0 condition que ce soit uniquement et exclusivement pour son usage personnel et priv\u00e9. L&rsquo;UTILISATEUR s&rsquo;abstiendra de supprimer, d&rsquo;alt\u00e9rer, d&rsquo;\u00e9luder ou de manipuler tout dispositif de protection ou syst\u00e8me de s\u00e9curit\u00e9 install\u00e9 sur les pages de l&rsquo;ASSOCIATION FRAN\u00c7AISE DE L&rsquo;EDUCATION BENEFICIAIRE ET DU SPORT DE BILBAO.  <\/span><\/p><p align=\"justify\"><strong><span lang=\"es-ES\">Modification de ces conditions<\/span><\/strong><\/p><p align=\"justify\"><span lang=\"es-ES\">L&rsquo;ASSOCIATION FRANCAISE D&rsquo;EDUCATION BENEFICIAIRE ET DE SPORTS DE BILBAO peut modifier \u00e0 tout moment les conditions d\u00e9termin\u00e9es ici, \u00e9tant d\u00fbment publi\u00e9es telles qu&rsquo;elles apparaissent ici. La validit\u00e9 des conditions susmentionn\u00e9es d\u00e9pendra de leur exposition et sera en vigueur jusqu&rsquo;\u00e0 ce qu&rsquo;elles soient modifi\u00e9es par d&rsquo;autres d\u00fbment publi\u00e9es. <\/span><\/p><h2 align=\"justify\"><strong><span lang=\"es-ES\">L\u00e9gislation applicable<\/span><\/strong><\/h2><p align=\"justify\"><span lang=\"es-ES\">L&rsquo;ASSOCIATION FRAN\u00c7AISE DE L&rsquo;EDUCATION BENEFICIAIRE ET DU SPORT DE BILBAO se r\u00e9serve le droit d&rsquo;intenter toute action civile ou p\u00e9nale qu&rsquo;elle jugera n\u00e9cessaire en cas d&rsquo;utilisation abusive du site Web et de son contenu, ou en cas de violation des pr\u00e9sentes conditions g\u00e9n\u00e9rales.<\/span><\/p><p align=\"justify\"><span lang=\"es-ES\">La relation entre l&rsquo;utilisateur et ASOCIACI\u00d3N FRANCESA DE EDUCACI\u00d3N DE BENEFICENCIA Y DEPORTES DE BILBAO est r\u00e9gie par la r\u00e9glementation en vigueur et applicable sur le territoire espagnol. En cas de controverse sur l&rsquo;interpr\u00e9tation et\/ou l&rsquo;application de ces conditions, les parties soumettront leurs conflits \u00e0 la juridiction ordinaire, en s&rsquo;en remettant aux juges et aux tribunaux correspondants conform\u00e9ment \u00e0 la loi. <\/span><\/p>\t\t\t\t\t\t\t\t<\/div>\n\t\t\t\t<\/div>\n\t\t\t\t<\/div>\n\t\t\t\t<\/div>\n\t\t\t\t\t<\/div>\n\t\t\t\t<\/div>\n\t\t\t\t<\/div>\n\t\t","protected":false},"excerpt":{"rendered":"<p>Avis juridique Nous vous remercions d&rsquo;avoir choisi de nous rendre visite. Nous souhaitons que votre exp\u00e9rience sur notre site soit la meilleure possible. Pour acc\u00e9der \u00e0 nos services, vous d\u00e9clarez que vous \u00eates majeur et que vous avez la capacit\u00e9 juridique suffisante pour utiliser nos services, conform\u00e9ment \u00e0 votre l\u00e9gislation nationale. L&rsquo;acc\u00e8s et la navigation [&hellip;]<\/p>\n","protected":false},"author":1,"featured_media":0,"parent":0,"menu_order":11,"comment_status":"closed","ping_status":"closed","template":"","meta":{"footnotes":""},"class_list":["post-5048","page","type-page","status-publish","hentry"],"_links":{"self":[{"href":"https:\/\/www.lyceefrancaisbilbao.com\/fr\/wp-json\/wp\/v2\/pages\/5048","targetHints":{"allow":["GET"]}}],"collection":[{"href":"https:\/\/www.lyceefrancaisbilbao.com\/fr\/wp-json\/wp\/v2\/pages"}],"about":[{"href":"https:\/\/www.lyceefrancaisbilbao.com\/fr\/wp-json\/wp\/v2\/types\/page"}],"author":[{"embeddable":true,"href":"https:\/\/www.lyceefrancaisbilbao.com\/fr\/wp-json\/wp\/v2\/users\/1"}],"replies":[{"embeddable":true,"href":"https:\/\/www.lyceefrancaisbilbao.com\/fr\/wp-json\/wp\/v2\/comments?post=5048"}],"version-history":[{"count":2,"href":"https:\/\/www.lyceefrancaisbilbao.com\/fr\/wp-json\/wp\/v2\/pages\/5048\/revisions"}],"predecessor-version":[{"id":6886,"href":"https:\/\/www.lyceefrancaisbilbao.com\/fr\/wp-json\/wp\/v2\/pages\/5048\/revisions\/6886"}],"wp:attachment":[{"href":"https:\/\/www.lyceefrancaisbilbao.com\/fr\/wp-json\/wp\/v2\/media?parent=5048"}],"curies":[{"name":"wp","href":"https:\/\/api.w.org\/{rel}","templated":true}]}}