{"id":4854,"date":"2025-02-01T10:08:06","date_gmt":"2025-02-01T10:08:06","guid":{"rendered":"https:\/\/www.lyceefrancaisbilbao.com\/inscription\/"},"modified":"2026-03-18T08:24:46","modified_gmt":"2026-03-18T08:24:46","slug":"inscription","status":"publish","type":"page","link":"https:\/\/www.lyceefrancaisbilbao.com\/fr\/inscription\/","title":{"rendered":"Inscription"},"content":{"rendered":"\t\t<div data-elementor-type=\"wp-page\" data-elementor-id=\"4854\" class=\"elementor elementor-4854 elementor-1746\" data-elementor-post-type=\"page\">\n\t\t\t\t<div class=\"elementor-element elementor-element-5961dc0 e-flex e-con-boxed e-con e-parent\" data-id=\"5961dc0\" data-element_type=\"container\" data-e-type=\"container\" data-settings=\"{&quot;background_background&quot;:&quot;classic&quot;}\">\n\t\t\t\t\t<div class=\"e-con-inner\">\n\t\t\t\t<div class=\"elementor-element elementor-element-bc5648b elementor-widget elementor-widget-heading\" data-id=\"bc5648b\" data-element_type=\"widget\" data-e-type=\"widget\" data-widget_type=\"heading.default\">\n\t\t\t\t<div class=\"elementor-widget-container\">\n\t\t\t\t\t<h1 class=\"elementor-heading-title elementor-size-default\">Section Admissions<\/h1>\t\t\t\t<\/div>\n\t\t\t\t<\/div>\n\t\t\t\t\t<\/div>\n\t\t\t\t<\/div>\n\t\t<div class=\"elementor-element elementor-element-e37bec5 e-flex e-con-boxed e-con e-parent\" data-id=\"e37bec5\" data-element_type=\"container\" data-e-type=\"container\" data-settings=\"{&quot;background_background&quot;:&quot;classic&quot;}\">\n\t\t\t\t\t<div class=\"e-con-inner\">\n\t\t\t\t<div class=\"elementor-element elementor-element-055f272 elementor-widget elementor-widget-shortcode\" data-id=\"055f272\" data-element_type=\"widget\" data-e-type=\"widget\" data-widget_type=\"shortcode.default\">\n\t\t\t\t<div class=\"elementor-widget-container\">\n\t\t\t\t\t\t\t<div class=\"elementor-shortcode\"><nav aria-label=\"breadcrumbs\" class=\"rank-math-breadcrumb\"><p><span class=\"last\">Home<\/span><\/p><\/nav><\/div>\n\t\t\t\t\t\t<\/div>\n\t\t\t\t<\/div>\n\t\t\t\t\t<\/div>\n\t\t\t\t<\/div>\n\t\t<div class=\"elementor-element elementor-element-af865bc e-con-full e-flex e-con e-parent\" data-id=\"af865bc\" data-element_type=\"container\" data-e-type=\"container\">\n\t\t<div class=\"elementor-element elementor-element-2c6715e e-con-full e-flex e-con e-child\" data-id=\"2c6715e\" data-element_type=\"container\" data-e-type=\"container\" data-settings=\"{&quot;background_background&quot;:&quot;classic&quot;}\">\n\t\t<div class=\"elementor-element elementor-element-e5f728c e-flex e-con-boxed e-con e-child\" data-id=\"e5f728c\" data-element_type=\"container\" data-e-type=\"container\">\n\t\t\t\t\t<div class=\"e-con-inner\">\n\t\t\t\t<div class=\"elementor-element elementor-element-f83e5c6 elementor-widget elementor-widget-image\" data-id=\"f83e5c6\" data-element_type=\"widget\" data-e-type=\"widget\" data-widget_type=\"image.default\">\n\t\t\t\t<div class=\"elementor-widget-container\">\n\t\t\t\t\t\t\t\t\t\t\t\t\t\t\t<img decoding=\"async\" width=\"84\" height=\"82\" src=\"https:\/\/www.lyceefrancaisbilbao.com\/wp-content\/uploads\/2025\/02\/inscriopccion.svg\" class=\"attachment-large size-large wp-image-4856\" alt=\"\">\t\t\t\t\t\t\t\t\t\t\t\t\t\t\t<\/div>\n\t\t\t\t<\/div>\n\t\t\t\t<div class=\"elementor-element elementor-element-0fbfce2 elementor-widget elementor-widget-heading\" data-id=\"0fbfce2\" data-element_type=\"widget\" data-e-type=\"widget\" data-widget_type=\"heading.default\">\n\t\t\t\t<div class=\"elementor-widget-container\">\n\t\t\t\t\t<h2 class=\"elementor-heading-title elementor-size-default\">Inscription<\/h2>\t\t\t\t<\/div>\n\t\t\t\t<\/div>\n\t\t\t\t<div class=\"elementor-element elementor-element-b53e808 elementor-widget elementor-widget-text-editor\" data-id=\"b53e808\" data-element_type=\"widget\" data-e-type=\"widget\" data-widget_type=\"text-editor.default\">\n\t\t\t\t<div class=\"elementor-widget-container\">\n\t\t\t\t\t\t\t\t\t<p>Bienvenue dans la section Admissions du Lyc\u00e9e Fran\u00e7ais de Bilbao. <br><strong>Veuillez remplir toutes les informations du formulaire suivant afin que notre \u00e9quipe puisse lancer le processus d&rsquo;inscription.<\/strong><\/p><p>N&rsquo;oubliez pas que si vous avez des questions ou des doutes pendant le processus, vous pouvez nous contacter par t\u00e9l\u00e9phone, par e-mail ou via WhatsApp.<\/p><p>Nous sommes l\u00e0 pour vous aider !<br><\/p><p> <\/p>\t\t\t\t\t\t\t\t<\/div>\n\t\t\t\t<\/div>\n\t\t\t\t\t<\/div>\n\t\t\t\t<\/div>\n\t\t\t\t<\/div>\n\t\t<div class=\"elementor-element elementor-element-763e2d9 e-con-full e-flex e-con e-child\" data-id=\"763e2d9\" data-element_type=\"container\" data-e-type=\"container\" data-settings=\"{&quot;background_background&quot;:&quot;classic&quot;}\">\n\t\t\t\t<div class=\"elementor-element elementor-element-33cd29c elementor-widget elementor-widget-html\" data-id=\"33cd29c\" data-element_type=\"widget\" data-e-type=\"widget\" data-widget_type=\"html.default\">\n\t\t\t\t<div class=\"elementor-widget-container\">\n\t\t\t\t\t<script type=\"text\/javascript\" src=\"https:\/\/api.clientify.net\/web-marketing\/superforms\/script\/224310.js\"><\/script>\t\t\t\t<\/div>\n\t\t\t\t<\/div>\n\t\t\t\t<\/div>\n\t\t\t\t<\/div>\n\t\t\t\t<\/div>\n\t\t","protected":false},"excerpt":{"rendered":"<p>Section Admissions Inscription Bienvenue dans la section Admissions du Lyc\u00e9e Fran\u00e7ais de Bilbao. Veuillez remplir toutes les informations du formulaire suivant afin que notre \u00e9quipe puisse lancer le processus d&rsquo;inscription. N&rsquo;oubliez pas que si vous avez des questions ou des doutes pendant le processus, vous pouvez nous contacter par t\u00e9l\u00e9phone, par e-mail ou via WhatsApp. [&hellip;]<\/p>\n","protected":false},"author":1,"featured_media":0,"parent":0,"menu_order":8,"comment_status":"closed","ping_status":"closed","template":"","meta":{"footnotes":""},"class_list":["post-4854","page","type-page","status-publish","hentry"],"_links":{"self":[{"href":"https:\/\/www.lyceefrancaisbilbao.com\/fr\/wp-json\/wp\/v2\/pages\/4854","targetHints":{"allow":["GET"]}}],"collection":[{"href":"https:\/\/www.lyceefrancaisbilbao.com\/fr\/wp-json\/wp\/v2\/pages"}],"about":[{"href":"https:\/\/www.lyceefrancaisbilbao.com\/fr\/wp-json\/wp\/v2\/types\/page"}],"author":[{"embeddable":true,"href":"https:\/\/www.lyceefrancaisbilbao.com\/fr\/wp-json\/wp\/v2\/users\/1"}],"replies":[{"embeddable":true,"href":"https:\/\/www.lyceefrancaisbilbao.com\/fr\/wp-json\/wp\/v2\/comments?post=4854"}],"version-history":[{"count":2,"href":"https:\/\/www.lyceefrancaisbilbao.com\/fr\/wp-json\/wp\/v2\/pages\/4854\/revisions"}],"predecessor-version":[{"id":5487,"href":"https:\/\/www.lyceefrancaisbilbao.com\/fr\/wp-json\/wp\/v2\/pages\/4854\/revisions\/5487"}],"wp:attachment":[{"href":"https:\/\/www.lyceefrancaisbilbao.com\/fr\/wp-json\/wp\/v2\/media?parent=4854"}],"curies":[{"name":"wp","href":"https:\/\/api.w.org\/{rel}","templated":true}]}}