{"id":4850,"date":"2025-02-24T16:06:23","date_gmt":"2025-02-24T16:06:23","guid":{"rendered":"https:\/\/www.lyceefrancaisbilbao.com\/informations-pratiques\/uniformes\/"},"modified":"2026-03-18T07:52:01","modified_gmt":"2026-03-18T07:52:01","slug":"uniformes","status":"publish","type":"page","link":"https:\/\/www.lyceefrancaisbilbao.com\/fr\/informations-pratiques\/uniformes\/","title":{"rendered":"Uniformes"},"content":{"rendered":"\t\t<div data-elementor-type=\"wp-page\" data-elementor-id=\"4850\" class=\"elementor elementor-4850 elementor-2709\" data-elementor-post-type=\"page\">\n\t\t\t\t<div class=\"elementor-element elementor-element-a06d68a e-flex e-con-boxed e-con e-parent\" data-id=\"a06d68a\" data-element_type=\"container\" data-e-type=\"container\" data-settings=\"{&quot;background_background&quot;:&quot;classic&quot;}\">\n\t\t\t\t\t<div class=\"e-con-inner\">\n\t\t\t\t<div class=\"elementor-element elementor-element-298ab58 elementor-invisible elementor-widget elementor-widget-heading\" data-id=\"298ab58\" data-element_type=\"widget\" data-e-type=\"widget\" data-settings=\"{&quot;_animation&quot;:&quot;fadeInUp&quot;}\" data-widget_type=\"heading.default\">\n\t\t\t\t<div class=\"elementor-widget-container\">\n\t\t\t\t\t<h2 class=\"elementor-heading-title elementor-size-default\">Uniformes<\/h2>\t\t\t\t<\/div>\n\t\t\t\t<\/div>\n\t\t\t\t\t<\/div>\n\t\t\t\t<\/div>\n\t\t<div class=\"elementor-element elementor-element-a527796 e-flex e-con-boxed e-con e-parent\" data-id=\"a527796\" data-element_type=\"container\" data-e-type=\"container\" data-settings=\"{&quot;background_background&quot;:&quot;classic&quot;}\">\n\t\t\t\t\t<div class=\"e-con-inner\">\n\t\t\t\t<div class=\"elementor-element elementor-element-c1c3ac8 elementor-invisible elementor-widget elementor-widget-shortcode\" data-id=\"c1c3ac8\" data-element_type=\"widget\" data-e-type=\"widget\" data-settings=\"{&quot;_animation&quot;:&quot;slideInDown&quot;}\" data-widget_type=\"shortcode.default\">\n\t\t\t\t<div class=\"elementor-widget-container\">\n\t\t\t\t\t\t\t<div class=\"elementor-shortcode\"><nav aria-label=\"breadcrumbs\" class=\"rank-math-breadcrumb\"><p><span class=\"last\">Home<\/span><\/p><\/nav><\/div>\n\t\t\t\t\t\t<\/div>\n\t\t\t\t<\/div>\n\t\t<div class=\"elementor-element elementor-element-89f5d8a e-con-full e-flex e-con e-child\" data-id=\"89f5d8a\" data-element_type=\"container\" data-e-type=\"container\">\n\t\t\t\t<div class=\"elementor-element elementor-element-537250f elementor-invisible elementor-widget elementor-widget-image\" data-id=\"537250f\" data-element_type=\"widget\" data-e-type=\"widget\" data-settings=\"{&quot;_animation&quot;:&quot;fadeIn&quot;}\" data-widget_type=\"image.default\">\n\t\t\t\t<div class=\"elementor-widget-container\">\n\t\t\t\t\t\t\t\t\t\t\t\t\t\t\t<img decoding=\"async\" width=\"63\" height=\"60\" src=\"https:\/\/www.lyceefrancaisbilbao.com\/wp-content\/uploads\/2025\/01\/icon-uniforme-439320647.svg\" class=\"attachment-large size-large wp-image-5527\" alt=\"\">\t\t\t\t\t\t\t\t\t\t\t\t\t\t\t<\/div>\n\t\t\t\t<\/div>\n\t\t\t\t<div class=\"elementor-element elementor-element-2eba259 elementor-widget__width-initial elementor-invisible elementor-widget elementor-widget-text-editor\" data-id=\"2eba259\" data-element_type=\"widget\" data-e-type=\"widget\" data-settings=\"{&quot;_animation&quot;:&quot;fadeInUp&quot;,&quot;_animation_delay&quot;:500}\" data-widget_type=\"text-editor.default\">\n\t\t\t\t<div class=\"elementor-widget-container\">\n\t\t\t\t\t\t\t\t\t<p>Le port de l\u2019uniforme est obligatoire pour tous les \u00e9l\u00e8ves de la maternelle \u00e0 la 3\u00e8me. Dans le cas de voyages, projets ou sorties \u00e9ducatives, le port de l\u2019uniforme peut ne pas \u00eatre exig\u00e9 sur d\u00e9cision du Directeur G\u00e9n\u00e9ral. Les familles en seront d\u00fbment inform\u00e9es.  <\/p><p>Pour les cours d\u2019\u00e9ducation physique, les \u00e9l\u00e8ves porteront une tenue adapt\u00e9e \u00e0 l\u2019activit\u00e9. Les \u00e9l\u00e8ves qui ont cours d\u2019\u00e9ducation physique \u00e0 8h00 sont autoris\u00e9s \u00e0 venir en tenue de sport. \u00c0 la fin du cours, les \u00e9l\u00e8ves doivent enfiler l\u2019uniforme de l\u2019\u00e9cole et peuvent utiliser les vestiaires du centre pour se changer. Si l\u2019\u00e9l\u00e8ve ne dispose pas de v\u00eatements de sport, il doit tout de m\u00eame \u00eatre pr\u00e9sent pendant le cours d\u2019\u00e9ducation physique et, dans ce cas, les tuteurs l\u00e9gaux en seront inform\u00e9s.  <br><br>Le port d\u2019un couvre-chef n\u2019est autoris\u00e9 qu\u2019\u00e0 l\u2019ext\u00e9rieur des installations.<br><br><\/p>\t\t\t\t\t\t\t\t<\/div>\n\t\t\t\t<\/div>\n\t\t\t\t<\/div>\n\t\t<div class=\"elementor-element elementor-element-55287d7 e-con-full e-flex elementor-invisible e-con e-child\" data-id=\"55287d7\" data-element_type=\"container\" data-e-type=\"container\" data-settings=\"{&quot;animation&quot;:&quot;fadeInUp&quot;,&quot;animation_delay&quot;:500}\">\n\t\t<div class=\"elementor-element elementor-element-0bd4876 e-con-full e-flex e-con e-child\" data-id=\"0bd4876\" data-element_type=\"container\" data-e-type=\"container\">\n\t\t<div class=\"elementor-element elementor-element-0eb4711 e-con-full e-flex e-con e-child\" data-id=\"0eb4711\" data-element_type=\"container\" data-e-type=\"container\">\n\t\t\t\t<div class=\"elementor-element elementor-element-baa5550 elementor-widget elementor-widget-heading\" data-id=\"baa5550\" data-element_type=\"widget\" data-e-type=\"widget\" data-widget_type=\"heading.default\">\n\t\t\t\t<div class=\"elementor-widget-container\">\n\t\t\t\t\t<h2 class=\"elementor-heading-title elementor-size-default\">Uniforme gar\u00e7on<\/h2>\t\t\t\t<\/div>\n\t\t\t\t<\/div>\n\t\t\t\t<div class=\"elementor-element elementor-element-dfa53db elementor-widget__width-initial elementor-widget elementor-widget-text-editor\" data-id=\"dfa53db\" data-element_type=\"widget\" data-e-type=\"widget\" data-widget_type=\"text-editor.default\">\n\t\t\t\t<div class=\"elementor-widget-container\">\n\t\t\t\t\t\t\t\t\t<ol><li>Pantalon gris <\/li><li>Chemise ou polo blanc<\/li><li>Pull vert et sweat-shirt de l&rsquo;\u00e9cole (gris ou bleu)<\/li><li>Chaussures noires, marron ou du Lyc\u00e9e<\/li><li>Chaussettes vertes<\/li><li>Blouse (obligatoire jusqu\u2019au CM2 \u2013 5e de l\u2019\u00c9cole primaire)<\/li><\/ol>\t\t\t\t\t\t\t\t<\/div>\n\t\t\t\t<\/div>\n\t\t\t\t<\/div>\n\t\t<div class=\"elementor-element elementor-element-b4a65d2 e-con-full e-flex e-con e-child\" data-id=\"b4a65d2\" data-element_type=\"container\" data-e-type=\"container\">\n\t\t\t\t<div class=\"elementor-element elementor-element-c1ef30f elementor-widget elementor-widget-heading\" data-id=\"c1ef30f\" data-element_type=\"widget\" data-e-type=\"widget\" data-widget_type=\"heading.default\">\n\t\t\t\t<div class=\"elementor-widget-container\">\n\t\t\t\t\t<h2 class=\"elementor-heading-title elementor-size-default\">Uniforme fille<\/h2>\t\t\t\t<\/div>\n\t\t\t\t<\/div>\n\t\t\t\t<div class=\"elementor-element elementor-element-c121836 elementor-widget__width-initial elementor-widget elementor-widget-text-editor\" data-id=\"c121836\" data-element_type=\"widget\" data-e-type=\"widget\" data-widget_type=\"text-editor.default\">\n\t\t\t\t<div class=\"elementor-widget-container\">\n\t\t\t\t\t\t\t\t\t<ol><li>Jupe \u00e9cossaise, pantalon \u00e9cossais ou pantalon gris<\/li><li>Chemise ou polo blanc<\/li><li>Pull vert et sweat-shirt de l&rsquo;\u00e9cole (gris ou bleu)<\/li><li>Chaussures noires, marron ou du Lyc\u00e9e<\/li><li>Chaussettes vertes<\/li><li>Blouse (obligatoire jusqu\u2019au CM2 \u2013 5e de l\u2019\u00c9cole primaire)<\/li><\/ol>\t\t\t\t\t\t\t\t<\/div>\n\t\t\t\t<\/div>\n\t\t\t\t<\/div>\n\t\t<div class=\"elementor-element elementor-element-3123ff2 e-con-full e-flex e-con e-child\" data-id=\"3123ff2\" data-element_type=\"container\" data-e-type=\"container\" data-settings=\"{&quot;background_background&quot;:&quot;classic&quot;}\">\n\t\t\t\t<div class=\"elementor-element elementor-element-4862373 elementor-widget__width-initial elementor-widget elementor-widget-text-editor\" data-id=\"4862373\" data-element_type=\"widget\" data-e-type=\"widget\" data-widget_type=\"text-editor.default\">\n\t\t\t\t<div class=\"elementor-widget-container\">\n\t\t\t\t\t\t\t\t\t<ul><li><em>Des bottes en caoutchouc peuvent \u00eatre port\u00e9es si les conditions m\u00e9t\u00e9orologiques le permettent<\/em><\/li><li><em>Jusqu\u2019au CE1 inclus, le tablier \u00e0 carreaux bleu et blanc est obligatoire.<\/em><\/li><li><em>Tenue de sport (du CE1 \u00e0 la 3\u00e8me) \u2013 GAR\u00c7ONS ET FILLES<\/em><ul><li><em>T-shirt blanc (\u00e0 partir de 6\u00e8me)<\/em><\/li><li><em>Short\/jupe-short\/pantalon de sport bleu marine<\/em><\/li><li><em>Chaussettes de sport<\/em><\/li><li><em>Sweat-shirt du lyc\u00e9e<\/em><\/li><\/ul><\/li><\/ul>\t\t\t\t\t\t\t\t<\/div>\n\t\t\t\t<\/div>\n\t\t\t\t<\/div>\n\t\t\t\t<\/div>\n\t\t\t\t<\/div>\n\t\t\t\t\t<\/div>\n\t\t\t\t<\/div>\n\t\t<div class=\"elementor-element elementor-element-e7caa0d e-flex e-con-boxed elementor-invisible e-con e-parent\" data-id=\"e7caa0d\" data-element_type=\"container\" data-e-type=\"container\" data-settings=\"{&quot;animation&quot;:&quot;zoomIn&quot;}\">\n\t\t\t\t\t<div class=\"e-con-inner\">\n\t\t<div class=\"elementor-element elementor-element-b57c46b e-con-full e-flex e-con e-child\" data-id=\"b57c46b\" data-element_type=\"container\" data-e-type=\"container\" data-settings=\"{&quot;background_background&quot;:&quot;classic&quot;}\">\n\t\t<div class=\"elementor-element elementor-element-507ab8f e-con-full e-flex e-con e-child\" data-id=\"507ab8f\" data-element_type=\"container\" data-e-type=\"container\" data-settings=\"{&quot;background_background&quot;:&quot;classic&quot;}\">\n\t\t\t\t<div class=\"elementor-element elementor-element-e80dd89 elementor-widget elementor-widget-gallery\" data-id=\"e80dd89\" data-element_type=\"widget\" data-e-type=\"widget\" data-settings=\"{&quot;gallery_layout&quot;:&quot;justified&quot;,&quot;lazyload&quot;:&quot;yes&quot;,&quot;ideal_row_height&quot;:{&quot;unit&quot;:&quot;px&quot;,&quot;size&quot;:200,&quot;sizes&quot;:[]},&quot;ideal_row_height_tablet&quot;:{&quot;unit&quot;:&quot;px&quot;,&quot;size&quot;:150,&quot;sizes&quot;:[]},&quot;ideal_row_height_mobile&quot;:{&quot;unit&quot;:&quot;px&quot;,&quot;size&quot;:150,&quot;sizes&quot;:[]},&quot;gap&quot;:{&quot;unit&quot;:&quot;px&quot;,&quot;size&quot;:10,&quot;sizes&quot;:[]},&quot;gap_tablet&quot;:{&quot;unit&quot;:&quot;px&quot;,&quot;size&quot;:10,&quot;sizes&quot;:[]},&quot;gap_mobile&quot;:{&quot;unit&quot;:&quot;px&quot;,&quot;size&quot;:10,&quot;sizes&quot;:[]},&quot;link_to&quot;:&quot;file&quot;,&quot;overlay_background&quot;:&quot;yes&quot;,&quot;content_hover_animation&quot;:&quot;fade-in&quot;}\" data-widget_type=\"gallery.default\">\n\t\t\t\t<div class=\"elementor-widget-container\">\n\t\t\t\t\t\t\t<div class=\"elementor-gallery__container\">\n\t\t\t\t\t\t\t<a class=\"e-gallery-item elementor-gallery-item elementor-animated-content\" href=\"https:\/\/www.lyceefrancaisbilbao.com\/wp-content\/uploads\/2025\/02\/baby.webp\" data-elementor-open-lightbox=\"yes\" data-elementor-lightbox-slideshow=\"e80dd89\" data-e-action-hash=\"#elementor-action%3Aaction%3Dlightbox%26settings%3DeyJpZCI6NTUyOCwidXJsIjoiaHR0cHM6XC9cL3d3dy5seWNlZWZyYW5jYWlzYmlsYmFvLmNvbVwvd3AtY29udGVudFwvdXBsb2Fkc1wvMjAyNVwvMDJcL2JhYnkud2VicCIsInNsaWRlc2hvdyI6ImU4MGRkODkifQ%3D%3D\">\n\t\t\t\t\t<div class=\"e-gallery-image elementor-gallery-item__image\" data-thumbnail=\"https:\/\/www.lyceefrancaisbilbao.com\/wp-content\/uploads\/2025\/02\/baby-242x300.webp\" data-width=\"242\" data-height=\"300\" aria-label=\"chemise - Lyc\u00e9e fran\u00e7ais de Bilbao\" role=\"img\" ><\/div>\n\t\t\t\t\t\t\t\t\t\t\t<div class=\"elementor-gallery-item__overlay\"><\/div>\n\t\t\t\t\t\t\t\t\t\t\t\t\t\t<\/a>\n\t\t\t\t\t\t\t<a class=\"e-gallery-item elementor-gallery-item elementor-animated-content\" href=\"https:\/\/www.lyceefrancaisbilbao.com\/wp-content\/uploads\/2025\/02\/bermudas-gris1-1.webp\" data-elementor-open-lightbox=\"yes\" data-elementor-lightbox-slideshow=\"e80dd89\" data-e-action-hash=\"#elementor-action%3Aaction%3Dlightbox%26settings%3DeyJpZCI6NTUyOSwidXJsIjoiaHR0cHM6XC9cL3d3dy5seWNlZWZyYW5jYWlzYmlsYmFvLmNvbVwvd3AtY29udGVudFwvdXBsb2Fkc1wvMjAyNVwvMDJcL2Jlcm11ZGFzLWdyaXMxLTEud2VicCIsInNsaWRlc2hvdyI6ImU4MGRkODkifQ%3D%3D\">\n\t\t\t\t\t<div class=\"e-gallery-image elementor-gallery-item__image\" data-thumbnail=\"https:\/\/www.lyceefrancaisbilbao.com\/wp-content\/uploads\/2025\/02\/bermudas-gris1-1-242x300.webp\" data-width=\"242\" data-height=\"300\" aria-label=\"Bermudes - Lyc\u00e9e fran\u00e7ais de Bilbao\" role=\"img\" ><\/div>\n\t\t\t\t\t\t\t\t\t\t\t<div class=\"elementor-gallery-item__overlay\"><\/div>\n\t\t\t\t\t\t\t\t\t\t\t\t\t\t<\/a>\n\t\t\t\t\t\t\t<a class=\"e-gallery-item elementor-gallery-item elementor-animated-content\" href=\"https:\/\/www.lyceefrancaisbilbao.com\/wp-content\/uploads\/2025\/02\/blusa.webp\" data-elementor-open-lightbox=\"yes\" data-elementor-lightbox-slideshow=\"e80dd89\" data-e-action-hash=\"#elementor-action%3Aaction%3Dlightbox%26settings%3DeyJpZCI6NTUzMCwidXJsIjoiaHR0cHM6XC9cL3d3dy5seWNlZWZyYW5jYWlzYmlsYmFvLmNvbVwvd3AtY29udGVudFwvdXBsb2Fkc1wvMjAyNVwvMDJcL2JsdXNhLndlYnAiLCJzbGlkZXNob3ciOiJlODBkZDg5In0%3D\">\n\t\t\t\t\t<div class=\"e-gallery-image elementor-gallery-item__image\" data-thumbnail=\"https:\/\/www.lyceefrancaisbilbao.com\/wp-content\/uploads\/2025\/02\/blusa-242x300.webp\" data-width=\"242\" data-height=\"300\" aria-label=\"Blouse - Lyc\u00e9e fran\u00e7ais de Bilbao\" role=\"img\" ><\/div>\n\t\t\t\t\t\t\t\t\t\t\t<div class=\"elementor-gallery-item__overlay\"><\/div>\n\t\t\t\t\t\t\t\t\t\t\t\t\t\t<\/a>\n\t\t\t\t\t\t\t<a class=\"e-gallery-item elementor-gallery-item elementor-animated-content\" href=\"https:\/\/www.lyceefrancaisbilbao.com\/wp-content\/uploads\/2025\/02\/calcetines1.webp\" data-elementor-open-lightbox=\"yes\" data-elementor-lightbox-slideshow=\"e80dd89\" data-e-action-hash=\"#elementor-action%3Aaction%3Dlightbox%26settings%3DeyJpZCI6NTUzMSwidXJsIjoiaHR0cHM6XC9cL3d3dy5seWNlZWZyYW5jYWlzYmlsYmFvLmNvbVwvd3AtY29udGVudFwvdXBsb2Fkc1wvMjAyNVwvMDJcL2NhbGNldGluZXMxLndlYnAiLCJzbGlkZXNob3ciOiJlODBkZDg5In0%3D\">\n\t\t\t\t\t<div class=\"e-gallery-image elementor-gallery-item__image\" data-thumbnail=\"https:\/\/www.lyceefrancaisbilbao.com\/wp-content\/uploads\/2025\/02\/calcetines1-242x300.webp\" data-width=\"242\" data-height=\"300\" aria-label=\"Chaussettes - Lyc\u00e9e fran\u00e7ais de Bilbao\" role=\"img\" ><\/div>\n\t\t\t\t\t\t\t\t\t\t\t<div class=\"elementor-gallery-item__overlay\"><\/div>\n\t\t\t\t\t\t\t\t\t\t\t\t\t\t<\/a>\n\t\t\t\t\t\t\t<a class=\"e-gallery-item elementor-gallery-item elementor-animated-content\" href=\"https:\/\/www.lyceefrancaisbilbao.com\/wp-content\/uploads\/2025\/02\/chaqueta-verde1.webp\" data-elementor-open-lightbox=\"yes\" data-elementor-lightbox-slideshow=\"e80dd89\" data-e-action-hash=\"#elementor-action%3Aaction%3Dlightbox%26settings%3DeyJpZCI6NTUzMiwidXJsIjoiaHR0cHM6XC9cL3d3dy5seWNlZWZyYW5jYWlzYmlsYmFvLmNvbVwvd3AtY29udGVudFwvdXBsb2Fkc1wvMjAyNVwvMDJcL2NoYXF1ZXRhLXZlcmRlMS53ZWJwIiwic2xpZGVzaG93IjoiZTgwZGQ4OSJ9\">\n\t\t\t\t\t<div class=\"e-gallery-image elementor-gallery-item__image\" data-thumbnail=\"https:\/\/www.lyceefrancaisbilbao.com\/wp-content\/uploads\/2025\/02\/chaqueta-verde1-242x300.webp\" data-width=\"242\" data-height=\"300\" aria-label=\"Pull vert et sweat-shirt de l&#039;\u00e9cole (gris ou bleu)\" role=\"img\" ><\/div>\n\t\t\t\t\t\t\t\t\t\t\t<div class=\"elementor-gallery-item__overlay\"><\/div>\n\t\t\t\t\t\t\t\t\t\t\t\t\t\t<\/a>\n\t\t\t\t\t\t\t<a class=\"e-gallery-item elementor-gallery-item elementor-animated-content\" href=\"https:\/\/www.lyceefrancaisbilbao.com\/wp-content\/uploads\/2025\/02\/falda.webp\" data-elementor-open-lightbox=\"yes\" data-elementor-lightbox-slideshow=\"e80dd89\" data-e-action-hash=\"#elementor-action%3Aaction%3Dlightbox%26settings%3DeyJpZCI6NTUzMywidXJsIjoiaHR0cHM6XC9cL3d3dy5seWNlZWZyYW5jYWlzYmlsYmFvLmNvbVwvd3AtY29udGVudFwvdXBsb2Fkc1wvMjAyNVwvMDJcL2ZhbGRhLndlYnAiLCJzbGlkZXNob3ciOiJlODBkZDg5In0%3D\">\n\t\t\t\t\t<div class=\"e-gallery-image elementor-gallery-item__image\" data-thumbnail=\"https:\/\/www.lyceefrancaisbilbao.com\/wp-content\/uploads\/2025\/02\/falda-242x300.webp\" data-width=\"242\" data-height=\"300\" aria-label=\"Jupe - Lyc\u00e9e fran\u00e7ais de Bilbao\" role=\"img\" ><\/div>\n\t\t\t\t\t\t\t\t\t\t\t<div class=\"elementor-gallery-item__overlay\"><\/div>\n\t\t\t\t\t\t\t\t\t\t\t\t\t\t<\/a>\n\t\t\t\t\t\t\t<a class=\"e-gallery-item elementor-gallery-item elementor-animated-content\" href=\"https:\/\/www.lyceefrancaisbilbao.com\/wp-content\/uploads\/2025\/02\/leotardos1-1.webp\" data-elementor-open-lightbox=\"yes\" data-elementor-lightbox-slideshow=\"e80dd89\" data-e-action-hash=\"#elementor-action%3Aaction%3Dlightbox%26settings%3DeyJpZCI6NTUzNCwidXJsIjoiaHR0cHM6XC9cL3d3dy5seWNlZWZyYW5jYWlzYmlsYmFvLmNvbVwvd3AtY29udGVudFwvdXBsb2Fkc1wvMjAyNVwvMDJcL2xlb3RhcmRvczEtMS53ZWJwIiwic2xpZGVzaG93IjoiZTgwZGQ4OSJ9\">\n\t\t\t\t\t<div class=\"e-gallery-image elementor-gallery-item__image\" data-thumbnail=\"https:\/\/www.lyceefrancaisbilbao.com\/wp-content\/uploads\/2025\/02\/leotardos1-1-242x300.webp\" data-width=\"242\" data-height=\"300\" aria-label=\"Leotardos - Liceo franc\u00e9s de Bilbao\" role=\"img\" ><\/div>\n\t\t\t\t\t\t\t\t\t\t\t<div class=\"elementor-gallery-item__overlay\"><\/div>\n\t\t\t\t\t\t\t\t\t\t\t\t\t\t<\/a>\n\t\t\t\t\t\t\t<a class=\"e-gallery-item elementor-gallery-item elementor-animated-content\" href=\"https:\/\/www.lyceefrancaisbilbao.com\/wp-content\/uploads\/2025\/02\/pantalon-deporte.webp\" data-elementor-open-lightbox=\"yes\" data-elementor-lightbox-slideshow=\"e80dd89\" data-e-action-hash=\"#elementor-action%3Aaction%3Dlightbox%26settings%3DeyJpZCI6NTUzNiwidXJsIjoiaHR0cHM6XC9cL3d3dy5seWNlZWZyYW5jYWlzYmlsYmFvLmNvbVwvd3AtY29udGVudFwvdXBsb2Fkc1wvMjAyNVwvMDJcL3BhbnRhbG9uLWRlcG9ydGUud2VicCIsInNsaWRlc2hvdyI6ImU4MGRkODkifQ%3D%3D\">\n\t\t\t\t\t<div class=\"e-gallery-image elementor-gallery-item__image\" data-thumbnail=\"https:\/\/www.lyceefrancaisbilbao.com\/wp-content\/uploads\/2025\/02\/pantalon-deporte-242x300.webp\" data-width=\"242\" data-height=\"300\" aria-label=\"Pantal\u00f3n - Liceo franc\u00e9s de Bilbao\" role=\"img\" ><\/div>\n\t\t\t\t\t\t\t\t\t\t\t<div class=\"elementor-gallery-item__overlay\"><\/div>\n\t\t\t\t\t\t\t\t\t\t\t\t\t\t<\/a>\n\t\t\t\t\t\t\t<a class=\"e-gallery-item elementor-gallery-item elementor-animated-content\" href=\"https:\/\/www.lyceefrancaisbilbao.com\/wp-content\/uploads\/2025\/02\/pantalon-gris-filles.webp\" data-elementor-open-lightbox=\"yes\" data-elementor-lightbox-slideshow=\"e80dd89\" data-e-action-hash=\"#elementor-action%3Aaction%3Dlightbox%26settings%3DeyJpZCI6NTUzNywidXJsIjoiaHR0cHM6XC9cL3d3dy5seWNlZWZyYW5jYWlzYmlsYmFvLmNvbVwvd3AtY29udGVudFwvdXBsb2Fkc1wvMjAyNVwvMDJcL3BhbnRhbG9uLWdyaXMtZmlsbGVzLndlYnAiLCJzbGlkZXNob3ciOiJlODBkZDg5In0%3D\">\n\t\t\t\t\t<div class=\"e-gallery-image elementor-gallery-item__image\" data-thumbnail=\"https:\/\/www.lyceefrancaisbilbao.com\/wp-content\/uploads\/2025\/02\/pantalon-gris-filles-194x300.webp\" data-width=\"194\" data-height=\"300\" aria-label=\"pantalon - Lyc\u00e9e fran\u00e7ais de Bilbao\" role=\"img\" ><\/div>\n\t\t\t\t\t\t\t\t\t\t\t<div class=\"elementor-gallery-item__overlay\"><\/div>\n\t\t\t\t\t\t\t\t\t\t\t\t\t\t<\/a>\n\t\t\t\t\t\t\t<a class=\"e-gallery-item elementor-gallery-item elementor-animated-content\" href=\"https:\/\/www.lyceefrancaisbilbao.com\/wp-content\/uploads\/2025\/02\/sudadera.webp\" data-elementor-open-lightbox=\"yes\" data-elementor-lightbox-slideshow=\"e80dd89\" data-e-action-hash=\"#elementor-action%3Aaction%3Dlightbox%26settings%3DeyJpZCI6NTU0MCwidXJsIjoiaHR0cHM6XC9cL3d3dy5seWNlZWZyYW5jYWlzYmlsYmFvLmNvbVwvd3AtY29udGVudFwvdXBsb2Fkc1wvMjAyNVwvMDJcL3N1ZGFkZXJhLndlYnAiLCJzbGlkZXNob3ciOiJlODBkZDg5In0%3D\">\n\t\t\t\t\t<div class=\"e-gallery-image elementor-gallery-item__image\" data-thumbnail=\"https:\/\/www.lyceefrancaisbilbao.com\/wp-content\/uploads\/2025\/02\/sudadera-242x300.webp\" data-width=\"242\" data-height=\"300\" aria-label=\"Sweat-shirt - Lyc\u00e9e fran\u00e7ais de Bilbao\" role=\"img\" ><\/div>\n\t\t\t\t\t\t\t\t\t\t\t<div class=\"elementor-gallery-item__overlay\"><\/div>\n\t\t\t\t\t\t\t\t\t\t\t\t\t\t<\/a>\n\t\t\t\t\t\t\t<a class=\"e-gallery-item elementor-gallery-item elementor-animated-content\" href=\"https:\/\/www.lyceefrancaisbilbao.com\/wp-content\/uploads\/2025\/02\/WINNER-bermuda.webp\" data-elementor-open-lightbox=\"yes\" data-elementor-lightbox-slideshow=\"e80dd89\" data-e-action-hash=\"#elementor-action%3Aaction%3Dlightbox%26settings%3DeyJpZCI6NTU0MSwidXJsIjoiaHR0cHM6XC9cL3d3dy5seWNlZWZyYW5jYWlzYmlsYmFvLmNvbVwvd3AtY29udGVudFwvdXBsb2Fkc1wvMjAyNVwvMDJcL1dJTk5FUi1iZXJtdWRhLndlYnAiLCJzbGlkZXNob3ciOiJlODBkZDg5In0%3D\">\n\t\t\t\t\t<div class=\"e-gallery-image elementor-gallery-item__image\" data-thumbnail=\"https:\/\/www.lyceefrancaisbilbao.com\/wp-content\/uploads\/2025\/02\/WINNER-bermuda-242x300.webp\" data-width=\"242\" data-height=\"300\" aria-label=\"Bermudes - Lyc\u00e9e fran\u00e7ais de Bilbao\" role=\"img\" ><\/div>\n\t\t\t\t\t\t\t\t\t\t\t<div class=\"elementor-gallery-item__overlay\"><\/div>\n\t\t\t\t\t\t\t\t\t\t\t\t\t\t<\/a>\n\t\t\t\t\t\t\t<a class=\"e-gallery-item elementor-gallery-item elementor-animated-content\" href=\"https:\/\/www.lyceefrancaisbilbao.com\/wp-content\/uploads\/2025\/02\/WINNER-pantalon1.webp\" data-elementor-open-lightbox=\"yes\" data-elementor-lightbox-slideshow=\"e80dd89\" data-e-action-hash=\"#elementor-action%3Aaction%3Dlightbox%26settings%3DeyJpZCI6NTU0MiwidXJsIjoiaHR0cHM6XC9cL3d3dy5seWNlZWZyYW5jYWlzYmlsYmFvLmNvbVwvd3AtY29udGVudFwvdXBsb2Fkc1wvMjAyNVwvMDJcL1dJTk5FUi1wYW50YWxvbjEud2VicCIsInNsaWRlc2hvdyI6ImU4MGRkODkifQ%3D%3D\">\n\t\t\t\t\t<div class=\"e-gallery-image elementor-gallery-item__image\" data-thumbnail=\"https:\/\/www.lyceefrancaisbilbao.com\/wp-content\/uploads\/2025\/02\/WINNER-pantalon1-242x300.webp\" data-width=\"242\" data-height=\"300\" aria-label=\"Pantalon - Lyc\u00e9e fran\u00e7ais de Bilbao\" role=\"img\" ><\/div>\n\t\t\t\t\t\t\t\t\t\t\t<div class=\"elementor-gallery-item__overlay\"><\/div>\n\t\t\t\t\t\t\t\t\t\t\t\t\t\t<\/a>\n\t\t\t\t\t\t\t<a class=\"e-gallery-item elementor-gallery-item elementor-animated-content\" href=\"https:\/\/www.lyceefrancaisbilbao.com\/wp-content\/uploads\/2025\/12\/polo-corto1.jpg\" data-elementor-open-lightbox=\"yes\" data-elementor-lightbox-slideshow=\"e80dd89\" data-e-action-hash=\"#elementor-action%3Aaction%3Dlightbox%26settings%3DeyJpZCI6NjEyNywidXJsIjoiaHR0cHM6XC9cL3d3dy5seWNlZWZyYW5jYWlzYmlsYmFvLmNvbVwvd3AtY29udGVudFwvdXBsb2Fkc1wvMjAyNVwvMTJcL3BvbG8tY29ydG8xLmpwZyIsInNsaWRlc2hvdyI6ImU4MGRkODkifQ%3D%3D\">\n\t\t\t\t\t<div class=\"e-gallery-image elementor-gallery-item__image\" data-thumbnail=\"https:\/\/www.lyceefrancaisbilbao.com\/wp-content\/uploads\/2025\/12\/polo-corto1-249x300.jpg\" data-width=\"249\" data-height=\"300\" aria-label=\"\" role=\"img\" ><\/div>\n\t\t\t\t\t\t\t\t\t\t\t<div class=\"elementor-gallery-item__overlay\"><\/div>\n\t\t\t\t\t\t\t\t\t\t\t\t\t\t<\/a>\n\t\t\t\t\t\t\t<a class=\"e-gallery-item elementor-gallery-item elementor-animated-content\" href=\"https:\/\/www.lyceefrancaisbilbao.com\/wp-content\/uploads\/2025\/12\/polo-largo1.jpg\" data-elementor-open-lightbox=\"yes\" data-elementor-lightbox-slideshow=\"e80dd89\" data-e-action-hash=\"#elementor-action%3Aaction%3Dlightbox%26settings%3DeyJpZCI6NjEyOCwidXJsIjoiaHR0cHM6XC9cL3d3dy5seWNlZWZyYW5jYWlzYmlsYmFvLmNvbVwvd3AtY29udGVudFwvdXBsb2Fkc1wvMjAyNVwvMTJcL3BvbG8tbGFyZ28xLmpwZyIsInNsaWRlc2hvdyI6ImU4MGRkODkifQ%3D%3D\">\n\t\t\t\t\t<div class=\"e-gallery-image elementor-gallery-item__image\" data-thumbnail=\"https:\/\/www.lyceefrancaisbilbao.com\/wp-content\/uploads\/2025\/12\/polo-largo1-249x300.jpg\" data-width=\"249\" data-height=\"300\" aria-label=\"\" role=\"img\" ><\/div>\n\t\t\t\t\t\t\t\t\t\t\t<div class=\"elementor-gallery-item__overlay\"><\/div>\n\t\t\t\t\t\t\t\t\t\t\t\t\t\t<\/a>\n\t\t\t\t\t<\/div>\n\t\t\t\t\t<\/div>\n\t\t\t\t<\/div>\n\t\t\t\t<div class=\"elementor-element elementor-element-ae86fd2 elementor-widget__width-initial elementor-widget elementor-widget-text-editor\" data-id=\"ae86fd2\" data-element_type=\"widget\" data-e-type=\"widget\" data-widget_type=\"text-editor.default\">\n\t\t\t\t<div class=\"elementor-widget-container\">\n\t\t\t\t\t\t\t\t\t<p>En cas de non-respect de l\u2019uniforme, un v\u00eatement de remplacement sera pr\u00eat\u00e9 \u00e0 l\u2019\u00e9l\u00e8ve, qui sera tenu de le rendre le lendemain. Les familles en seront inform\u00e9es. Nous vous conseillons de marquer tous les v\u00eatements de vos enfants (tant l\u2019uniforme complet que les v\u00eatements de sport).  <\/p><p>Si vous le souhaitez, vous pouvez vous procurer l\u2019uniforme scolaire dans les magasins suivants :<\/p><p><strong>\u201cEL CORTE INGLES\u201d<\/strong> C\/ Gran V\u00eda de Don Diego L\u00f3pez de Haro, 7 y 9. 48001 BILBAO. Tel: 944 25 35 00  <br><strong>\u201cNATALE\u201d<\/strong> C\/Andr\u00e9s Larrazabal,8 \u2013 LAS ARENAS<br><strong>\u201cDEPORTES AITOR\u201d<\/strong> Avd. Amaya, 22 \u2013 LEIOA \u2013 94.464 70 06 <\/p>\t\t\t\t\t\t\t\t<\/div>\n\t\t\t\t<\/div>\n\t\t\t\t<\/div>\n\t\t\t\t<\/div>\n\t\t\t\t\t<\/div>\n\t\t\t\t<\/div>\n\t\t\t\t<\/div>\n\t\t","protected":false},"excerpt":{"rendered":"<p>Uniformes Le port de l\u2019uniforme est obligatoire pour tous les \u00e9l\u00e8ves de la maternelle \u00e0 la 3\u00e8me. Dans le cas de voyages, projets ou sorties \u00e9ducatives, le port de l\u2019uniforme peut ne pas \u00eatre exig\u00e9 sur d\u00e9cision du Directeur G\u00e9n\u00e9ral. Les familles en seront d\u00fbment inform\u00e9es. Pour les cours d\u2019\u00e9ducation physique, les \u00e9l\u00e8ves porteront une [&hellip;]<\/p>\n","protected":false},"author":1,"featured_media":0,"parent":4777,"menu_order":0,"comment_status":"closed","ping_status":"closed","template":"","meta":{"footnotes":""},"class_list":["post-4850","page","type-page","status-publish","hentry"],"_links":{"self":[{"href":"https:\/\/www.lyceefrancaisbilbao.com\/fr\/wp-json\/wp\/v2\/pages\/4850","targetHints":{"allow":["GET"]}}],"collection":[{"href":"https:\/\/www.lyceefrancaisbilbao.com\/fr\/wp-json\/wp\/v2\/pages"}],"about":[{"href":"https:\/\/www.lyceefrancaisbilbao.com\/fr\/wp-json\/wp\/v2\/types\/page"}],"author":[{"embeddable":true,"href":"https:\/\/www.lyceefrancaisbilbao.com\/fr\/wp-json\/wp\/v2\/users\/1"}],"replies":[{"embeddable":true,"href":"https:\/\/www.lyceefrancaisbilbao.com\/fr\/wp-json\/wp\/v2\/comments?post=4850"}],"version-history":[{"count":17,"href":"https:\/\/www.lyceefrancaisbilbao.com\/fr\/wp-json\/wp\/v2\/pages\/4850\/revisions"}],"predecessor-version":[{"id":7551,"href":"https:\/\/www.lyceefrancaisbilbao.com\/fr\/wp-json\/wp\/v2\/pages\/4850\/revisions\/7551"}],"up":[{"embeddable":true,"href":"https:\/\/www.lyceefrancaisbilbao.com\/fr\/wp-json\/wp\/v2\/pages\/4777"}],"wp:attachment":[{"href":"https:\/\/www.lyceefrancaisbilbao.com\/fr\/wp-json\/wp\/v2\/media?parent=4850"}],"curies":[{"name":"wp","href":"https:\/\/api.w.org\/{rel}","templated":true}]}}