{"id":4844,"date":"2025-02-28T17:01:27","date_gmt":"2025-02-28T17:01:27","guid":{"rendered":"https:\/\/www.lyceefrancaisbilbao.com\/projet-educatif\/protection-de-leleve\/infirmerie\/"},"modified":"2026-03-16T12:36:41","modified_gmt":"2026-03-16T12:36:41","slug":"infirmerie","status":"publish","type":"page","link":"https:\/\/www.lyceefrancaisbilbao.com\/fr\/projet-educatif\/protection-de-leleve\/infirmerie\/","title":{"rendered":"Infirmerie"},"content":{"rendered":"\t\t<div data-elementor-type=\"wp-page\" data-elementor-id=\"4844\" class=\"elementor elementor-4844 elementor-3284\" data-elementor-post-type=\"page\">\n\t\t\t\t<div class=\"elementor-element elementor-element-0889b3f e-flex e-con-boxed e-con e-parent\" data-id=\"0889b3f\" data-element_type=\"container\" data-e-type=\"container\" data-settings=\"{&quot;background_background&quot;:&quot;classic&quot;}\">\n\t\t\t\t\t<div class=\"e-con-inner\">\n\t\t\t\t<div class=\"elementor-element elementor-element-1ccf513 elementor-invisible elementor-widget elementor-widget-heading\" data-id=\"1ccf513\" data-element_type=\"widget\" data-e-type=\"widget\" data-settings=\"{&quot;_animation&quot;:&quot;fadeInUp&quot;}\" data-widget_type=\"heading.default\">\n\t\t\t\t<div class=\"elementor-widget-container\">\n\t\t\t\t\t<h1 class=\"elementor-heading-title elementor-size-default\">Infirmerie<\/h1>\t\t\t\t<\/div>\n\t\t\t\t<\/div>\n\t\t\t\t\t<\/div>\n\t\t\t\t<\/div>\n\t\t<div class=\"elementor-element elementor-element-d2bdaeb e-flex e-con-boxed e-con e-parent\" data-id=\"d2bdaeb\" data-element_type=\"container\" data-e-type=\"container\" data-settings=\"{&quot;background_background&quot;:&quot;classic&quot;}\">\n\t\t\t\t\t<div class=\"e-con-inner\">\n\t\t\t\t<div class=\"elementor-element elementor-element-9df99d4 elementor-widget-tablet__width-inherit elementor-absolute elementor-widget elementor-widget-image\" data-id=\"9df99d4\" data-element_type=\"widget\" data-e-type=\"widget\" data-settings=\"{&quot;_position&quot;:&quot;absolute&quot;}\" data-widget_type=\"image.default\">\n\t\t\t\t<div class=\"elementor-widget-container\">\n\t\t\t\t\t\t\t\t\t\t\t\t\t\t\t<img fetchpriority=\"high\" decoding=\"async\" width=\"790\" height=\"549\" src=\"https:\/\/www.lyceefrancaisbilbao.com\/wp-content\/uploads\/2024\/12\/Circle-XXL.webp\" class=\"attachment-large size-large wp-image-4623\" alt=\"\" srcset=\"https:\/\/www.lyceefrancaisbilbao.com\/wp-content\/uploads\/2024\/12\/Circle-XXL.webp 790w, https:\/\/www.lyceefrancaisbilbao.com\/wp-content\/uploads\/2024\/12\/Circle-XXL-300x208.webp 300w, https:\/\/www.lyceefrancaisbilbao.com\/wp-content\/uploads\/2024\/12\/Circle-XXL-768x534.webp 768w\" sizes=\"(max-width: 790px) 100vw, 790px\">\t\t\t\t\t\t\t\t\t\t\t\t\t\t\t<\/div>\n\t\t\t\t<\/div>\n\t\t\t\t<div class=\"elementor-element elementor-element-249041e elementor-invisible elementor-widget elementor-widget-shortcode\" data-id=\"249041e\" data-element_type=\"widget\" data-e-type=\"widget\" data-settings=\"{&quot;_animation&quot;:&quot;slideInDown&quot;}\" data-widget_type=\"shortcode.default\">\n\t\t\t\t<div class=\"elementor-widget-container\">\n\t\t\t\t\t\t\t<div class=\"elementor-shortcode\"><nav aria-label=\"breadcrumbs\" class=\"rank-math-breadcrumb\"><p><span class=\"last\">Home<\/span><\/p><\/nav><\/div>\n\t\t\t\t\t\t<\/div>\n\t\t\t\t<\/div>\n\t\t<div class=\"elementor-element elementor-element-7431807 e-con-full e-flex e-con e-child\" data-id=\"7431807\" data-element_type=\"container\" data-e-type=\"container\">\n\t\t<div class=\"elementor-element elementor-element-2531de6 e-con-full e-flex e-con e-child\" data-id=\"2531de6\" data-element_type=\"container\" data-e-type=\"container\">\n\t\t\t\t<div class=\"elementor-element elementor-element-971ff6f elementor-widget__width-initial elementor-hidden-mobile elementor-invisible elementor-widget elementor-widget-image\" data-id=\"971ff6f\" data-element_type=\"widget\" data-e-type=\"widget\" data-settings=\"{&quot;_animation&quot;:&quot;zoomIn&quot;}\" data-widget_type=\"image.default\">\n\t\t\t\t<div class=\"elementor-widget-container\">\n\t\t\t\t\t\t\t\t\t\t\t\t\t\t\t<img decoding=\"async\" width=\"927\" height=\"846\" src=\"https:\/\/www.lyceefrancaisbilbao.com\/wp-content\/uploads\/2026\/01\/IRENE-_.jpg\" class=\"attachment-full size-full wp-image-6699\" alt=\"\" srcset=\"https:\/\/www.lyceefrancaisbilbao.com\/wp-content\/uploads\/2026\/01\/IRENE-_.jpg 927w, https:\/\/www.lyceefrancaisbilbao.com\/wp-content\/uploads\/2026\/01\/IRENE-_-300x274.jpg 300w, https:\/\/www.lyceefrancaisbilbao.com\/wp-content\/uploads\/2026\/01\/IRENE-_-768x701.jpg 768w\" sizes=\"(max-width: 927px) 100vw, 927px\">\t\t\t\t\t\t\t\t\t\t\t\t\t\t\t<\/div>\n\t\t\t\t<\/div>\n\t\t\t\t<\/div>\n\t\t<div class=\"elementor-element elementor-element-723fd9a e-con-full e-flex elementor-invisible e-con e-child\" data-id=\"723fd9a\" data-element_type=\"container\" data-e-type=\"container\" data-settings=\"{&quot;animation&quot;:&quot;fadeInUp&quot;,&quot;animation_delay&quot;:500}\">\n\t\t\t\t<div class=\"elementor-element elementor-element-d23ae47 elementor-widget__width-initial elementor-widget elementor-widget-text-editor\" data-id=\"d23ae47\" data-element_type=\"widget\" data-e-type=\"widget\" data-widget_type=\"text-editor.default\">\n\t\t\t\t<div class=\"elementor-widget-container\">\n\t\t\t\t\t\t\t\t\t<p>Le bien-\u00eatre de nos \u00e9l\u00e8ves est notre priorit\u00e9. Afin de garantir la s\u00e9curit\u00e9 et la sant\u00e9 de tous, nous disposons d&rsquo;un service infirmier qui prend en charge imm\u00e9diatement toute personne qui en a besoin. <\/p><p>Pr\u00e9sente au centre tous les jours de 9h30 \u00e0 16h30 (le mercredi jusqu\u2019\u00e0 15h30), l\u2019infirmi\u00e8re est charg\u00e9e de prodiguer les premiers soins en cas de maladie ou d\u2019accident, mais aussi de g\u00e9rer les dossiers m\u00e9dicaux des \u00e9l\u00e8ves (allergies, maladies, etc.) et de participer \u00e0 l\u2019\u00e9ducation sanitaire des \u00e9l\u00e8ves. <\/p>\t\t\t\t\t\t\t\t<\/div>\n\t\t\t\t<\/div>\n\t\t\t\t<div class=\"elementor-element elementor-element-7a150e8 elementor-widget elementor-widget-heading\" data-id=\"7a150e8\" data-element_type=\"widget\" data-e-type=\"widget\" data-widget_type=\"heading.default\">\n\t\t\t\t<div class=\"elementor-widget-container\">\n\t\t\t\t\t<h2 class=\"elementor-heading-title elementor-size-default\">Soins et attention<\/h2>\t\t\t\t<\/div>\n\t\t\t\t<\/div>\n\t\t\t\t<div class=\"elementor-element elementor-element-b3d1cde elementor-widget__width-initial elementor-widget elementor-widget-text-editor\" data-id=\"b3d1cde\" data-element_type=\"widget\" data-e-type=\"widget\" data-widget_type=\"text-editor.default\">\n\t\t\t\t<div class=\"elementor-widget-container\">\n\t\t\t\t\t\t\t\t\t<p>Tout \u00e9l\u00e8ve qui se sent indispos\u00e9 se rend \u00e0 l\u2019infirmerie o\u00f9, apr\u00e8s avoir examin\u00e9 la situation, l\u2019infirmi\u00e8re lui prodigue les premiers soins n\u00e9cessaires. Si l\u2019\u00e9l\u00e8ve ne n\u00e9cessite pas de soins suppl\u00e9mentaires, il retourne en classe et l\u2019infirmi\u00e8re en informe la famille. Si un m\u00e9dicament doit \u00eatre administr\u00e9, l\u2019infirmi\u00e8re contacte la famille et ne peut le faire qu\u2019apr\u00e8s avoir re\u00e7u son autorisation.  <\/p><p>Nous voulons que les familles se sentent en s\u00e9curit\u00e9, c\u2019est pourquoi elles peuvent contacter l\u2019infirmi\u00e8re par t\u00e9l\u00e9phone \u00e0 tout moment pendant les heures de classe pour discuter de toute question relative \u00e0 la sant\u00e9 de leur enfant.<\/p>\t\t\t\t\t\t\t\t<\/div>\n\t\t\t\t<\/div>\n\t\t\t\t<div class=\"elementor-element elementor-element-ecc20d9 elementor-widget elementor-widget-heading\" data-id=\"ecc20d9\" data-element_type=\"widget\" data-e-type=\"widget\" data-widget_type=\"heading.default\">\n\t\t\t\t<div class=\"elementor-widget-container\">\n\t\t\t\t\t<h2 class=\"elementor-heading-title elementor-size-default\">Traitements m\u00e9dicaux<\/h2>\t\t\t\t<\/div>\n\t\t\t\t<\/div>\n\t\t\t\t<div class=\"elementor-element elementor-element-7d526dd elementor-widget__width-initial elementor-widget elementor-widget-text-editor\" data-id=\"7d526dd\" data-element_type=\"widget\" data-e-type=\"widget\" data-widget_type=\"text-editor.default\">\n\t\t\t\t<div class=\"elementor-widget-container\">\n\t\t\t\t\t\t\t\t\t<p><span style=\"font-weight: 400;\">Pour les \u00e9l\u00e8ves sous traitement m\u00e9dical ponctuel, l\u2019infirmi\u00e8re se chargera de conserver et d\u2019administrer le traitement \u00e0 condition que les familles fournissent le protocole m\u00e9dical \u00e9labor\u00e9 par le m\u00e9decin de famille. Pour des pathologies m\u00e9dicales plus lourdes ou chroniques, un protocole adapt\u00e9 (PAI) est \u00e9labor\u00e9 avec l\u2019aide de l\u2019infirmi\u00e8re, en concertation avec la famille et son m\u00e9decin traitant. <br><\/span><\/p>\t\t\t\t\t\t\t\t<\/div>\n\t\t\t\t<\/div>\n\t\t\t\t<div class=\"elementor-element elementor-element-ef77d57 elementor-widget elementor-widget-heading\" data-id=\"ef77d57\" data-element_type=\"widget\" data-e-type=\"widget\" data-widget_type=\"heading.default\">\n\t\t\t\t<div class=\"elementor-widget-container\">\n\t\t\t\t\t<h2 class=\"elementor-heading-title elementor-size-default\">\u00c9ducation \u00e0 la sant\u00e9<\/h2>\t\t\t\t<\/div>\n\t\t\t\t<\/div>\n\t\t\t\t<div class=\"elementor-element elementor-element-7cc3144 elementor-widget__width-initial elementor-widget elementor-widget-text-editor\" data-id=\"7cc3144\" data-element_type=\"widget\" data-e-type=\"widget\" data-widget_type=\"text-editor.default\">\n\t\t\t\t<div class=\"elementor-widget-container\">\n\t\t\t\t\t\t\t\t\t<p>Le service de sant\u00e9, en collaboration avec l\u2019\u00e9quipe \u00e9ducative, pourra organiser des conf\u00e9rences et des actions de pr\u00e9vention et de sant\u00e9 dans les salles de classe de l\u2019\u00e9cole. <\/p>\t\t\t\t\t\t\t\t<\/div>\n\t\t\t\t<\/div>\n\t\t\t\t<div class=\"elementor-element elementor-element-c013574 elementor-widget elementor-widget-heading\" data-id=\"c013574\" data-element_type=\"widget\" data-e-type=\"widget\" data-widget_type=\"heading.default\">\n\t\t\t\t<div class=\"elementor-widget-container\">\n\t\t\t\t\t<h2 class=\"elementor-heading-title elementor-size-default\">Vaccins<\/h2>\t\t\t\t<\/div>\n\t\t\t\t<\/div>\n\t\t\t\t<div class=\"elementor-element elementor-element-d75605a elementor-widget__width-initial elementor-widget elementor-widget-text-editor\" data-id=\"d75605a\" data-element_type=\"widget\" data-e-type=\"widget\" data-widget_type=\"text-editor.default\">\n\t\t\t\t<div class=\"elementor-widget-container\">\n\t\t\t\t\t\t\t\t\t<p>Le Service basque de sant\u00e9 (Osakidetza) est charg\u00e9 d\u2019administrer les vaccins aux \u00e9l\u00e8ves de l\u2019\u00e9tablissement. L\u2019infirmi\u00e8re coordonne et organise cette action avec Osakidetza, tout en assurant la liaison avec les familles. L\u2019infirmi\u00e8re coordonne et organise cette action avec Osakidetza, tout en assurant la liaison avec les familles. <\/p>\t\t\t\t\t\t\t\t<\/div>\n\t\t\t\t<\/div>\n\t\t\t\t<\/div>\n\t\t\t\t<\/div>\n\t\t<div class=\"elementor-element elementor-element-0955204 e-con-full e-flex e-con e-child\" data-id=\"0955204\" data-element_type=\"container\" data-e-type=\"container\">\n\t\t<div class=\"elementor-element elementor-element-53961d8 e-con-full e-flex e-con e-child\" data-id=\"53961d8\" data-element_type=\"container\" data-e-type=\"container\">\n\t\t\t\t<\/div>\n\t\t\t\t<\/div>\n\t\t\t\t\t<\/div>\n\t\t\t\t<\/div>\n\t\t\t\t<\/div>\n\t\t","protected":false},"excerpt":{"rendered":"<p>Infirmerie Le bien-\u00eatre de nos \u00e9l\u00e8ves est notre priorit\u00e9. Afin de garantir la s\u00e9curit\u00e9 et la sant\u00e9 de tous, nous disposons d&rsquo;un service infirmier qui prend en charge imm\u00e9diatement toute personne qui en a besoin. Pr\u00e9sente au centre tous les jours de 9h30 \u00e0 16h30 (le mercredi jusqu\u2019\u00e0 15h30), l\u2019infirmi\u00e8re est charg\u00e9e de prodiguer les [&hellip;]<\/p>\n","protected":false},"author":1,"featured_media":0,"parent":4841,"menu_order":0,"comment_status":"closed","ping_status":"closed","template":"","meta":{"footnotes":""},"class_list":["post-4844","page","type-page","status-publish","hentry"],"_links":{"self":[{"href":"https:\/\/www.lyceefrancaisbilbao.com\/fr\/wp-json\/wp\/v2\/pages\/4844","targetHints":{"allow":["GET"]}}],"collection":[{"href":"https:\/\/www.lyceefrancaisbilbao.com\/fr\/wp-json\/wp\/v2\/pages"}],"about":[{"href":"https:\/\/www.lyceefrancaisbilbao.com\/fr\/wp-json\/wp\/v2\/types\/page"}],"author":[{"embeddable":true,"href":"https:\/\/www.lyceefrancaisbilbao.com\/fr\/wp-json\/wp\/v2\/users\/1"}],"replies":[{"embeddable":true,"href":"https:\/\/www.lyceefrancaisbilbao.com\/fr\/wp-json\/wp\/v2\/comments?post=4844"}],"version-history":[{"count":5,"href":"https:\/\/www.lyceefrancaisbilbao.com\/fr\/wp-json\/wp\/v2\/pages\/4844\/revisions"}],"predecessor-version":[{"id":7502,"href":"https:\/\/www.lyceefrancaisbilbao.com\/fr\/wp-json\/wp\/v2\/pages\/4844\/revisions\/7502"}],"up":[{"embeddable":true,"href":"https:\/\/www.lyceefrancaisbilbao.com\/fr\/wp-json\/wp\/v2\/pages\/4841"}],"wp:attachment":[{"href":"https:\/\/www.lyceefrancaisbilbao.com\/fr\/wp-json\/wp\/v2\/media?parent=4844"}],"curies":[{"name":"wp","href":"https:\/\/api.w.org\/{rel}","templated":true}]}}