{"id":4842,"date":"2025-02-28T16:56:07","date_gmt":"2025-02-28T16:56:07","guid":{"rendered":"https:\/\/www.lyceefrancaisbilbao.com\/projet-educatif\/protection-de-leleve\/conseillere-principale-deducation\/"},"modified":"2025-11-23T09:38:35","modified_gmt":"2025-11-23T09:38:35","slug":"conseillere-principale-deducation","status":"publish","type":"page","link":"https:\/\/www.lyceefrancaisbilbao.com\/fr\/projet-educatif\/protection-de-leleve\/conseillere-principale-deducation\/","title":{"rendered":"Conseill\u00e8re principale d&rsquo;\u00e9ducation"},"content":{"rendered":"\t\t<div data-elementor-type=\"wp-page\" data-elementor-id=\"4842\" class=\"elementor elementor-4842 elementor-3274\" data-elementor-post-type=\"page\">\n\t\t\t\t<div class=\"elementor-element elementor-element-0889b3f e-flex e-con-boxed e-con e-parent\" data-id=\"0889b3f\" data-element_type=\"container\" data-e-type=\"container\" data-settings=\"{&quot;background_background&quot;:&quot;classic&quot;}\">\n\t\t\t\t\t<div class=\"e-con-inner\">\n\t\t\t\t<div class=\"elementor-element elementor-element-1ccf513 elementor-invisible elementor-widget elementor-widget-heading\" data-id=\"1ccf513\" data-element_type=\"widget\" data-e-type=\"widget\" data-settings=\"{&quot;_animation&quot;:&quot;fadeInUp&quot;}\" data-widget_type=\"heading.default\">\n\t\t\t\t<div class=\"elementor-widget-container\">\n\t\t\t\t\t<h1 class=\"elementor-heading-title elementor-size-default\">Conseill\u00e8re principale d'\u00e9ducation<\/h1>\t\t\t\t<\/div>\n\t\t\t\t<\/div>\n\t\t\t\t\t<\/div>\n\t\t\t\t<\/div>\n\t\t<div class=\"elementor-element elementor-element-d2bdaeb e-flex e-con-boxed e-con e-parent\" data-id=\"d2bdaeb\" data-element_type=\"container\" data-e-type=\"container\" data-settings=\"{&quot;background_background&quot;:&quot;classic&quot;}\">\n\t\t\t\t\t<div class=\"e-con-inner\">\n\t\t\t\t<div class=\"elementor-element elementor-element-9df99d4 elementor-widget-tablet__width-inherit elementor-absolute elementor-widget elementor-widget-image\" data-id=\"9df99d4\" data-element_type=\"widget\" data-e-type=\"widget\" data-settings=\"{&quot;_position&quot;:&quot;absolute&quot;}\" data-widget_type=\"image.default\">\n\t\t\t\t<div class=\"elementor-widget-container\">\n\t\t\t\t\t\t\t\t\t\t\t\t\t\t\t<img fetchpriority=\"high\" decoding=\"async\" width=\"790\" height=\"549\" src=\"https:\/\/www.lyceefrancaisbilbao.com\/wp-content\/uploads\/2024\/12\/Circle-XXL.webp\" class=\"attachment-large size-large wp-image-4623\" alt=\"\" srcset=\"https:\/\/www.lyceefrancaisbilbao.com\/wp-content\/uploads\/2024\/12\/Circle-XXL.webp 790w, https:\/\/www.lyceefrancaisbilbao.com\/wp-content\/uploads\/2024\/12\/Circle-XXL-300x208.webp 300w, https:\/\/www.lyceefrancaisbilbao.com\/wp-content\/uploads\/2024\/12\/Circle-XXL-768x534.webp 768w\" sizes=\"(max-width: 790px) 100vw, 790px\">\t\t\t\t\t\t\t\t\t\t\t\t\t\t\t<\/div>\n\t\t\t\t<\/div>\n\t\t\t\t<div class=\"elementor-element elementor-element-249041e elementor-invisible elementor-widget elementor-widget-shortcode\" data-id=\"249041e\" data-element_type=\"widget\" data-e-type=\"widget\" data-settings=\"{&quot;_animation&quot;:&quot;slideInDown&quot;}\" data-widget_type=\"shortcode.default\">\n\t\t\t\t<div class=\"elementor-widget-container\">\n\t\t\t\t\t\t\t<div class=\"elementor-shortcode\"><nav aria-label=\"breadcrumbs\" class=\"rank-math-breadcrumb\"><p><span class=\"last\">Home<\/span><\/p><\/nav><\/div>\n\t\t\t\t\t\t<\/div>\n\t\t\t\t<\/div>\n\t\t<div class=\"elementor-element elementor-element-7431807 e-con-full e-flex e-con e-child\" data-id=\"7431807\" data-element_type=\"container\" data-e-type=\"container\">\n\t\t<div class=\"elementor-element elementor-element-2531de6 e-con-full e-flex e-con e-child\" data-id=\"2531de6\" data-element_type=\"container\" data-e-type=\"container\">\n\t\t\t\t<div class=\"elementor-element elementor-element-971ff6f elementor-widget__width-initial elementor-hidden-mobile elementor-invisible elementor-widget elementor-widget-image\" data-id=\"971ff6f\" data-element_type=\"widget\" data-e-type=\"widget\" data-settings=\"{&quot;_animation&quot;:&quot;zoomIn&quot;}\" data-widget_type=\"image.default\">\n\t\t\t\t<div class=\"elementor-widget-container\">\n\t\t\t\t\t\t\t\t\t\t\t\t\t\t\t<img decoding=\"async\" width=\"300\" height=\"300\" src=\"https:\/\/www.lyceefrancaisbilbao.com\/wp-content\/uploads\/2025\/02\/Severine-Accoumeigt.webp\" class=\"attachment-full size-full wp-image-4687\" alt=\"S\u00e9verine \u2028Accoumeigt\" srcset=\"https:\/\/www.lyceefrancaisbilbao.com\/wp-content\/uploads\/2025\/02\/Severine-Accoumeigt.webp 300w, https:\/\/www.lyceefrancaisbilbao.com\/wp-content\/uploads\/2025\/02\/Severine-Accoumeigt-150x150.webp 150w\" sizes=\"(max-width: 300px) 100vw, 300px\" \/>\t\t\t\t\t\t\t\t\t\t\t\t\t\t\t<\/div>\n\t\t\t\t<\/div>\n\t\t\t\t<\/div>\n\t\t<div class=\"elementor-element elementor-element-723fd9a e-con-full e-flex elementor-invisible e-con e-child\" data-id=\"723fd9a\" data-element_type=\"container\" data-e-type=\"container\" data-settings=\"{&quot;animation&quot;:&quot;fadeInUp&quot;,&quot;animation_delay&quot;:700}\">\n\t\t\t\t<div class=\"elementor-element elementor-element-ba213cb elementor-widget elementor-widget-heading\" data-id=\"ba213cb\" data-element_type=\"widget\" data-e-type=\"widget\" data-widget_type=\"heading.default\">\n\t\t\t\t<div class=\"elementor-widget-container\">\n\t\t\t\t\t<h2 class=\"elementor-heading-title elementor-size-default\">La Consejera Principal de Educaci\u00f3n - CPE<\/h2>\t\t\t\t<\/div>\n\t\t\t\t<\/div>\n\t\t\t\t<div class=\"elementor-element elementor-element-d23ae47 elementor-widget__width-initial elementor-widget elementor-widget-text-editor\" data-id=\"d23ae47\" data-element_type=\"widget\" data-e-type=\"widget\" data-widget_type=\"text-editor.default\">\n\t\t\t\t<div class=\"elementor-widget-container\">\n\t\t\t\t\t\t\t\t\t<p><span class=\"et_pb_fullwidth_header_subhead\">En tant que membre \u00e0 part enti\u00e8re de l&rsquo;\u00e9quipe \u00e9ducative, la conseill\u00e8re principale d&rsquo;\u00e9ducation conseille l&rsquo;ensemble de la communaut\u00e9 \u00e9ducative et promeut la politique \u00e9ducative de l&rsquo;\u00e9tablissement afin d&rsquo;offrir aux adolescents les meilleures conditions individuelles et collectives possibles pour leur \u00e9panouissement personnel.<br><\/span><\/p>\t\t\t\t\t\t\t\t<\/div>\n\t\t\t\t<\/div>\n\t\t\t\t<div class=\"elementor-element elementor-element-7a150e8 elementor-widget elementor-widget-heading\" data-id=\"7a150e8\" data-element_type=\"widget\" data-e-type=\"widget\" data-widget_type=\"heading.default\">\n\t\t\t\t<div class=\"elementor-widget-container\">\n\t\t\t\t\t<p class=\"elementor-heading-title elementor-size-default\">Quelles sont ses fonctions ?<\/p>\t\t\t\t<\/div>\n\t\t\t\t<\/div>\n\t\t\t\t<div class=\"elementor-element elementor-element-b3d1cde elementor-widget__width-initial elementor-widget elementor-widget-text-editor\" data-id=\"b3d1cde\" data-element_type=\"widget\" data-e-type=\"widget\" data-widget_type=\"text-editor.default\">\n\t\t\t\t<div class=\"elementor-widget-container\">\n\t\t\t\t\t\t\t\t\t<p>La conseill\u00e8re principale d&rsquo;\u00e9ducation fonde son travail sur la connaissance de la situation individuelle et collective des \u00e9l\u00e8ves et contribue activement \u00e0 d\u00e9finir la politique \u00e9ducative de l&rsquo;\u00e9cole, au plus pr\u00e8s des r\u00e9alit\u00e9s scolaires et sociales. Comme tous les membres de la communaut\u00e9 \u00e9ducative, elle contribue \u00e0 clarifier, comprendre et accepter les r\u00e8gles de vie et les r\u00e8gles juridiques en vigueur \u00e0 l&rsquo;\u00e9cole. <\/p><p>Elle conseille l&rsquo;ensemble de la communaut\u00e9 \u00e9ducative et promeut la politique \u00e9ducative de l&rsquo;\u00e9tablissement : <\/p><ul><li>En organisant les conditions de vie des \u00e9l\u00e8ves dans l&rsquo;\u00e9tablissement, leur s\u00e9curit\u00e9, la qualit\u00e9 de l&rsquo;organisation et la gestion du temps.<\/li><li>En<strong> collaborant <\/strong>avec le reste du personnel pour garantir le respect des r\u00e8gles de vie commune et du droit dans l&rsquo;\u00e9tablissement scolaire<\/li><li><p>En <strong>promouvant<\/strong> et en<strong> coordonnant <\/strong>l&rsquo;aspect \u00e9ducatif du projet scolaire.<\/p><\/li><li><p>En <strong>assumant la responsabilit\u00e9<\/strong> d&rsquo;organiser et de diriger l&rsquo;\u00e9quipe charg\u00e9e de la vie scolaire.<\/p><\/li><\/ul><p>Elle joue un r\u00f4le actif dans le soutien \u00e0 la formation \u00e9ducative des \u00e9l\u00e8ves<\/p><ul><li>en <strong>accompagnant<\/strong> leur parcours tant sur le plan \u00e9ducatif que p\u00e9dagogique,<\/li><li>notamment dans leur formation \u00e0 une citoyennet\u00e9 active.<br><\/li><li><p>En <strong>participant<\/strong> \u00e0 la construction des projets professionnels des \u00e9l\u00e8ves<\/p><\/li><\/ul>\t\t\t\t\t\t\t\t<\/div>\n\t\t\t\t<\/div>\n\t\t\t\t<\/div>\n\t\t\t\t<\/div>\n\t\t<div class=\"elementor-element elementor-element-0955204 e-con-full e-flex e-con e-child\" data-id=\"0955204\" data-element_type=\"container\" data-e-type=\"container\">\n\t\t<div class=\"elementor-element elementor-element-53961d8 e-con-full e-flex e-con e-child\" data-id=\"53961d8\" data-element_type=\"container\" data-e-type=\"container\">\n\t\t\t\t<\/div>\n\t\t\t\t<\/div>\n\t\t\t\t\t<\/div>\n\t\t\t\t<\/div>\n\t\t\t\t<\/div>\n\t\t","protected":false},"excerpt":{"rendered":"<p>Conseill\u00e8re principale d&rsquo;\u00e9ducation La Consejera Principal de Educaci\u00f3n &#8211; CPE En tant que membre \u00e0 part enti\u00e8re de l&rsquo;\u00e9quipe \u00e9ducative, la conseill\u00e8re principale d&rsquo;\u00e9ducation conseille l&rsquo;ensemble de la communaut\u00e9 \u00e9ducative et promeut la politique \u00e9ducative de l&rsquo;\u00e9tablissement afin d&rsquo;offrir aux adolescents les meilleures conditions individuelles et collectives possibles pour leur \u00e9panouissement personnel. Quelles sont ses [&hellip;]<\/p>\n","protected":false},"author":1,"featured_media":0,"parent":4841,"menu_order":0,"comment_status":"closed","ping_status":"closed","template":"","meta":{"footnotes":""},"class_list":["post-4842","page","type-page","status-publish","hentry"],"_links":{"self":[{"href":"https:\/\/www.lyceefrancaisbilbao.com\/fr\/wp-json\/wp\/v2\/pages\/4842","targetHints":{"allow":["GET"]}}],"collection":[{"href":"https:\/\/www.lyceefrancaisbilbao.com\/fr\/wp-json\/wp\/v2\/pages"}],"about":[{"href":"https:\/\/www.lyceefrancaisbilbao.com\/fr\/wp-json\/wp\/v2\/types\/page"}],"author":[{"embeddable":true,"href":"https:\/\/www.lyceefrancaisbilbao.com\/fr\/wp-json\/wp\/v2\/users\/1"}],"replies":[{"embeddable":true,"href":"https:\/\/www.lyceefrancaisbilbao.com\/fr\/wp-json\/wp\/v2\/comments?post=4842"}],"version-history":[{"count":2,"href":"https:\/\/www.lyceefrancaisbilbao.com\/fr\/wp-json\/wp\/v2\/pages\/4842\/revisions"}],"predecessor-version":[{"id":5480,"href":"https:\/\/www.lyceefrancaisbilbao.com\/fr\/wp-json\/wp\/v2\/pages\/4842\/revisions\/5480"}],"up":[{"embeddable":true,"href":"https:\/\/www.lyceefrancaisbilbao.com\/fr\/wp-json\/wp\/v2\/pages\/4841"}],"wp:attachment":[{"href":"https:\/\/www.lyceefrancaisbilbao.com\/fr\/wp-json\/wp\/v2\/media?parent=4842"}],"curies":[{"name":"wp","href":"https:\/\/api.w.org\/{rel}","templated":true}]}}