{"id":4837,"date":"2025-02-27T17:43:38","date_gmt":"2025-02-27T17:43:38","guid":{"rendered":"https:\/\/www.lyceefrancaisbilbao.com\/projet-educatif\/programme-anglais-europeen\/"},"modified":"2025-12-09T10:24:58","modified_gmt":"2025-12-09T10:24:58","slug":"programme-anglais-europeen","status":"publish","type":"page","link":"https:\/\/www.lyceefrancaisbilbao.com\/fr\/projet-educatif\/programme-anglais-europeen\/","title":{"rendered":"Programme anglais europ\u00e9en"},"content":{"rendered":"\t\t<div data-elementor-type=\"wp-page\" data-elementor-id=\"4837\" class=\"elementor elementor-4837 elementor-3112\" data-elementor-post-type=\"page\">\n\t\t\t\t<div class=\"elementor-element elementor-element-b21edda e-flex e-con-boxed e-con e-parent\" data-id=\"b21edda\" data-element_type=\"container\" data-e-type=\"container\" data-settings=\"{&quot;background_background&quot;:&quot;classic&quot;}\">\n\t\t\t\t\t<div class=\"e-con-inner\">\n\t\t\t\t<div class=\"elementor-element elementor-element-95af377 elementor-invisible elementor-widget elementor-widget-heading\" data-id=\"95af377\" data-element_type=\"widget\" data-e-type=\"widget\" data-settings=\"{&quot;_animation&quot;:&quot;fadeInUp&quot;}\" data-widget_type=\"heading.default\">\n\t\t\t\t<div class=\"elementor-widget-container\">\n\t\t\t\t\t<h1 class=\"elementor-heading-title elementor-size-default\">Programme anglais europ\u00e9en<\/h1>\t\t\t\t<\/div>\n\t\t\t\t<\/div>\n\t\t\t\t<div class=\"elementor-element elementor-element-3020ce2 elementor-invisible elementor-widget elementor-widget-heading\" data-id=\"3020ce2\" data-element_type=\"widget\" data-e-type=\"widget\" data-settings=\"{&quot;_animation&quot;:&quot;fadeInUp&quot;,&quot;_animation_delay&quot;:400}\" data-widget_type=\"heading.default\">\n\t\t\t\t<div class=\"elementor-widget-container\">\n\t\t\t\t\t<h2 class=\"elementor-heading-title elementor-size-default\">L'anglais fait partie int\u00e9grante de notre identit\u00e9<\/h2>\t\t\t\t<\/div>\n\t\t\t\t<\/div>\n\t\t\t\t\t<\/div>\n\t\t\t\t<\/div>\n\t\t<div class=\"elementor-element elementor-element-99bb9cc e-flex e-con-boxed e-con e-parent\" data-id=\"99bb9cc\" data-element_type=\"container\" data-e-type=\"container\" data-settings=\"{&quot;background_background&quot;:&quot;classic&quot;}\">\n\t\t\t\t\t<div class=\"e-con-inner\">\n\t\t\t\t<div class=\"elementor-element elementor-element-3038dfb elementor-widget elementor-widget-shortcode\" data-id=\"3038dfb\" data-element_type=\"widget\" data-e-type=\"widget\" data-widget_type=\"shortcode.default\">\n\t\t\t\t<div class=\"elementor-widget-container\">\n\t\t\t\t\t\t\t<div class=\"elementor-shortcode\"><nav aria-label=\"breadcrumbs\" class=\"rank-math-breadcrumb\"><p><span class=\"last\">Home<\/span><\/p><\/nav><\/div>\n\t\t\t\t\t\t<\/div>\n\t\t\t\t<\/div>\n\t\t<div class=\"elementor-element elementor-element-37cacf3 e-con-full e-flex e-con e-child\" data-id=\"37cacf3\" data-element_type=\"container\" data-e-type=\"container\">\n\t\t<div class=\"elementor-element elementor-element-9c74107 e-con-full e-flex elementor-invisible e-con e-child\" data-id=\"9c74107\" data-element_type=\"container\" data-e-type=\"container\" data-settings=\"{&quot;animation&quot;:&quot;fadeInUp&quot;}\">\n\t\t\t\t<div class=\"elementor-element elementor-element-b46ec22 elementor-widget elementor-widget-image\" data-id=\"b46ec22\" data-element_type=\"widget\" data-e-type=\"widget\" data-widget_type=\"image.default\">\n\t\t\t\t<div class=\"elementor-widget-container\">\n\t\t\t\t\t\t\t\t\t\t\t\t\t\t\t<img fetchpriority=\"high\" decoding=\"async\" width=\"800\" height=\"209\" src=\"https:\/\/www.lyceefrancaisbilbao.com\/wp-content\/uploads\/2025\/02\/PARLE_LOGODEROULEAEFE_LOGO_RVB-1024x268.webp\" class=\"attachment-large size-large wp-image-4839\" alt=\"PARLE LOGO DEROULE AEFE LOGO RVB\" srcset=\"https:\/\/www.lyceefrancaisbilbao.com\/wp-content\/uploads\/2025\/02\/PARLE_LOGODEROULEAEFE_LOGO_RVB-1024x268.webp 1024w, https:\/\/www.lyceefrancaisbilbao.com\/wp-content\/uploads\/2025\/02\/PARLE_LOGODEROULEAEFE_LOGO_RVB-300x78.webp 300w, https:\/\/www.lyceefrancaisbilbao.com\/wp-content\/uploads\/2025\/02\/PARLE_LOGODEROULEAEFE_LOGO_RVB-768x201.webp 768w, https:\/\/www.lyceefrancaisbilbao.com\/wp-content\/uploads\/2025\/02\/PARLE_LOGODEROULEAEFE_LOGO_RVB-1536x402.webp 1536w, https:\/\/www.lyceefrancaisbilbao.com\/wp-content\/uploads\/2025\/02\/PARLE_LOGODEROULEAEFE_LOGO_RVB.webp 1920w\" sizes=\"(max-width: 800px) 100vw, 800px\" \/>\t\t\t\t\t\t\t\t\t\t\t\t\t\t\t<\/div>\n\t\t\t\t<\/div>\n\t\t\t\t<div class=\"elementor-element elementor-element-8c99214 elementor-widget elementor-widget-text-editor\" data-id=\"8c99214\" data-element_type=\"widget\" data-e-type=\"widget\" data-widget_type=\"text-editor.default\">\n\t\t\t\t<div class=\"elementor-widget-container\">\n\t\t\t\t\t\t\t\t\t<div class=\"et_pb_row et_pb_row_0\"><div class=\"et_pb_column et_pb_column_3_5 et_pb_column_0 et_pb_css_mix_blend_mode_passthrough\"><div class=\"et_pb_module et_pb_text et_pb_text_0 et_pb_text_align_left et_pb_bg_layout_light\"><div class=\"et_pb_text_inner\"><p>Nous sommes un lyc\u00e9e fran\u00e7ais, mais nous sommes bien plus que cela. Nos \u00e9l\u00e8ves sont plong\u00e9s dans un environnement international et quadrilingue, o\u00f9 l&rsquo;anglais est parl\u00e9 et enseign\u00e9 d\u00e8s le plus jeune \u00e2ge. <\/p><h3><strong>Comment cette immersion se d\u00e9roule-t-elle ? Comment nos professeurs parviennent-ils \u00e0 faire ma\u00eetriser l&rsquo;anglais \u00e0 nos \u00e9l\u00e8ves ?  <\/strong><\/h3><\/div><\/div><\/div><\/div><div class=\"et_pb_row et_pb_row_1\"><div class=\"et_pb_column et_pb_column_4_4 et_pb_column_2 et_pb_css_mix_blend_mode_passthrough et-last-child\"><div class=\"et_pb_module et_pb_text et_pb_text_1 et_pb_text_align_left et_pb_bg_layout_light\"><div class=\"et_pb_text_inner\"><p>L&rsquo;anglais fait partie int\u00e9grante de notre identit\u00e9, de nos valeurs et de la mani\u00e8re dont nous voulons soutenir nos \u00e9l\u00e8ves.<\/p><p>Nous veillons \u00e0 ce que la langue soit enseign\u00e9e de multiples fa\u00e7ons et adapt\u00e9e \u00e0 la personnalit\u00e9 de chaque \u00e9l\u00e8ve. \u00c0 travers les t\u00e2ches quotidiennes, les jeux, l&rsquo;art, la litt\u00e9rature, le sport et bien d&rsquo;autres activit\u00e9s, nos \u00e9l\u00e8ves progressent en anglais.  <\/p><p>Notre programme d&rsquo;anglais europ\u00e9en, lanc\u00e9 en septembre 2023, est choisi par plus de 80 % des \u00e9l\u00e8ves de l&rsquo;\u00e9cole. Il propose des cours semestriels d&rsquo;histoire-g\u00e9ographie et de math\u00e9matiques en anglais, de la 6e \u00e0 la 2e.  <\/p><p>L&rsquo;AEFE (Agence pour l&rsquo;enseignement fran\u00e7ais \u00e0 l&rsquo;\u00e9tranger) a d\u00e9cern\u00e9 au programme d&rsquo;anglais europ\u00e9en la distinction PARLE, qui r\u00e9compense les programmes renforc\u00e9s de langues vivantes.<\/p><p>Au lyc\u00e9e, la scolarisation dans la section europ\u00e9enne permet aux candidats au baccalaur\u00e9at de passer une \u00e9valuation sp\u00e9cifique, en vue d&rsquo;obtenir la mention sp\u00e9cifique \u00ab section europ\u00e9enne \u00bb ANGLAIS sur leur dipl\u00f4me de fin d&rsquo;\u00e9tudes secondaires.<\/p><\/div><\/div><\/div><\/div>\t\t\t\t\t\t\t\t<\/div>\n\t\t\t\t<\/div>\n\t\t\t\t<\/div>\n\t\t<div class=\"elementor-element elementor-element-bb19499 e-con-full e-flex elementor-invisible e-con e-child\" data-id=\"bb19499\" data-element_type=\"container\" data-e-type=\"container\" data-settings=\"{&quot;animation&quot;:&quot;fadeInUp&quot;,&quot;animation_delay&quot;:700}\">\n\t\t\t\t<div class=\"elementor-element elementor-element-3960172 elementor-widget elementor-widget-html\" data-id=\"3960172\" data-element_type=\"widget\" data-e-type=\"widget\" data-widget_type=\"html.default\">\n\t\t\t\t<div class=\"elementor-widget-container\">\n\t\t\t\t\t<iframe src=\"https:\/\/drive.google.com\/file\/d\/1F8bcDyy12GpsPdVbCXLJI-Y9B4Opx2Tp\/preview\" width=\"640\" height=\"750\" allow=\"autoplay\" style=\"max-width: 100%; max-height: 694px;\"><\/iframe>\t\t\t\t<\/div>\n\t\t\t\t<\/div>\n\t\t\t\t<\/div>\n\t\t\t\t<\/div>\n\t\t\t\t\t<\/div>\n\t\t\t\t<\/div>\n\t\t\t\t<\/div>\n\t\t","protected":false},"excerpt":{"rendered":"<p>Programme anglais europ\u00e9en L&rsquo;anglais fait partie int\u00e9grante de notre identit\u00e9 Nous sommes un lyc\u00e9e fran\u00e7ais, mais nous sommes bien plus que cela. Nos \u00e9l\u00e8ves sont plong\u00e9s dans un environnement international et quadrilingue, o\u00f9 l&rsquo;anglais est parl\u00e9 et enseign\u00e9 d\u00e8s le plus jeune \u00e2ge. Comment cette immersion se d\u00e9roule-t-elle ? Comment nos professeurs parviennent-ils \u00e0 faire [&hellip;]<\/p>\n","protected":false},"author":1,"featured_media":0,"parent":4749,"menu_order":0,"comment_status":"closed","ping_status":"closed","template":"","meta":{"footnotes":""},"class_list":["post-4837","page","type-page","status-publish","hentry"],"_links":{"self":[{"href":"https:\/\/www.lyceefrancaisbilbao.com\/fr\/wp-json\/wp\/v2\/pages\/4837","targetHints":{"allow":["GET"]}}],"collection":[{"href":"https:\/\/www.lyceefrancaisbilbao.com\/fr\/wp-json\/wp\/v2\/pages"}],"about":[{"href":"https:\/\/www.lyceefrancaisbilbao.com\/fr\/wp-json\/wp\/v2\/types\/page"}],"author":[{"embeddable":true,"href":"https:\/\/www.lyceefrancaisbilbao.com\/fr\/wp-json\/wp\/v2\/users\/1"}],"replies":[{"embeddable":true,"href":"https:\/\/www.lyceefrancaisbilbao.com\/fr\/wp-json\/wp\/v2\/comments?post=4837"}],"version-history":[{"count":2,"href":"https:\/\/www.lyceefrancaisbilbao.com\/fr\/wp-json\/wp\/v2\/pages\/4837\/revisions"}],"predecessor-version":[{"id":5468,"href":"https:\/\/www.lyceefrancaisbilbao.com\/fr\/wp-json\/wp\/v2\/pages\/4837\/revisions\/5468"}],"up":[{"embeddable":true,"href":"https:\/\/www.lyceefrancaisbilbao.com\/fr\/wp-json\/wp\/v2\/pages\/4749"}],"wp:attachment":[{"href":"https:\/\/www.lyceefrancaisbilbao.com\/fr\/wp-json\/wp\/v2\/media?parent=4837"}],"curies":[{"name":"wp","href":"https:\/\/api.w.org\/{rel}","templated":true}]}}