{"id":4831,"date":"2025-02-28T10:40:50","date_gmt":"2025-02-28T10:40:50","guid":{"rendered":"https:\/\/www.lyceefrancaisbilbao.com\/projet-educatif\/la-classe-des-2-ans-tps\/"},"modified":"2026-03-12T07:25:12","modified_gmt":"2026-03-12T07:25:12","slug":"la-classe-des-2-ans-tps","status":"publish","type":"page","link":"https:\/\/www.lyceefrancaisbilbao.com\/fr\/projet-educatif\/la-classe-des-2-ans-tps\/","title":{"rendered":"La classe des 2 ans (TPS)"},"content":{"rendered":"\t\t<div data-elementor-type=\"wp-page\" data-elementor-id=\"4831\" class=\"elementor elementor-4831 elementor-3172\" data-elementor-post-type=\"page\">\n\t\t\t\t<div class=\"elementor-element elementor-element-b21edda e-flex e-con-boxed e-con e-parent\" data-id=\"b21edda\" data-element_type=\"container\" data-e-type=\"container\" data-settings=\"{&quot;background_background&quot;:&quot;classic&quot;}\">\n\t\t\t\t\t<div class=\"e-con-inner\">\n\t\t\t\t<div class=\"elementor-element elementor-element-95af377 elementor-invisible elementor-widget elementor-widget-heading\" data-id=\"95af377\" data-element_type=\"widget\" data-e-type=\"widget\" data-settings=\"{&quot;_animation&quot;:&quot;fadeInUp&quot;}\" data-widget_type=\"heading.default\">\n\t\t\t\t<div class=\"elementor-widget-container\">\n\t\t\t\t\t<h1 class=\"elementor-heading-title elementor-size-default\">La classe des 2 ans (TPS)<\/h1>\t\t\t\t<\/div>\n\t\t\t\t<\/div>\n\t\t\t\t<div class=\"elementor-element elementor-element-3020ce2 elementor-invisible elementor-widget elementor-widget-heading\" data-id=\"3020ce2\" data-element_type=\"widget\" data-e-type=\"widget\" data-settings=\"{&quot;_animation&quot;:&quot;fadeInUp&quot;,&quot;_animation_delay&quot;:400}\" data-widget_type=\"heading.default\">\n\t\t\t\t<div class=\"elementor-widget-container\">\n\t\t\t\t\t<h2 class=\"elementor-heading-title elementor-size-default\">Un moment d\u00e9cisif dans la vie d\u2019un enfant de 2 ans est son entr\u00e9e \u00e0 l\u2019\u00e9cole maternelle<\/h2>\t\t\t\t<\/div>\n\t\t\t\t<\/div>\n\t\t\t\t\t<\/div>\n\t\t\t\t<\/div>\n\t\t<div class=\"elementor-element elementor-element-99bb9cc e-flex e-con-boxed e-con e-parent\" data-id=\"99bb9cc\" data-element_type=\"container\" data-e-type=\"container\" data-settings=\"{&quot;background_background&quot;:&quot;classic&quot;}\">\n\t\t\t\t\t<div class=\"e-con-inner\">\n\t\t\t\t<div class=\"elementor-element elementor-element-3038dfb elementor-invisible elementor-widget elementor-widget-shortcode\" data-id=\"3038dfb\" data-element_type=\"widget\" data-e-type=\"widget\" data-settings=\"{&quot;_animation&quot;:&quot;slideInDown&quot;}\" data-widget_type=\"shortcode.default\">\n\t\t\t\t<div class=\"elementor-widget-container\">\n\t\t\t\t\t\t\t<div class=\"elementor-shortcode\"><nav aria-label=\"breadcrumbs\" class=\"rank-math-breadcrumb\"><p><span class=\"last\">Home<\/span><\/p><\/nav><\/div>\n\t\t\t\t\t\t<\/div>\n\t\t\t\t<\/div>\n\t\t\t\t<div class=\"elementor-element elementor-element-ecf7fa1 elementor-invisible elementor-widget elementor-widget-text-editor\" data-id=\"ecf7fa1\" data-element_type=\"widget\" data-e-type=\"widget\" data-settings=\"{&quot;_animation&quot;:&quot;fadeIn&quot;}\" data-widget_type=\"text-editor.default\">\n\t\t\t\t<div class=\"elementor-widget-container\">\n\t\t\t\t\t\t\t\t\tC\u2019est le d\u00e9but d\u2019un voyage au sein d\u2019une nouvelle communaut\u00e9, celle de l\u2019\u00e9ducation, dans laquelle il construit des rep\u00e8res \u00e9motionnels, sociaux, spatiaux et temporels. \t\t\t\t\t\t\t\t<\/div>\n\t\t\t\t<\/div>\n\t\t<div class=\"elementor-element elementor-element-37cacf3 e-con-full e-flex e-con e-child\" data-id=\"37cacf3\" data-element_type=\"container\" data-e-type=\"container\">\n\t\t<div class=\"elementor-element elementor-element-9c74107 e-con-full e-flex elementor-invisible e-con e-child\" data-id=\"9c74107\" data-element_type=\"container\" data-e-type=\"container\" data-settings=\"{&quot;animation&quot;:&quot;fadeInUp&quot;}\">\n\t\t\t\t<div class=\"elementor-element elementor-element-8c99214 elementor-widget elementor-widget-text-editor\" data-id=\"8c99214\" data-element_type=\"widget\" data-e-type=\"widget\" data-widget_type=\"text-editor.default\">\n\t\t\t\t<div class=\"elementor-widget-container\">\n\t\t\t\t\t\t\t\t\t<h3>Un projet p\u00e9dagogique et \u00e9ducatif sp\u00e9cifique<\/h3><p>Afin de garantir le succ\u00e8s de l\u2019accueil de ces jeunes \u00e9l\u00e8ves, des professionnels qualifi\u00e9s (un enseignant et une assistante) ont \u00e9labor\u00e9 un projet p\u00e9dagogique et \u00e9ducatif sp\u00e9cifique, enti\u00e8rement d\u00e9di\u00e9 au bien-\u00eatre \u00e9motionnel et social des enfants.<\/p><h3>Des espaces con\u00e7us et adapt\u00e9s aux enfants de deux ans<\/h3><p>Au Lyc\u00e9e Fran\u00e7ais de Bilbao, notre personnel leur accorde une attention constante car ils ont des besoins et des modes d\u2019apprentissage sp\u00e9cifiques. Des espaces con\u00e7us et adapt\u00e9s \u00e0 l\u2019\u00e2ge des enfants cr\u00e9ent un environnement id\u00e9al pour permettre leur d\u00e9veloppement et r\u00e9unissent toutes les conditions n\u00e9cessaires pour garantir le d\u00e9but de l\u2019apprentissage. <\/p><h3>Du langage oral \u00e0 l&rsquo;\u00e9crit<\/h3><p>Avec les enfants de moins de trois ans, les activit\u00e9s linguistiques se d\u00e9roulent toujours dans le cadre d\u2019une interaction individuelle avec l\u2019adulte au sein d\u2019un groupe tr\u00e8s r\u00e9duit, par la r\u00e9p\u00e9tition et la mise en place de routines. D\u00e8s le plus jeune \u00e2ge, la parole n\u00e9cessite une s\u00e9curit\u00e9 \u00e9motionnelle et une relation bas\u00e9e sur la confiance. <\/p>\t\t\t\t\t\t\t\t<\/div>\n\t\t\t\t<\/div>\n\t\t\t\t<\/div>\n\t\t<div class=\"elementor-element elementor-element-bb19499 e-con-full e-flex elementor-invisible e-con e-child\" data-id=\"bb19499\" data-element_type=\"container\" data-e-type=\"container\" data-settings=\"{&quot;animation&quot;:&quot;fadeInUp&quot;,&quot;animation_delay&quot;:1000}\">\n\t\t\t\t<div class=\"elementor-element elementor-element-3960172 elementor-widget elementor-widget-html\" data-id=\"3960172\" data-element_type=\"widget\" data-e-type=\"widget\" data-widget_type=\"html.default\">\n\t\t\t\t<div class=\"elementor-widget-container\">\n\t\t\t\t\t<iframe src=\"https:\/\/drive.google.com\/file\/d\/1hNAybV7fuciEscYvKwT6TzUQKl8uOqgL\/preview\" width=\"640\" height=\"480\" allow=\"autoplay\" style=\"max-width: 100%; max-height: 646px;\"><\/iframe>\t\t\t\t<\/div>\n\t\t\t\t<\/div>\n\t\t\t\t<\/div>\n\t\t\t\t<\/div>\n\t\t\t\t\t<\/div>\n\t\t\t\t<\/div>\n\t\t\t\t<\/div>\n\t\t","protected":false},"excerpt":{"rendered":"<p>La classe des 2 ans (TPS) Un moment d\u00e9cisif dans la vie d\u2019un enfant de 2 ans est son entr\u00e9e \u00e0 l\u2019\u00e9cole maternelle C\u2019est le d\u00e9but d\u2019un voyage au sein d\u2019une nouvelle communaut\u00e9, celle de l\u2019\u00e9ducation, dans laquelle il construit des rep\u00e8res \u00e9motionnels, sociaux, spatiaux et temporels. Un projet p\u00e9dagogique et \u00e9ducatif sp\u00e9cifique Afin de [&hellip;]<\/p>\n","protected":false},"author":1,"featured_media":0,"parent":4749,"menu_order":0,"comment_status":"closed","ping_status":"closed","template":"","meta":{"footnotes":""},"class_list":["post-4831","page","type-page","status-publish","hentry"],"_links":{"self":[{"href":"https:\/\/www.lyceefrancaisbilbao.com\/fr\/wp-json\/wp\/v2\/pages\/4831","targetHints":{"allow":["GET"]}}],"collection":[{"href":"https:\/\/www.lyceefrancaisbilbao.com\/fr\/wp-json\/wp\/v2\/pages"}],"about":[{"href":"https:\/\/www.lyceefrancaisbilbao.com\/fr\/wp-json\/wp\/v2\/types\/page"}],"author":[{"embeddable":true,"href":"https:\/\/www.lyceefrancaisbilbao.com\/fr\/wp-json\/wp\/v2\/users\/1"}],"replies":[{"embeddable":true,"href":"https:\/\/www.lyceefrancaisbilbao.com\/fr\/wp-json\/wp\/v2\/comments?post=4831"}],"version-history":[{"count":4,"href":"https:\/\/www.lyceefrancaisbilbao.com\/fr\/wp-json\/wp\/v2\/pages\/4831\/revisions"}],"predecessor-version":[{"id":7453,"href":"https:\/\/www.lyceefrancaisbilbao.com\/fr\/wp-json\/wp\/v2\/pages\/4831\/revisions\/7453"}],"up":[{"embeddable":true,"href":"https:\/\/www.lyceefrancaisbilbao.com\/fr\/wp-json\/wp\/v2\/pages\/4749"}],"wp:attachment":[{"href":"https:\/\/www.lyceefrancaisbilbao.com\/fr\/wp-json\/wp\/v2\/media?parent=4831"}],"curies":[{"name":"wp","href":"https:\/\/api.w.org\/{rel}","templated":true}]}}