{"id":4822,"date":"2025-02-27T14:37:39","date_gmt":"2025-02-27T14:37:39","guid":{"rendered":"https:\/\/www.lyceefrancaisbilbao.com\/projet-educatif\/baccalaureat-francais-international-bfi\/"},"modified":"2026-03-16T12:28:37","modified_gmt":"2026-03-16T12:28:37","slug":"baccalaureat-francais-international-bfi","status":"publish","type":"page","link":"https:\/\/www.lyceefrancaisbilbao.com\/fr\/projet-educatif\/baccalaureat-francais-international-bfi\/","title":{"rendered":"Baccalaur\u00e9at Fran\u00e7ais International BFI"},"content":{"rendered":"\t\t<div data-elementor-type=\"wp-page\" data-elementor-id=\"4822\" class=\"elementor elementor-4822 elementor-3097\" data-elementor-post-type=\"page\">\n\t\t\t\t<div class=\"elementor-element elementor-element-b21edda e-flex e-con-boxed e-con e-parent\" data-id=\"b21edda\" data-element_type=\"container\" data-e-type=\"container\" data-settings=\"{&quot;background_background&quot;:&quot;classic&quot;}\">\n\t\t\t\t\t<div class=\"e-con-inner\">\n\t\t\t\t<div class=\"elementor-element elementor-element-95af377 elementor-invisible elementor-widget elementor-widget-heading\" data-id=\"95af377\" data-element_type=\"widget\" data-e-type=\"widget\" data-settings=\"{&quot;_animation&quot;:&quot;fadeInUp&quot;}\" data-widget_type=\"heading.default\">\n\t\t\t\t<div class=\"elementor-widget-container\">\n\t\t\t\t\t<h1 class=\"elementor-heading-title elementor-size-default\">Baccalaur\u00e9at Fran\u00e7ais International (BFI)<span style=\"letter-spacing: -2.2px\"><\/span><br><\/h1>\t\t\t\t<\/div>\n\t\t\t\t<\/div>\n\t\t\t\t<div class=\"elementor-element elementor-element-3020ce2 elementor-invisible elementor-widget elementor-widget-heading\" data-id=\"3020ce2\" data-element_type=\"widget\" data-e-type=\"widget\" data-settings=\"{&quot;_animation&quot;:&quot;fadeInUp&quot;,&quot;_animation_delay&quot;:400}\" data-widget_type=\"heading.default\">\n\t\t\t\t<div class=\"elementor-widget-container\">\n\t\t\t\t\t<h2 class=\"elementor-heading-title elementor-size-default\">La ma\u00eetrise des langues \u00e0 un haut niveau de comp\u00e9tences<br><\/h2>\t\t\t\t<\/div>\n\t\t\t\t<\/div>\n\t\t\t\t\t<\/div>\n\t\t\t\t<\/div>\n\t\t<div class=\"elementor-element elementor-element-99bb9cc e-flex e-con-boxed e-con e-parent\" data-id=\"99bb9cc\" data-element_type=\"container\" data-e-type=\"container\" data-settings=\"{&quot;background_background&quot;:&quot;classic&quot;}\">\n\t\t\t\t\t<div class=\"e-con-inner\">\n\t\t\t\t<div class=\"elementor-element elementor-element-3038dfb elementor-invisible elementor-widget elementor-widget-shortcode\" data-id=\"3038dfb\" data-element_type=\"widget\" data-e-type=\"widget\" data-settings=\"{&quot;_animation&quot;:&quot;slideInDown&quot;}\" data-widget_type=\"shortcode.default\">\n\t\t\t\t<div class=\"elementor-widget-container\">\n\t\t\t\t\t\t\t<div class=\"elementor-shortcode\"><nav aria-label=\"breadcrumbs\" class=\"rank-math-breadcrumb\"><p><span class=\"last\">Home<\/span><\/p><\/nav><\/div>\n\t\t\t\t\t\t<\/div>\n\t\t\t\t<\/div>\n\t\t<div class=\"elementor-element elementor-element-37cacf3 e-con-full e-flex e-con e-child\" data-id=\"37cacf3\" data-element_type=\"container\" data-e-type=\"container\">\n\t\t<div class=\"elementor-element elementor-element-bb19499 e-con-full e-flex elementor-invisible e-con e-child\" data-id=\"bb19499\" data-element_type=\"container\" data-e-type=\"container\" data-settings=\"{&quot;animation&quot;:&quot;fadeInUp&quot;}\">\n\t\t\t\t<div class=\"elementor-element elementor-element-3960172 elementor-widget elementor-widget-html\" data-id=\"3960172\" data-element_type=\"widget\" data-e-type=\"widget\" data-widget_type=\"html.default\">\n\t\t\t\t<div class=\"elementor-widget-container\">\n\t\t\t\t\t<iframe src=\"https:\/\/drive.google.com\/file\/d\/1Hccwbcw9C53Srg8K-R4nLWZUwjBRh3mn\/preview\" width=\"640\" height=\"780\" allow=\"autoplay\" style=\"max-width: 100%; max-height: 676px;\"><\/iframe>\t\t\t\t<\/div>\n\t\t\t\t<\/div>\n\t\t\t\t<\/div>\n\t\t<div class=\"elementor-element elementor-element-9c74107 e-con-full e-flex elementor-invisible e-con e-child\" data-id=\"9c74107\" data-element_type=\"container\" data-e-type=\"container\" data-settings=\"{&quot;animation&quot;:&quot;fadeInUp&quot;,&quot;animation_delay&quot;:700}\">\n\t\t\t\t<div class=\"elementor-element elementor-element-8c99214 elementor-widget elementor-widget-text-editor\" data-id=\"8c99214\" data-element_type=\"widget\" data-e-type=\"widget\" data-widget_type=\"text-editor.default\">\n\t\t\t\t<div class=\"elementor-widget-container\">\n\t\t\t\t\t\t\t\t\t<p>Le Baccalaur\u00e9at Fran\u00e7ais International(BFI) est un nouveau syst\u00e8me flexible qui convient particuli\u00e8rement bien aux \u00e9l\u00e8ves des \u00e9coles fran\u00e7aises \u00e0 l\u2019\u00e9tranger, car il leur permet de renforcer leurs comp\u00e9tences d\u00e9j\u00e0 remarquables dans plusieurs langues \u00e9trang\u00e8res (niveau C1 \u00e0 C2 \u00e0 la fin de la Terminale). <\/p><h3><strong>Valoriser la qualit\u00e9 du cursus de l\u2019\u00e9l\u00e8ve<br><\/strong><\/h3><p>Avec le BFI, les \u00e9l\u00e8ves peuvent d\u00e9couvrir des enseignements novateurs et ouverts sur le monde, tels que l\u2019enseignement de connaissance du monde. Le BFI apporte une reconnaissance de la qualit\u00e9 du parcours des \u00e9l\u00e8ves, de leur engagement et de leur travail, gr\u00e2ce \u00e0 une valorisation marqu\u00e9e en termes de coefficients et de visibilit\u00e9 sur le dipl\u00f4me lui-m\u00eame. <\/p><h3><strong>Offrir une plus grande souplesse aux \u00e9l\u00e8ves dans leur parcours scolaire<\/strong><\/h3><p>Au lyc\u00e9e fran\u00e7ais de Bilbao, la mise en place des classes de premi\u00e8re et terminale menant au Baccalaur\u00e9at Fran\u00e7ais International (BFI) s\u2019inscrit dans un objectif ambitieux de d\u00e9veloppement de la ma\u00eetrise des langues vivantes \u00e9trang\u00e8res et de valorisation du parcours d\u2019enseignement international des \u00e9l\u00e8ves inscrits dans le syst\u00e8me scolaire fran\u00e7ais. Son architecture permet de cr\u00e9er des parcours plurilingues, d\u2019augmenter l\u2019exposition aux langues vivantes \u00e9trang\u00e8res et d\u2019enrichir la culture internationale des \u00e9l\u00e8ves. <\/p><h3><strong>Le lyc\u00e9e propose le BFI dans deux programmes, trilingue et quadrilingue.<br><\/strong><\/h3><p>Pour acc\u00e9der au BFI, les \u00e9l\u00e8ves devront avoir atteint le niveau B2 en langue \u00e9trang\u00e8re A et en langue \u00e9trang\u00e8re B (parcours trilingue) et un niveau B1 \/ B2 en langue \u00e9trang\u00e8re C (parcours quadrilingue).<\/p>\t\t\t\t\t\t\t\t<\/div>\n\t\t\t\t<\/div>\n\t\t\t\t<\/div>\n\t\t\t\t<\/div>\n\t\t\t\t\t<\/div>\n\t\t\t\t<\/div>\n\t\t\t\t<\/div>\n\t\t","protected":false},"excerpt":{"rendered":"<p>Baccalaur\u00e9at Fran\u00e7ais International (BFI) La ma\u00eetrise des langues \u00e0 un haut niveau de comp\u00e9tences Le Baccalaur\u00e9at Fran\u00e7ais International(BFI) est un nouveau syst\u00e8me flexible qui convient particuli\u00e8rement bien aux \u00e9l\u00e8ves des \u00e9coles fran\u00e7aises \u00e0 l\u2019\u00e9tranger, car il leur permet de renforcer leurs comp\u00e9tences d\u00e9j\u00e0 remarquables dans plusieurs langues \u00e9trang\u00e8res (niveau C1 \u00e0 C2 \u00e0 la fin [&hellip;]<\/p>\n","protected":false},"author":1,"featured_media":0,"parent":4749,"menu_order":0,"comment_status":"closed","ping_status":"closed","template":"","meta":{"footnotes":""},"class_list":["post-4822","page","type-page","status-publish","hentry"],"_links":{"self":[{"href":"https:\/\/www.lyceefrancaisbilbao.com\/fr\/wp-json\/wp\/v2\/pages\/4822","targetHints":{"allow":["GET"]}}],"collection":[{"href":"https:\/\/www.lyceefrancaisbilbao.com\/fr\/wp-json\/wp\/v2\/pages"}],"about":[{"href":"https:\/\/www.lyceefrancaisbilbao.com\/fr\/wp-json\/wp\/v2\/types\/page"}],"author":[{"embeddable":true,"href":"https:\/\/www.lyceefrancaisbilbao.com\/fr\/wp-json\/wp\/v2\/users\/1"}],"replies":[{"embeddable":true,"href":"https:\/\/www.lyceefrancaisbilbao.com\/fr\/wp-json\/wp\/v2\/comments?post=4822"}],"version-history":[{"count":17,"href":"https:\/\/www.lyceefrancaisbilbao.com\/fr\/wp-json\/wp\/v2\/pages\/4822\/revisions"}],"predecessor-version":[{"id":7493,"href":"https:\/\/www.lyceefrancaisbilbao.com\/fr\/wp-json\/wp\/v2\/pages\/4822\/revisions\/7493"}],"up":[{"embeddable":true,"href":"https:\/\/www.lyceefrancaisbilbao.com\/fr\/wp-json\/wp\/v2\/pages\/4749"}],"wp:attachment":[{"href":"https:\/\/www.lyceefrancaisbilbao.com\/fr\/wp-json\/wp\/v2\/media?parent=4822"}],"curies":[{"name":"wp","href":"https:\/\/api.w.org\/{rel}","templated":true}]}}