{"id":4812,"date":"2025-02-24T14:48:08","date_gmt":"2025-02-24T14:48:08","guid":{"rendered":"https:\/\/www.lyceefrancaisbilbao.com\/informations-pratiques\/restauration-scolaire\/"},"modified":"2026-04-05T16:27:30","modified_gmt":"2026-04-05T16:27:30","slug":"restauration-scolaire","status":"publish","type":"page","link":"https:\/\/www.lyceefrancaisbilbao.com\/fr\/informations-pratiques\/restauration-scolaire\/","title":{"rendered":"Cantine"},"content":{"rendered":"\t\t<div data-elementor-type=\"wp-page\" data-elementor-id=\"4812\" class=\"elementor elementor-4812 elementor-2673\" data-elementor-post-type=\"page\">\n\t\t\t\t<div class=\"elementor-element elementor-element-ceeaaad e-flex e-con-boxed e-con e-parent\" data-id=\"ceeaaad\" data-element_type=\"container\" data-e-type=\"container\" data-settings=\"{&quot;background_background&quot;:&quot;classic&quot;}\">\n\t\t\t\t\t<div class=\"e-con-inner\">\n\t\t\t\t<div class=\"elementor-element elementor-element-23b9d4a elementor-invisible elementor-widget elementor-widget-heading\" data-id=\"23b9d4a\" data-element_type=\"widget\" data-e-type=\"widget\" data-settings=\"{&quot;_animation&quot;:&quot;fadeInUp&quot;}\" data-widget_type=\"heading.default\">\n\t\t\t\t<div class=\"elementor-widget-container\">\n\t\t\t\t\t<h1 class=\"elementor-heading-title elementor-size-default\">Cantine<\/h1>\t\t\t\t<\/div>\n\t\t\t\t<\/div>\n\t\t\t\t\t<\/div>\n\t\t\t\t<\/div>\n\t\t<div class=\"elementor-element elementor-element-222acee e-flex e-con-boxed e-con e-parent\" data-id=\"222acee\" data-element_type=\"container\" data-e-type=\"container\" data-settings=\"{&quot;background_background&quot;:&quot;classic&quot;}\">\n\t\t\t\t\t<div class=\"e-con-inner\">\n\t\t\t\t<div class=\"elementor-element elementor-element-342cb48 elementor-invisible elementor-widget elementor-widget-shortcode\" data-id=\"342cb48\" data-element_type=\"widget\" data-e-type=\"widget\" data-settings=\"{&quot;_animation&quot;:&quot;slideInDown&quot;}\" data-widget_type=\"shortcode.default\">\n\t\t\t\t<div class=\"elementor-widget-container\">\n\t\t\t\t\t\t\t<div class=\"elementor-shortcode\"><nav aria-label=\"breadcrumbs\" class=\"rank-math-breadcrumb\"><p><span class=\"last\">Home<\/span><\/p><\/nav><\/div>\n\t\t\t\t\t\t<\/div>\n\t\t\t\t<\/div>\n\t\t<div class=\"elementor-element elementor-element-41a8470 e-con-full e-flex e-con e-child\" data-id=\"41a8470\" data-element_type=\"container\" data-e-type=\"container\">\n\t\t\t\t<div class=\"elementor-element elementor-element-0193128 elementor-invisible elementor-widget elementor-widget-image\" data-id=\"0193128\" data-element_type=\"widget\" data-e-type=\"widget\" data-settings=\"{&quot;_animation&quot;:&quot;fadeIn&quot;}\" data-widget_type=\"image.default\">\n\t\t\t\t<div class=\"elementor-widget-container\">\n\t\t\t\t\t\t\t\t\t\t\t\t\t\t\t<img decoding=\"async\" width=\"53\" height=\"60\" src=\"https:\/\/www.lyceefrancaisbilbao.com\/wp-content\/uploads\/2025\/01\/icon-apple.svg\" class=\"attachment-large size-large wp-image-4778\" alt=\"\">\t\t\t\t\t\t\t\t\t\t\t\t\t\t\t<\/div>\n\t\t\t\t<\/div>\n\t\t\t\t<\/div>\n\t\t<div class=\"elementor-element elementor-element-3f0a0e5 e-con-full e-flex elementor-invisible e-con e-child\" data-id=\"3f0a0e5\" data-element_type=\"container\" data-e-type=\"container\" data-settings=\"{&quot;animation&quot;:&quot;fadeInUp&quot;,&quot;animation_delay&quot;:500}\">\n\t\t<div class=\"elementor-element elementor-element-339a0c7 e-con-full e-flex e-con e-child\" data-id=\"339a0c7\" data-element_type=\"container\" data-e-type=\"container\">\n\t\t\t\t<div class=\"elementor-element elementor-element-096f4c6 elementor-widget__width-initial elementor-widget elementor-widget-text-editor\" data-id=\"096f4c6\" data-element_type=\"widget\" data-e-type=\"widget\" data-widget_type=\"text-editor.default\">\n\t\t\t\t<div class=\"elementor-widget-container\">\n\t\t\t\t\t\t\t\t\t<p>Le Lyc\u00e9e Fran\u00e7ais de Bilbao propose un menu quotidien adapt\u00e9 \u00e0 l&rsquo;\u00e2ge des enfants, pr\u00e9par\u00e9 chaque jour par notre \u00e9quipe de restauration dans les cuisines de l&rsquo;\u00e9cole.<\/p><p>Un comit\u00e9 de restauration r\u00e9unit r\u00e9guli\u00e8rement \u00e9l\u00e8ves, enseignants, parents, direction et personnel de cuisine afin de travailler ensemble \u00e0 l&rsquo;am\u00e9lioration du service offert.<\/p><p>Le service de restauration scolaire du Lyc\u00e9e Fran\u00e7ais a obtenu la certification AENOR Comedor Sostenible (Cantine durable) en reconnaissance de son service de haute qualit\u00e9, engag\u00e9 et respectueux de l&rsquo;environnement.<\/p><p>Pour garantir la qualit\u00e9 de ses produits, le Lyc\u00e9e Fran\u00e7ais s&rsquo;approvisionne aupr\u00e8s de fournisseurs locaux et r\u00e9gionaux. Afin de garantir l&rsquo;\u00e9quilibre des menus servis, notre prestataire met une nutritionniste \u00e0 la disposition des \u00e9l\u00e8ves de l&rsquo;\u00e9cole. En \u00e9troite collaboration avec notre infirmi\u00e8re, elle accorde une attention particuli\u00e8re aux \u00e9l\u00e8ves susceptibles de souffrir d&rsquo;allergies ou de troubles alimentaires.<br> <\/p><p>L&rsquo;heure du repas fait partie int\u00e9grante du processus d&rsquo;apprentissage des \u00e9l\u00e8ves du Lyc\u00e9e Fran\u00e7ais, et le personnel enseignant veille \u00e0 ce que ce moment de la journ\u00e9e soit toujours agr\u00e9able, convivial et respectueux du bien-\u00eatre des \u00e9l\u00e8ves \u00e0 l&rsquo;\u00e9cole. <\/p>\t\t\t\t\t\t\t\t<\/div>\n\t\t\t\t<\/div>\n\t\t\t\t<\/div>\n\t\t<div class=\"elementor-element elementor-element-0fe05db e-con-full e-flex e-con e-child\" data-id=\"0fe05db\" data-element_type=\"container\" data-e-type=\"container\">\n\t\t\t\t<div class=\"elementor-element elementor-element-bc4aeb1 elementor-widget elementor-widget-image\" data-id=\"bc4aeb1\" data-element_type=\"widget\" data-e-type=\"widget\" data-widget_type=\"image.default\">\n\t\t\t\t<div class=\"elementor-widget-container\">\n\t\t\t\t\t\t\t\t\t\t\t\t\t\t\t<img decoding=\"async\" src=\"https:\/\/www.lyceefrancaisbilbao.com\/wp-content\/uploads\/2026\/03\/menu_semanal2026.jpg\" title=\"\" alt=\"\" loading=\"lazy\">\t\t\t\t\t\t\t\t\t\t\t\t\t\t\t<\/div>\n\t\t\t\t<\/div>\n\t\t\t\t<div class=\"elementor-element elementor-element-31f05f9 elementor-mobile-align-justify elementor-align-right elementor-widget elementor-widget-button\" data-id=\"31f05f9\" data-element_type=\"widget\" data-e-type=\"widget\" data-widget_type=\"button.default\">\n\t\t\t\t<div class=\"elementor-widget-container\">\n\t\t\t\t\t\t\t\t\t<div class=\"elementor-button-wrapper\">\n\t\t\t\t\t<a class=\"elementor-button elementor-button-link elementor-size-sm\" href=\"https:\/\/drive.google.com\/file\/d\/143evHkBPXkaQwoTt0oM0IzLBsmV36SHy\/view\" target=\"_blank\" rel=\"noopener\">\n\t\t\t\t\t\t<span class=\"elementor-button-content-wrapper\">\n\t\t\t\t\t\t<span class=\"elementor-button-icon\">\n\t\t\t\t<svg xmlns=\"http:\/\/www.w3.org\/2000\/svg\" width=\"25\" height=\"24\" viewBox=\"0 0 25 24\" fill=\"none\"><path d=\"M12.5 16L7.5 11L8.9 9.55L11.5 12.15V4H13.5V12.15L16.1 9.55L17.5 11L12.5 16ZM6.5 20C5.95 20 5.47917 19.8042 5.0875 19.4125C4.69583 19.0208 4.5 18.55 4.5 18V15H6.5V18H18.5V15H20.5V18C20.5 18.55 20.3042 19.0208 19.9125 19.4125C19.5208 19.8042 19.05 20 18.5 20H6.5Z\" fill=\"white\"><\/path><\/svg>\t\t\t<\/span>\n\t\t\t\t\t\t\t\t\t<span class=\"elementor-button-text\">Menus Avril 2026<\/span>\n\t\t\t\t\t<\/span>\n\t\t\t\t\t<\/a>\n\t\t\t\t<\/div>\n\t\t\t\t\t\t\t\t<\/div>\n\t\t\t\t<\/div>\n\t\t\t\t<div class=\"elementor-element elementor-element-f456263 elementor-widget-divider--view-line elementor-widget elementor-widget-divider\" data-id=\"f456263\" data-element_type=\"widget\" data-e-type=\"widget\" data-widget_type=\"divider.default\">\n\t\t\t\t<div class=\"elementor-widget-container\">\n\t\t\t\t\t\t\t<div class=\"elementor-divider\">\n\t\t\t<span class=\"elementor-divider-separator\">\n\t\t\t\t\t\t<\/span>\n\t\t<\/div>\n\t\t\t\t\t\t<\/div>\n\t\t\t\t<\/div>\n\t\t\t\t<\/div>\n\t\t\t\t<\/div>\n\t\t\t\t\t<\/div>\n\t\t\t\t<\/div>\n\t\t\t\t<\/div>\n\t\t","protected":false},"excerpt":{"rendered":"<p>Cantine Le Lyc\u00e9e Fran\u00e7ais de Bilbao propose un menu quotidien adapt\u00e9 \u00e0 l&rsquo;\u00e2ge des enfants, pr\u00e9par\u00e9 chaque jour par notre \u00e9quipe de restauration dans les cuisines de l&rsquo;\u00e9cole. Un comit\u00e9 de restauration r\u00e9unit r\u00e9guli\u00e8rement \u00e9l\u00e8ves, enseignants, parents, direction et personnel de cuisine afin de travailler ensemble \u00e0 l&rsquo;am\u00e9lioration du service offert. Le service de restauration [&hellip;]<\/p>\n","protected":false},"author":1,"featured_media":0,"parent":4777,"menu_order":0,"comment_status":"closed","ping_status":"closed","template":"","meta":{"footnotes":""},"class_list":["post-4812","page","type-page","status-publish","hentry"],"_links":{"self":[{"href":"https:\/\/www.lyceefrancaisbilbao.com\/fr\/wp-json\/wp\/v2\/pages\/4812","targetHints":{"allow":["GET"]}}],"collection":[{"href":"https:\/\/www.lyceefrancaisbilbao.com\/fr\/wp-json\/wp\/v2\/pages"}],"about":[{"href":"https:\/\/www.lyceefrancaisbilbao.com\/fr\/wp-json\/wp\/v2\/types\/page"}],"author":[{"embeddable":true,"href":"https:\/\/www.lyceefrancaisbilbao.com\/fr\/wp-json\/wp\/v2\/users\/1"}],"replies":[{"embeddable":true,"href":"https:\/\/www.lyceefrancaisbilbao.com\/fr\/wp-json\/wp\/v2\/comments?post=4812"}],"version-history":[{"count":24,"href":"https:\/\/www.lyceefrancaisbilbao.com\/fr\/wp-json\/wp\/v2\/pages\/4812\/revisions"}],"predecessor-version":[{"id":7685,"href":"https:\/\/www.lyceefrancaisbilbao.com\/fr\/wp-json\/wp\/v2\/pages\/4812\/revisions\/7685"}],"up":[{"embeddable":true,"href":"https:\/\/www.lyceefrancaisbilbao.com\/fr\/wp-json\/wp\/v2\/pages\/4777"}],"wp:attachment":[{"href":"https:\/\/www.lyceefrancaisbilbao.com\/fr\/wp-json\/wp\/v2\/media?parent=4812"}],"curies":[{"name":"wp","href":"https:\/\/api.w.org\/{rel}","templated":true}]}}