{"id":4808,"date":"2025-03-01T05:45:28","date_gmt":"2025-03-01T05:45:28","guid":{"rendered":"https:\/\/www.lyceefrancaisbilbao.com\/informations-pratiques\/aides-financieres\/"},"modified":"2026-01-29T12:39:49","modified_gmt":"2026-01-29T12:39:49","slug":"aides-financieres","status":"publish","type":"page","link":"https:\/\/www.lyceefrancaisbilbao.com\/fr\/informations-pratiques\/aides-financieres\/","title":{"rendered":"Aide financi\u00e8re"},"content":{"rendered":"\t\t<div data-elementor-type=\"wp-page\" data-elementor-id=\"4808\" class=\"elementor elementor-4808 elementor-3360\" data-elementor-post-type=\"page\">\n\t\t\t\t<div class=\"elementor-element elementor-element-b21edda e-flex e-con-boxed e-con e-parent\" data-id=\"b21edda\" data-element_type=\"container\" data-e-type=\"container\" data-settings=\"{&quot;background_background&quot;:&quot;classic&quot;}\">\n\t\t\t\t\t<div class=\"e-con-inner\">\n\t\t\t\t<div class=\"elementor-element elementor-element-95af377 elementor-invisible elementor-widget elementor-widget-heading\" data-id=\"95af377\" data-element_type=\"widget\" data-e-type=\"widget\" data-settings=\"{&quot;_animation&quot;:&quot;fadeInUp&quot;}\" data-widget_type=\"heading.default\">\n\t\t\t\t<div class=\"elementor-widget-container\">\n\t\t\t\t\t<h1 class=\"elementor-heading-title elementor-size-default\">Aide financi\u00e8re<\/h1>\t\t\t\t<\/div>\n\t\t\t\t<\/div>\n\t\t\t\t\t<\/div>\n\t\t\t\t<\/div>\n\t\t<div class=\"elementor-element elementor-element-99bb9cc e-flex e-con-boxed e-con e-parent\" data-id=\"99bb9cc\" data-element_type=\"container\" data-e-type=\"container\" data-settings=\"{&quot;background_background&quot;:&quot;classic&quot;}\">\n\t\t\t\t\t<div class=\"e-con-inner\">\n\t\t\t\t<div class=\"elementor-element elementor-element-3038dfb elementor-invisible elementor-widget elementor-widget-shortcode\" data-id=\"3038dfb\" data-element_type=\"widget\" data-e-type=\"widget\" data-settings=\"{&quot;_animation&quot;:&quot;slideInDown&quot;}\" data-widget_type=\"shortcode.default\">\n\t\t\t\t<div class=\"elementor-widget-container\">\n\t\t\t\t\t\t\t<div class=\"elementor-shortcode\"><nav aria-label=\"breadcrumbs\" class=\"rank-math-breadcrumb\"><p><span class=\"last\">Home<\/span><\/p><\/nav><\/div>\n\t\t\t\t\t\t<\/div>\n\t\t\t\t<\/div>\n\t\t\t\t<div class=\"elementor-element elementor-element-28a617c elementor-invisible elementor-widget elementor-widget-text-editor\" data-id=\"28a617c\" data-element_type=\"widget\" data-e-type=\"widget\" data-settings=\"{&quot;_animation&quot;:&quot;fadeInUp&quot;}\" data-widget_type=\"text-editor.default\">\n\t\t\t\t<div class=\"elementor-widget-container\">\n\t\t\t\t\t\t\t\t\t<p>Le Lyc\u00e9e Fran\u00e7ais de Bilbao dispose d&rsquo;un fonds de solidarit\u00e9 pour aider ponctuellement les familles qui en ont besoin. De plus, les \u00e9l\u00e8ves de nationalit\u00e9 fran\u00e7aise peuvent pr\u00e9tendre \u00e0 une bourse du gouvernement fran\u00e7ais. Vous trouverez toutes les informations relatives aux conditions d&rsquo;attribution, au calendrier, aux d\u00e9marches \u00e0 effectuer, \u00e0 la cr\u00e9ation et au d\u00e9p\u00f4t de la demande sur le site web du <a class=\"broken_link\" href=\"https:\/\/es.ambafrance.org\/Bourses-scolaires-2022-2023-CCB1?var_mode=calcul\" target=\"_blank\" rel=\"noopener noreferrer\">Consulat g\u00e9n\u00e9ral de France \u00e0 Madrid<\/a>. Le consulat g\u00e8re les demandes de bourses d&rsquo;\u00e9tudes attribu\u00e9es par l&rsquo;AEFE.   <\/p>\t\t\t\t\t\t\t\t<\/div>\n\t\t\t\t<\/div>\n\t\t<div class=\"elementor-element elementor-element-37cacf3 e-con-full e-flex e-con e-child\" data-id=\"37cacf3\" data-element_type=\"container\" data-e-type=\"container\">\n\t\t<div class=\"elementor-element elementor-element-f350a96 e-con-full e-flex e-con e-child\" data-id=\"f350a96\" data-element_type=\"container\" data-e-type=\"container\">\n\t\t\t\t<div class=\"elementor-element elementor-element-7a34cd9 elementor-widget elementor-widget-html\" data-id=\"7a34cd9\" data-element_type=\"widget\" data-e-type=\"widget\" data-widget_type=\"html.default\">\n\t\t\t\t<div class=\"elementor-widget-container\">\n\t\t\t\t\t<iframe src=\"https:\/\/drive.google.com\/file\/d\/16H2XWXRnuK939YQXyMYbZHwYqck74LUV\/preview\" width=\"1200px\" height=\"1100\" allow=\"autoplay\" style=\"max-width: 100%; max-height: 1200px;\"><\/iframe>\t\t\t\t<\/div>\n\t\t\t\t<\/div>\n\t\t\t\t<\/div>\n\t\t\t\t<\/div>\n\t\t\t\t\t<\/div>\n\t\t\t\t<\/div>\n\t\t\t\t<\/div>\n\t\t","protected":false},"excerpt":{"rendered":"<p>Aide financi\u00e8re Le Lyc\u00e9e Fran\u00e7ais de Bilbao dispose d&rsquo;un fonds de solidarit\u00e9 pour aider ponctuellement les familles qui en ont besoin. De plus, les \u00e9l\u00e8ves de nationalit\u00e9 fran\u00e7aise peuvent pr\u00e9tendre \u00e0 une bourse du gouvernement fran\u00e7ais. Vous trouverez toutes les informations relatives aux conditions d&rsquo;attribution, au calendrier, aux d\u00e9marches \u00e0 effectuer, \u00e0 la cr\u00e9ation et [&hellip;]<\/p>\n","protected":false},"author":1,"featured_media":0,"parent":4777,"menu_order":0,"comment_status":"closed","ping_status":"closed","template":"","meta":{"footnotes":""},"class_list":["post-4808","page","type-page","status-publish","hentry"],"_links":{"self":[{"href":"https:\/\/www.lyceefrancaisbilbao.com\/fr\/wp-json\/wp\/v2\/pages\/4808","targetHints":{"allow":["GET"]}}],"collection":[{"href":"https:\/\/www.lyceefrancaisbilbao.com\/fr\/wp-json\/wp\/v2\/pages"}],"about":[{"href":"https:\/\/www.lyceefrancaisbilbao.com\/fr\/wp-json\/wp\/v2\/types\/page"}],"author":[{"embeddable":true,"href":"https:\/\/www.lyceefrancaisbilbao.com\/fr\/wp-json\/wp\/v2\/users\/1"}],"replies":[{"embeddable":true,"href":"https:\/\/www.lyceefrancaisbilbao.com\/fr\/wp-json\/wp\/v2\/comments?post=4808"}],"version-history":[{"count":3,"href":"https:\/\/www.lyceefrancaisbilbao.com\/fr\/wp-json\/wp\/v2\/pages\/4808\/revisions"}],"predecessor-version":[{"id":6895,"href":"https:\/\/www.lyceefrancaisbilbao.com\/fr\/wp-json\/wp\/v2\/pages\/4808\/revisions\/6895"}],"up":[{"embeddable":true,"href":"https:\/\/www.lyceefrancaisbilbao.com\/fr\/wp-json\/wp\/v2\/pages\/4777"}],"wp:attachment":[{"href":"https:\/\/www.lyceefrancaisbilbao.com\/fr\/wp-json\/wp\/v2\/media?parent=4808"}],"curies":[{"name":"wp","href":"https:\/\/api.w.org\/{rel}","templated":true}]}}