{"id":4710,"date":"2024-12-17T10:29:00","date_gmt":"2024-12-17T10:29:00","guid":{"rendered":"https:\/\/www.lyceefrancaisbilbao.com\/cookies\/"},"modified":"2024-12-17T10:29:00","modified_gmt":"2024-12-17T10:29:00","slug":"cookies","status":"publish","type":"page","link":"https:\/\/www.lyceefrancaisbilbao.com\/fr\/cookies\/","title":{"rendered":"Cookies"},"content":{"rendered":"\t\t<div data-elementor-type=\"wp-page\" data-elementor-id=\"4710\" class=\"elementor elementor-4710 elementor-447\" data-elementor-post-type=\"page\">\n\t\t\t\t<div class=\"elementor-element elementor-element-f04d552 e-flex e-con-boxed e-con e-parent\" data-id=\"f04d552\" data-element_type=\"container\" data-e-type=\"container\" data-settings=\"{&quot;background_background&quot;:&quot;classic&quot;}\">\n\t\t\t\t\t<div class=\"e-con-inner\">\n\t\t\t\t<div class=\"elementor-element elementor-element-a5e01c2 elementor-widget elementor-widget-heading\" data-id=\"a5e01c2\" data-element_type=\"widget\" data-e-type=\"widget\" data-widget_type=\"heading.default\">\n\t\t\t\t<div class=\"elementor-widget-container\">\n\t\t\t\t\t<h1 class=\"elementor-heading-title elementor-size-default\">Pol\u00edtica de cookies<\/h1>\t\t\t\t<\/div>\n\t\t\t\t<\/div>\n\t\t\t\t\t<\/div>\n\t\t\t\t<\/div>\n\t\t<div class=\"elementor-element elementor-element-2179294 e-flex e-con-boxed e-con e-parent\" data-id=\"2179294\" data-element_type=\"container\" data-e-type=\"container\" data-settings=\"{&quot;background_background&quot;:&quot;classic&quot;}\">\n\t\t\t\t\t<div class=\"e-con-inner\">\n\t\t\t\t<div class=\"elementor-element elementor-element-3bfb9a7 elementor-widget elementor-widget-shortcode\" data-id=\"3bfb9a7\" data-element_type=\"widget\" data-e-type=\"widget\" data-widget_type=\"shortcode.default\">\n\t\t\t\t<div class=\"elementor-widget-container\">\n\t\t\t\t\t\t\t<div class=\"elementor-shortcode\"><nav aria-label=\"breadcrumbs\" class=\"rank-math-breadcrumb\"><p><span class=\"last\">Home<\/span><\/p><\/nav><\/div>\n\t\t\t\t\t\t<\/div>\n\t\t\t\t<\/div>\n\t\t<div class=\"elementor-element elementor-element-0bfd6b9 e-con-full e-flex e-con e-child\" data-id=\"0bfd6b9\" data-element_type=\"container\" data-e-type=\"container\">\n\t\t<div class=\"elementor-element elementor-element-039469e e-con-full e-flex e-con e-child\" data-id=\"039469e\" data-element_type=\"container\" data-e-type=\"container\">\n\t\t\t\t<div class=\"elementor-element elementor-element-f7ceb1f elementor-widget__width-initial elementor-widget elementor-widget-text-editor\" data-id=\"f7ceb1f\" data-element_type=\"widget\" data-e-type=\"widget\" data-widget_type=\"text-editor.default\">\n\t\t\t\t<div class=\"elementor-widget-container\">\n\t\t\t\t\t\t\t\t\t<p class=\"western\">Esta Pol\u00edtica de Cookies es parte del Aviso Legal y la Pol\u00edtica de Privacidad de la p\u00e1gina web\u00a0<u>www.lyceefrancaisbilbao.com<\/u>\u00a0(en adelante, el \u201c<b>Sitio Web<\/b>\u201d). El acceso y la navegaci\u00f3n en el Sitio Web, o el uso de los servicios del mismo, implican la aceptaci\u00f3n de los t\u00e9rminos y condiciones recogido en el Aviso Legal y en la\u00a0<a href=\"https:\/\/planalfa.es\/politica-de-privacidad\/\" target=\"_blank\" rel=\"noopener\">Pol\u00edtica de Privacidad<\/a>.<\/p><p align=\"justify\">Con el fin de facilitar la navegaci\u00f3n por el Sitio Web,\u00a0ASOCIACI\u00d3N FRANCESA DE EDUCACI\u00d3N DE BENEFICENCIA Y DE DEPORTES DE BILBAO, como titular del mismo, con domicilio en Barrio Galbarriatu, 10 48170 Zamudio (Bizkaia), le comunica que utiliza cookies u otros dispositivos de almacenamiento y recuperaci\u00f3n de datos de funcionalidad similar (en adelante, las \u201c<b>Cookies<\/b>\u201d).<\/p><p align=\"justify\">En este sentido y con el objetivo de garantizar al Usuario toda la informaci\u00f3n necesaria para su correcta navegaci\u00f3n, ponemos a disposici\u00f3n del Usuario el siguiente texto informativo sobre qu\u00e9 son las cookies, qu\u00e9 tipolog\u00eda de cookies existen en nuestro Sitio Web y c\u00f3mo es posible configurarlas o deshabilitarlas.<\/p><p align=\"justify\">\u00a0<\/p><h2 align=\"justify\"><b>\u00bfQU\u00c9 ES UNA COOKIE?<\/b><\/h2><p align=\"justify\">Las Cookies son archivos que contienen peque\u00f1as cantidades de informaci\u00f3n que se descargan en el dispositivo del Usuario cuando visita una p\u00e1gina web. Su finalidad principal es reconocer al usuario cada vez que accede al Sitio Web permitiendo, adem\u00e1s, mejorar la calidad y ofrecer un mejor uso del Sitio Web.<\/p><p align=\"justify\">Las Cookies son esenciales para el funcionamiento de Internet; no pueden da\u00f1ar el equipo\/dispositivo del usuario y, si se encuentran activadas en la configuraci\u00f3n de su navegador, ayudan a identificar y resolver posibles errores de funcionamiento del Sitio Web.<\/p><p align=\"justify\">\u00a0<\/p><h2 align=\"justify\"><b>TIPOS DE COOKIES QUE EXISTEN<\/b><\/h2><ul><li><p align=\"justify\"><b>T\u00e9cnicas:\u00a0<\/b>Aquellas que permiten al usuario la navegaci\u00f3n a trav\u00e9s del Sitio Web y la utilizaci\u00f3n de las diferentes opciones y servicios que en ella existan.<\/p><\/li><li><p align=\"justify\"><b>De configuraci\u00f3n o personalizaci\u00f3n<\/b>:\u00a0Sirven para guardar configuraci\u00f3n personalizada del usuario en webs din\u00e1micas: color, dise\u00f1o, maquetaci\u00f3n, etc.<\/p><\/li><li><p align=\"justify\"><b>De seguridad:<\/b>\u00a0Las que se utilizan para evitar ataques externos contra la web o los usuarios que naveguen en ella.<\/p><\/li><li><p align=\"justify\"><b>Para anal\u00edticas:<\/b>\u00a0Captan informaci\u00f3n para los sistemas de anal\u00edtica web que utilicemos (Google Analytics, Piwik\u2026)\u00a0Debemos informar del uso de estas cookies.<\/p><\/li><li><p align=\"justify\"><b>Para publicidad<\/b>:\u00a0Se usan para el funcionamiento de varios servicios de publicidad en web (Google Adsense)\u00a0Debemos informar del uso de estas cookies.<\/p><\/li><li><p align=\"justify\"><b>De seguimiento:\u00a0<\/b>Recogen informaci\u00f3n sobre el usuario para mostrar publicidad personalizada (Google Adsense)\u00a0Debemos informar del uso de estas cookies.<b>\u00a0<\/b><\/p><\/li><\/ul><p align=\"justify\">\u00a0<\/p><h2 align=\"justify\"><b>USO DE COOKIES POR PARTE DEL PRESTADOR<\/b><\/h2><p align=\"justify\">Mediante el acceso al Sitio Web, acepta de manera expresa la utilizaci\u00f3n de este tipo de Cookies en sus dispositivos. Si desactiva las Cookies, puede que su navegaci\u00f3n por el Sitio Web no sea \u00f3ptima y algunas de las utilidades de que dispone el Sitio Web no funcionen correctamente.<\/p><p align=\"justify\">Concretamente, el prestador est\u00e1 utilizando las Cookies para las finalidades que a continuaci\u00f3n se exponen. Si en un futuro el prestador utilizase otras con el prop\u00f3sito de otorgar m\u00e1s y mejores servicios, se informar\u00e1 al usuario de ello.<\/p><p align=\"justify\">\u00a0<\/p><h2 align=\"justify\"><b>COOKIES\u00a0UTILIZADAS POR ESTE SITIO WEB<\/b><\/h2><h3 align=\"justify\"><b>COOKIES DE TERCEROS<\/b><\/h3><p align=\"justify\">Son aquellas que se env\u00edan al equipo terminar del usuario desde un equipo o dominio que no es gestionado por el editor, sino por otra entidad que trata los datos obtenidos a trav\u00e9s de las cookies.<\/p><p align=\"justify\">Los art\u00edculos de este sitio pueden tener contenido incrustado (v\u00eddeo, im\u00e1genes, art\u00edculos, etc.) El contenido incrustado de otra web se comporta exactamente de la misma manera que si el visitante hubiera visitado la web de origen.<\/p><p align=\"justify\">Estas webs pueden recopilar datos sobre ti, utilizar cookies, incrustar un seguimiento adicional de terceros, y supervisar tu interacci\u00f3n con ese contenido incrustado incluso su seguimiento si ya dispones de una cuenta y te encuentras conectado a esa web.<\/p><p>\u00a0<\/p><p>\u00a0<\/p><center><p>\u00a0<\/p><p>\u00a0<\/p><table width=\"664\" cellspacing=\"0\" cellpadding=\"6\"><tbody><tr><td colspan=\"4\" valign=\"bottom\" bgcolor=\"#ffffff\" width=\"652\"><p align=\"justify\"><b>COOKIES DE TERCEROS<\/b><\/p><\/td><\/tr><tr valign=\"bottom\"><td bgcolor=\"#ffffff\" width=\"155\"><p align=\"justify\"><b>Nombre<\/b><\/p><\/td><td bgcolor=\"#ffffff\" width=\"86\"><p align=\"justify\"><b>Titular<\/b><\/p><\/td><td bgcolor=\"#ffffff\" width=\"122\"><p align=\"justify\"><b>Duraci\u00f3n<\/b><\/p><\/td><td bgcolor=\"#ffffff\" width=\"253\"><p align=\"justify\"><b>Finalidad<\/b><\/p><\/td><\/tr><tr valign=\"bottom\"><td bgcolor=\"#ffffff\" width=\"155\"><p align=\"justify\"><b>PREF<\/b><\/p><\/td><td bgcolor=\"#ffffff\" width=\"86\"><p align=\"justify\">youtube.com<\/p><\/td><td bgcolor=\"#ffffff\" width=\"122\"><p align=\"justify\">8 meses<\/p><\/td><td rowspan=\"2\" bgcolor=\"#ffffff\" width=\"253\"><p align=\"justify\">Registra una identificaci\u00f3n \u00fanica que utiliza Google para mantener estad\u00edsticas sobre c\u00f3mo utiliza el visitante los v\u00eddeos de YouTube en sitios web diferentes.<\/p><\/td><\/tr><tr valign=\"bottom\"><td bgcolor=\"#ffffff\" width=\"155\"><p align=\"justify\"><b>GPS<\/b><\/p><\/td><td bgcolor=\"#ffffff\" width=\"86\"><p align=\"justify\">youtube.com<\/p><\/td><td bgcolor=\"#ffffff\" width=\"122\"><p align=\"justify\">Sesi\u00f3n<\/p><\/td><\/tr><tr valign=\"bottom\"><td bgcolor=\"#ffffff\" width=\"155\"><p align=\"justify\"><b>VISITOR_INFO1_LIVE<\/b><\/p><\/td><td bgcolor=\"#ffffff\" width=\"86\"><p align=\"justify\">youtube.com<\/p><\/td><td bgcolor=\"#ffffff\" width=\"122\"><p align=\"justify\">6 meses<\/p><\/td><td bgcolor=\"#ffffff\" width=\"253\"><p align=\"justify\">Intenta calcular el ancho de banda del usuario en p\u00e1ginas con v\u00eddeos de YouTube<\/p><\/td><\/tr><tr valign=\"bottom\"><td bgcolor=\"#ffffff\" width=\"155\"><p align=\"justify\"><b>YSC<\/b><\/p><\/td><td bgcolor=\"#ffffff\" width=\"86\"><p align=\"justify\">youtube.com<\/p><\/td><td bgcolor=\"#ffffff\" width=\"122\"><p align=\"justify\">Sesi\u00f3n<\/p><\/td><td bgcolor=\"#ffffff\" width=\"253\"><p align=\"justify\">Registra una identificaci\u00f3n \u00fanica para mantener estad\u00edsticas de qu\u00e9 v\u00eddeos de YouTube ha visto el usuario.<\/p><\/td><\/tr><tr valign=\"bottom\"><td bgcolor=\"#ffffff\" width=\"155\"><p align=\"justify\"><b>APISID<\/b><\/p><\/td><td bgcolor=\"#ffffff\" width=\"86\"><p align=\"justify\">google.com<\/p><\/td><td bgcolor=\"#ffffff\" width=\"122\"><p align=\"justify\">2 a\u00f1os<\/p><\/td><td rowspan=\"6\" bgcolor=\"#ffffff\" width=\"253\"><p align=\"justify\">Se almacenan en su ordenador al crear o iniciar sesi\u00f3n en una cuenta de Google\u00a0con el fin de permanecer conectado a su cuenta de Google al visitar sus servicios de nuevo. Mientras permanezca con esta sesi\u00f3n activa y use complementos en otros sitios Web como el nuestro, Google har\u00e1 uso de estas cookies para mejorar su experiencia de uso.<\/p><\/td><\/tr><tr valign=\"bottom\"><td bgcolor=\"#ffffff\" width=\"155\"><p align=\"justify\"><b>HSID<\/b><\/p><\/td><td bgcolor=\"#ffffff\" width=\"86\"><p align=\"justify\">google.com<\/p><\/td><td bgcolor=\"#ffffff\" width=\"122\"><p align=\"justify\">2 a\u00f1os<\/p><\/td><\/tr><tr valign=\"bottom\"><td bgcolor=\"#ffffff\" width=\"155\"><p align=\"justify\"><b>NID<\/b><\/p><\/td><td bgcolor=\"#ffffff\" width=\"86\"><p align=\"justify\">google.com<\/p><\/td><td bgcolor=\"#ffffff\" width=\"122\"><p align=\"justify\">5 meses<\/p><\/td><\/tr><tr valign=\"bottom\"><td bgcolor=\"#ffffff\" width=\"155\"><p align=\"justify\"><b>SAPISID<\/b><\/p><\/td><td bgcolor=\"#ffffff\" width=\"86\"><p align=\"justify\">google.com<\/p><\/td><td bgcolor=\"#ffffff\" width=\"122\"><p align=\"justify\">2 a\u00f1os<\/p><\/td><\/tr><tr valign=\"bottom\"><td bgcolor=\"#ffffff\" width=\"155\"><p align=\"justify\"><b>SID<\/b><\/p><\/td><td bgcolor=\"#ffffff\" width=\"86\"><p align=\"justify\">google.com<\/p><\/td><td bgcolor=\"#ffffff\" width=\"122\"><p align=\"justify\">2 a\u00f1os<\/p><\/td><\/tr><tr valign=\"bottom\"><td bgcolor=\"#ffffff\" width=\"155\"><p align=\"justify\"><b>SSID<\/b><\/p><\/td><td bgcolor=\"#ffffff\" width=\"86\"><p align=\"justify\">Google.com<\/p><\/td><td bgcolor=\"#ffffff\" width=\"122\"><p align=\"justify\">a\u00f1os<\/p><\/td><\/tr><\/tbody><\/table><p>\u00a0<\/p><p>\u00a0<\/p><\/center><p>\u00a0<\/p><p>\u00a0<\/p><p align=\"justify\">\u00a0<\/p><h2 align=\"justify\"><b>COOKIES ANAL\u00cdTICAS DE GOOGLE ANALYTICS<\/b><\/h2><p align=\"justify\">\u00a0<\/p><p align=\"justify\">ASOCIACI\u00d3N FRANCESA DE EDUCACI\u00d3N DE BENEFICENCIA Y DE DEPORTES DE BILBAO, a trav\u00e9s del Sitio Web, utiliza Google Analytics, servicio prestado por Google, Inc., entidad cuya oficina principal est\u00e1 en 1600 Amphitheatre\u00a0Parkway, Mountain View (California), CA 94043, Estados Unidos (\u201cGoogle\u201d).<\/p><p align=\"justify\">Google Analytics utiliza Cookies con el prop\u00f3sito de analizar el uso que hacen los usuarios del Sitio Web. La informaci\u00f3n que genera la Cookie (incluyendo su direcci\u00f3n IP) ser\u00e1 directamente transmitida y archivada por Google en sus servidores de Estados Unidos. Google usar\u00e1 esta informaci\u00f3n por cuenta de\u00a0ASOCIACI\u00d3N FRANCESA DE EDUCACI\u00d3N DE BENEFICENCIA Y DE DEPORTES DE BILBAO\u00a0con el prop\u00f3sito de seguir la pista de su uso del sitio, recopilando de la actividad del sitio y prestando otros servicios relacionados con la actividad del Sitio Web y el uso de Internet, Google podr\u00e1 transmitir dicha informaci\u00f3n a terceros cuando as\u00ed se lo requiera la legislaci\u00f3n, o cuando dichos terceros traten la informaci\u00f3n por cuenta de Google. Google no asociar\u00e1 su direcci\u00f3n IP con ning\u00fan otro dato del que disponga.<\/p><p>Al utilizar este sitio consiente el tratamiento de su informaci\u00f3n por Google en la forma y para los fines arriba indicados.<\/p><p>Estas son las Cookies que se utilizan en el Sitio Web:<\/p><p>\u00a0<\/p><p>\u00a0<\/p><center><p>\u00a0<\/p><p>\u00a0<\/p><table width=\"685\" cellspacing=\"0\" cellpadding=\"6\"><tbody><tr><td colspan=\"4\" valign=\"bottom\" bgcolor=\"#ffffff\" width=\"673\"><p><b>COOKIES GOOGLE ANAL\u00cdTICAS<\/b><\/p><\/td><\/tr><tr valign=\"bottom\"><td bgcolor=\"#ffffff\" width=\"138\"><p><b>Nombre<\/b><\/p><\/td><td bgcolor=\"#ffffff\" width=\"88\"><p><b>Proveedor<\/b><\/p><\/td><td bgcolor=\"#ffffff\" width=\"85\"><p><b>Duraci\u00f3n<\/b><\/p><\/td><td bgcolor=\"#ffffff\" width=\"325\"><p><b>Finalidad<\/b><\/p><\/td><\/tr><tr valign=\"bottom\"><td bgcolor=\"#ffffff\" width=\"138\" height=\"5\"><p><b>_gat<\/b><\/p><\/td><td bgcolor=\"#ffffff\" width=\"88\"><p>Google<\/p><\/td><td bgcolor=\"#ffffff\" width=\"85\"><p>Sesi\u00f3n<\/p><\/td><td bgcolor=\"#ffffff\" width=\"325\"><p>Utilizado por Google Analytics para controlar la tasa de peticiones<\/p><\/td><\/tr><tr valign=\"bottom\"><td bgcolor=\"#ffffff\" width=\"138\"><p><b>_gid<\/b><\/p><\/td><td bgcolor=\"#ffffff\" width=\"88\"><p>planalfa.es<\/p><\/td><td bgcolor=\"#ffffff\" width=\"85\"><p>1 d\u00eda<\/p><\/td><td rowspan=\"2\" bgcolor=\"#ffffff\" width=\"325\"><p>Registra una identificaci\u00f3n \u00fanica que se utiliza para generar datos estad\u00edsticos acerca de c\u00f3mo utiliza el visitante el sitio web.<\/p><\/td><\/tr><tr valign=\"bottom\"><td bgcolor=\"#ffffff\" width=\"138\"><p><b>_ga<\/b><\/p><\/td><td bgcolor=\"#ffffff\" width=\"88\"><p>planalfa.es<\/p><\/td><td bgcolor=\"#ffffff\" width=\"85\"><p>2 a\u00f1os<\/p><\/td><\/tr><\/tbody><\/table><p>\u00a0<\/p><p>\u00a0<\/p><\/center><p>\u00a0<\/p><p>\u00a0<\/p><p>Si desea m\u00e1s informaci\u00f3n al respecto, puede visitar la siguiente URL\u00a0<u><a href=\"https:\/\/www.google.com\/intl\/es\/analytics\/\" target=\"_blank\" rel=\"noopener\">https:\/\/www.google.com\/intl\/es\/analytics\/<\/a><\/u><\/p><p>\u00a0<\/p><h2><b>BLOQUEO DE COOKIES<\/b><\/h2><p align=\"justify\">Puede bloquear las Cookies a trav\u00e9s de las herramientas de configuraci\u00f3n del navegador, o bien, puede configurar su navegador para que le avise cuando un servidor quiera guardar una Cookie:<\/p><ul><li><p align=\"justify\">Si utiliza Microsoft Internet Explorer, encontrar\u00e1 la opci\u00f3n en el men\u00fa Herramientas &gt; Opciones de Internet &gt; Privacidad &gt; Configuraci\u00f3n. Para saber m\u00e1s visite\u00a0<u>https:\/\/windows.microsoft.com\/es-es\/windows-vista\/block-or-allow-Cookies<\/u>\u00a0y\u00a0<u><a href=\"https:\/\/windows.microsoft.com\/es-es\/windows7\/how-to-manage-Cookies-in-internet-explorer-9\" target=\"_blank\" rel=\"noopener\">https:\/\/windows.microsoft.com\/es-es\/windows7\/how-to-manage-Cookies-in-internet-explorer-9<\/a><\/u>.<\/p><\/li><li><p align=\"justify\">Si utiliza Firefox, encontrar\u00e1 la opci\u00f3n en el men\u00fa Herramientas &gt; Opciones &gt; Privacidad &gt; Cookies. Para saber m\u00e1s visite\u00a0<u>https:\/\/support.mozilla.org\/es\/kb\/habilitar-y-deshabilitar-Cookies-que-los-sitios-we<\/u>.<\/p><\/li><li><p align=\"justify\">Si utiliza Chrome, en la secci\u00f3n de Opciones &gt; Opciones avanzadas &gt; Privacidad. Para saber m\u00e1s\u00a0<u><a href=\"https:\/\/support.google.com\/accounts\/answer\/61416?hl=es\" target=\"_blank\" rel=\"noopener\">https:\/\/support.google.com\/accounts\/answer\/61416?hl=es<\/a><\/u><\/p><\/li><li><p align=\"justify\">Si utiliza Opera, en la opci\u00f3n de Seguridad y Privacidad, podr\u00e1 configurar el navegador. Para saber m\u00e1s visite\u00a0<u><a href=\"https:\/\/help.opera.com\/Windows\/11.50\/es-ES\/cookies.html\" target=\"_blank\" rel=\"noopener\">https:\/\/help.opera.com\/Windows\/11.50\/es-ES\/cookies.html<\/a><\/u><\/p><\/li><li><p align=\"justify\">Si utiliza Safari encontrar\u00e1 la opci\u00f3n en el men\u00fa Preferencias\/Privacidad. M\u00e1s informaci\u00f3n en:\u00a0<u><a href=\"https:\/\/support.apple.com\/kb\/HT1677?viewlocale=es_ES\" target=\"_blank\" rel=\"noopener\">https:\/\/support.apple.com\/kb\/HT1677?viewlocale=es_ES<\/a><\/u><\/p><\/li><\/ul><p>\u00a0<\/p><p>\u00a0<\/p><p><b>CONSULTAS Y MAS INFORMACI\u00d3N SOBRE COOKIES:<\/b><\/p><p>Si tiene alguna consulta sobre esta Pol\u00edtica de Cookies puede dirigirse a:<\/p><p>ASOCIACI\u00d3N FRANCESA DE EDUCACION DE BENEFICENCIA Y DE DEPORTES DE BILBAO<\/p><p align=\"justify\">BARRIO GALBARRIATU, 10 48170, ZAMUDIO (VIZCAYA)<\/p><p align=\"justify\"><u><b><a href=\"mailto:administration@lyceefrancaisbilbao.net\">administration@lyceefrancaisbilbao.net<\/a><\/b><\/u><\/p><p align=\"justify\">Y si desea obtener m\u00e1s informaci\u00f3n sobre las cookies, puede consultar la Gu\u00eda sobre el uso de las cookies de la Agencia Espa\u00f1ola de Protecci\u00f3n de\u00a0Datos (AEPD).<\/p>\t\t\t\t\t\t\t\t<\/div>\n\t\t\t\t<\/div>\n\t\t\t\t<\/div>\n\t\t\t\t<\/div>\n\t\t\t\t\t<\/div>\n\t\t\t\t<\/div>\n\t\t\t\t<\/div>\n\t\t","protected":false},"excerpt":{"rendered":"<p>Pol\u00edtica de cookies Esta Pol\u00edtica de Cookies es parte del Aviso Legal y la Pol\u00edtica de Privacidad de la p\u00e1gina web www.lyceefrancaisbilbao.com (en adelante, el \u201cSitio Web\u201d). El acceso y la navegaci\u00f3n en el Sitio Web, o el uso de los servicios del mismo, implican la aceptaci\u00f3n de los t\u00e9rminos y condiciones recogido en el [&hellip;]<\/p>\n","protected":false},"author":1,"featured_media":0,"parent":0,"menu_order":13,"comment_status":"closed","ping_status":"closed","template":"","meta":{"footnotes":""},"class_list":["post-4710","page","type-page","status-publish","hentry"],"_links":{"self":[{"href":"https:\/\/www.lyceefrancaisbilbao.com\/fr\/wp-json\/wp\/v2\/pages\/4710","targetHints":{"allow":["GET"]}}],"collection":[{"href":"https:\/\/www.lyceefrancaisbilbao.com\/fr\/wp-json\/wp\/v2\/pages"}],"about":[{"href":"https:\/\/www.lyceefrancaisbilbao.com\/fr\/wp-json\/wp\/v2\/types\/page"}],"author":[{"embeddable":true,"href":"https:\/\/www.lyceefrancaisbilbao.com\/fr\/wp-json\/wp\/v2\/users\/1"}],"replies":[{"embeddable":true,"href":"https:\/\/www.lyceefrancaisbilbao.com\/fr\/wp-json\/wp\/v2\/comments?post=4710"}],"version-history":[{"count":0,"href":"https:\/\/www.lyceefrancaisbilbao.com\/fr\/wp-json\/wp\/v2\/pages\/4710\/revisions"}],"wp:attachment":[{"href":"https:\/\/www.lyceefrancaisbilbao.com\/fr\/wp-json\/wp\/v2\/media?parent=4710"}],"curies":[{"name":"wp","href":"https:\/\/api.w.org\/{rel}","templated":true}]}}