{"id":4707,"date":"2025-02-24T14:50:37","date_gmt":"2025-02-24T14:50:37","guid":{"rendered":"https:\/\/www.lyceefrancaisbilbao.com\/nuestro-colegio\/instances\/"},"modified":"2026-02-24T08:55:32","modified_gmt":"2026-02-24T08:55:32","slug":"instances","status":"publish","type":"page","link":"https:\/\/www.lyceefrancaisbilbao.com\/fr\/nuestro-colegio\/instances\/","title":{"rendered":"Instances"},"content":{"rendered":"\t\t<div data-elementor-type=\"wp-page\" data-elementor-id=\"4707\" class=\"elementor elementor-4707 elementor-2679\" data-elementor-post-type=\"page\">\n\t\t\t\t<div class=\"elementor-element elementor-element-3cf2e80 e-flex e-con-boxed e-con e-parent\" data-id=\"3cf2e80\" data-element_type=\"container\" data-e-type=\"container\" data-settings=\"{&quot;background_background&quot;:&quot;classic&quot;}\">\n\t\t\t\t\t<div class=\"e-con-inner\">\n\t\t\t\t<div class=\"elementor-element elementor-element-ed2b1fc elementor-invisible elementor-widget elementor-widget-heading\" data-id=\"ed2b1fc\" data-element_type=\"widget\" data-e-type=\"widget\" data-settings=\"{&quot;_animation&quot;:&quot;fadeInUp&quot;}\" data-widget_type=\"heading.default\">\n\t\t\t\t<div class=\"elementor-widget-container\">\n\t\t\t\t\t<h1 class=\"elementor-heading-title elementor-size-default\">Instances<\/h1>\t\t\t\t<\/div>\n\t\t\t\t<\/div>\n\t\t\t\t\t<\/div>\n\t\t\t\t<\/div>\n\t\t<div class=\"elementor-element elementor-element-8a9c066 e-flex e-con-boxed e-con e-parent\" data-id=\"8a9c066\" data-element_type=\"container\" data-e-type=\"container\" data-settings=\"{&quot;background_background&quot;:&quot;classic&quot;}\">\n\t\t\t\t\t<div class=\"e-con-inner\">\n\t\t\t\t<div class=\"elementor-element elementor-element-85c0436 elementor-invisible elementor-widget elementor-widget-shortcode\" data-id=\"85c0436\" data-element_type=\"widget\" data-e-type=\"widget\" data-settings=\"{&quot;_animation&quot;:&quot;slideInDown&quot;}\" data-widget_type=\"shortcode.default\">\n\t\t\t\t<div class=\"elementor-widget-container\">\n\t\t\t\t\t\t\t<div class=\"elementor-shortcode\"><nav aria-label=\"breadcrumbs\" class=\"rank-math-breadcrumb\"><p><span class=\"last\">Home<\/span><\/p><\/nav><\/div>\n\t\t\t\t\t\t<\/div>\n\t\t\t\t<\/div>\n\t\t<div class=\"elementor-element elementor-element-66a4217 e-con-full e-flex e-con e-child\" data-id=\"66a4217\" data-element_type=\"container\" data-e-type=\"container\">\n\t\t<div class=\"elementor-element elementor-element-e57d3e1 e-con-full e-flex e-con e-child\" data-id=\"e57d3e1\" data-element_type=\"container\" data-e-type=\"container\">\n\t\t\t\t<div class=\"elementor-element elementor-element-c687f88 elementor-invisible elementor-widget elementor-widget-image\" data-id=\"c687f88\" data-element_type=\"widget\" data-e-type=\"widget\" data-settings=\"{&quot;_animation&quot;:&quot;fadeInUp&quot;}\" data-widget_type=\"image.default\">\n\t\t\t\t<div class=\"elementor-widget-container\">\n\t\t\t\t\t\t\t\t\t\t\t\t\t\t\t<img decoding=\"async\" src=\"https:\/\/www.lyceefrancaisbilbao.com\/\/wp-content\/uploads\/2024\/12\/apa-icono.webp\" title=\"\" alt=\"\" loading=\"lazy\">\t\t\t\t\t\t\t\t\t\t\t\t\t\t\t<\/div>\n\t\t\t\t<\/div>\n\t\t\t\t<\/div>\n\t\t<div class=\"elementor-element elementor-element-28cdadd e-con-full e-flex e-con e-child\" data-id=\"28cdadd\" data-element_type=\"container\" data-e-type=\"container\">\n\t\t<div class=\"elementor-element elementor-element-78cf8ea e-con-full e-flex elementor-invisible e-con e-child\" data-id=\"78cf8ea\" data-element_type=\"container\" data-e-type=\"container\" data-settings=\"{&quot;animation&quot;:&quot;fadeIn&quot;,&quot;animation_delay&quot;:1000}\">\n\t\t\t\t<div class=\"elementor-element elementor-element-fc84a35 elementor-widget elementor-widget-heading\" data-id=\"fc84a35\" data-element_type=\"widget\" data-e-type=\"widget\" data-widget_type=\"heading.default\">\n\t\t\t\t<div class=\"elementor-widget-container\">\n\t\t\t\t\t<h2 class=\"elementor-heading-title elementor-size-default\">Le conseil d'\u00e9cole<\/h2>\t\t\t\t<\/div>\n\t\t\t\t<\/div>\n\t\t\t\t<div class=\"elementor-element elementor-element-8578280 elementor-widget__width-initial elementor-widget elementor-widget-text-editor\" data-id=\"8578280\" data-element_type=\"widget\" data-e-type=\"widget\" data-widget_type=\"text-editor.default\">\n\t\t\t\t<div class=\"elementor-widget-container\">\n\t\t\t\t\t\t\t\t\t<p>Il est pr\u00e9sid\u00e9 par le directeur de l&rsquo;\u00e9cole primaire. Il est compos\u00e9 de 15 repr\u00e9sentants des parents d&rsquo;\u00e9l\u00e8ves de l&rsquo;\u00e9cole primaire et maternelle. Il se r\u00e9unit au moins une fois par trimestre et toujours avant le \u00ab Conseil d&rsquo;\u00e9tablissement \u00bb.  <br>Il traite des questions relatives au primaire et au maternel et peut \u00e9mettre des avis pour clarifier les votes du Conseil d&rsquo;\u00e9tablissement. Il participe \u00e0 l&rsquo;\u00e9laboration du projet d&rsquo;\u00e9tablissement. <span style=\"font-weight: 400;\">&nbsp;\u201cProjet d\u2019Etablissement\u201d<\/span><\/p>\t\t\t\t\t\t\t\t<\/div>\n\t\t\t\t<\/div>\n\t\t\t\t<div class=\"elementor-element elementor-element-5ad47c4 elementor-widget elementor-widget-heading\" data-id=\"5ad47c4\" data-element_type=\"widget\" data-e-type=\"widget\" data-widget_type=\"heading.default\">\n\t\t\t\t<div class=\"elementor-widget-container\">\n\t\t\t\t\t<h2 class=\"elementor-heading-title elementor-size-default\">El conseil d\u2019\u00e9tablissement<\/h2>\t\t\t\t<\/div>\n\t\t\t\t<\/div>\n\t\t\t\t<div class=\"elementor-element elementor-element-5acf590 elementor-widget__width-initial elementor-widget elementor-widget-text-editor\" data-id=\"5acf590\" data-element_type=\"widget\" data-e-type=\"widget\" data-widget_type=\"text-editor.default\">\n\t\t\t\t<div class=\"elementor-widget-container\">\n\t\t\t\t\t\t\t\t\t<p>Il est pr\u00e9sid\u00e9 par le proviseur de l&rsquo;\u00e9tablissement. Il r\u00e9unit les repr\u00e9sentants de tous les membres de la communaut\u00e9 scolaire. Au Lyc\u00e9e Fran\u00e7ais de Bilbao, quatre parents d&rsquo;\u00e9l\u00e8ves font partie de ce conseil.  <\/p><p>Il se r\u00e9unit au moins une fois par trimestre. Il est charg\u00e9 d&rsquo;adopter le projet d&rsquo;\u00e9tablissement, le r\u00e8glement int\u00e9rieur, les horaires et le calendrier scolaire de l&rsquo;ann\u00e9e, les actions annuelles organis\u00e9es dans le cadre des diff\u00e9rents programmes (citoyennet\u00e9, sant\u00e9, avenir et culture), les voyages scolaires, etc. <\/p><p>Il donne son avis sur les ouvertures et les fermetures de postes, l&rsquo;\u00e9volution des structures p\u00e9dagogiques, les questions relatives \u00e0 l&rsquo;accueil et \u00e0 l&rsquo;information des parents d&rsquo;\u00e9l\u00e8ves.<\/p><p>Il est inform\u00e9 du budget annuel et du bilan financier.<\/p>\t\t\t\t\t\t\t\t<\/div>\n\t\t\t\t<\/div>\n\t\t\t\t<div class=\"elementor-element elementor-element-812231e elementor-widget__width-initial elementor-widget elementor-widget-text-editor\" data-id=\"812231e\" data-element_type=\"widget\" data-e-type=\"widget\" data-widget_type=\"text-editor.default\">\n\t\t\t\t<div class=\"elementor-widget-container\">\n\t\t\t\t\t\t\t\t\t<p><a href=\"https:\/\/lfbilbao.eduka.school\/documents\/manage\/files\" target=\"_blank\" rel=\"noopener\">Documents disponibles au t\u00e9l\u00e9chargement avec acc\u00e8s Eduka <\/a><\/p>\t\t\t\t\t\t\t\t<\/div>\n\t\t\t\t<\/div>\n\t\t\t\t<\/div>\n\t\t\t\t<\/div>\n\t\t\t\t<\/div>\n\t\t\t\t\t<\/div>\n\t\t\t\t<\/div>\n\t\t\t\t<\/div>\n\t\t","protected":false},"excerpt":{"rendered":"<p>Instances Le conseil d&rsquo;\u00e9cole Il est pr\u00e9sid\u00e9 par le directeur de l&rsquo;\u00e9cole primaire. Il est compos\u00e9 de 15 repr\u00e9sentants des parents d&rsquo;\u00e9l\u00e8ves de l&rsquo;\u00e9cole primaire et maternelle. Il se r\u00e9unit au moins une fois par trimestre et toujours avant le \u00ab Conseil d&rsquo;\u00e9tablissement \u00bb. Il traite des questions relatives au primaire et au maternel et [&hellip;]<\/p>\n","protected":false},"author":1,"featured_media":0,"parent":4657,"menu_order":0,"comment_status":"closed","ping_status":"closed","template":"","meta":{"footnotes":""},"class_list":["post-4707","page","type-page","status-publish","hentry"],"_links":{"self":[{"href":"https:\/\/www.lyceefrancaisbilbao.com\/fr\/wp-json\/wp\/v2\/pages\/4707","targetHints":{"allow":["GET"]}}],"collection":[{"href":"https:\/\/www.lyceefrancaisbilbao.com\/fr\/wp-json\/wp\/v2\/pages"}],"about":[{"href":"https:\/\/www.lyceefrancaisbilbao.com\/fr\/wp-json\/wp\/v2\/types\/page"}],"author":[{"embeddable":true,"href":"https:\/\/www.lyceefrancaisbilbao.com\/fr\/wp-json\/wp\/v2\/users\/1"}],"replies":[{"embeddable":true,"href":"https:\/\/www.lyceefrancaisbilbao.com\/fr\/wp-json\/wp\/v2\/comments?post=4707"}],"version-history":[{"count":26,"href":"https:\/\/www.lyceefrancaisbilbao.com\/fr\/wp-json\/wp\/v2\/pages\/4707\/revisions"}],"predecessor-version":[{"id":7222,"href":"https:\/\/www.lyceefrancaisbilbao.com\/fr\/wp-json\/wp\/v2\/pages\/4707\/revisions\/7222"}],"up":[{"embeddable":true,"href":"https:\/\/www.lyceefrancaisbilbao.com\/fr\/wp-json\/wp\/v2\/pages\/4657"}],"wp:attachment":[{"href":"https:\/\/www.lyceefrancaisbilbao.com\/fr\/wp-json\/wp\/v2\/media?parent=4707"}],"curies":[{"name":"wp","href":"https:\/\/api.w.org\/{rel}","templated":true}]}}