{"id":4678,"date":"2025-02-27T13:44:47","date_gmt":"2025-02-27T13:44:47","guid":{"rendered":"https:\/\/www.lyceefrancaisbilbao.com\/nuestro-colegio\/mot-du-proviseur\/"},"modified":"2025-12-08T11:13:47","modified_gmt":"2025-12-08T11:13:47","slug":"mot-du-proviseur","status":"publish","type":"page","link":"https:\/\/www.lyceefrancaisbilbao.com\/fr\/nuestro-colegio\/mot-du-proviseur\/","title":{"rendered":"Mot du proviseur"},"content":{"rendered":"\t\t<div data-elementor-type=\"wp-page\" data-elementor-id=\"4678\" class=\"elementor elementor-4678 elementor-3045\" data-elementor-post-type=\"page\">\n\t\t\t\t<div class=\"elementor-element elementor-element-0889b3f e-flex e-con-boxed e-con e-parent\" data-id=\"0889b3f\" data-element_type=\"container\" data-e-type=\"container\" data-settings=\"{&quot;background_background&quot;:&quot;classic&quot;}\">\n\t\t\t\t\t<div class=\"e-con-inner\">\n\t\t\t\t<div class=\"elementor-element elementor-element-1ccf513 elementor-invisible elementor-widget elementor-widget-heading\" data-id=\"1ccf513\" data-element_type=\"widget\" data-e-type=\"widget\" data-settings=\"{&quot;_animation&quot;:&quot;fadeInUp&quot;}\" data-widget_type=\"heading.default\">\n\t\t\t\t<div class=\"elementor-widget-container\">\n\t\t\t\t\t<h1 class=\"elementor-heading-title elementor-size-default\">Mot du proviseur<\/h1>\t\t\t\t<\/div>\n\t\t\t\t<\/div>\n\t\t\t\t\t<\/div>\n\t\t\t\t<\/div>\n\t\t<div class=\"elementor-element elementor-element-d2bdaeb e-flex e-con-boxed e-con e-parent\" data-id=\"d2bdaeb\" data-element_type=\"container\" data-e-type=\"container\" data-settings=\"{&quot;background_background&quot;:&quot;classic&quot;}\">\n\t\t\t\t\t<div class=\"e-con-inner\">\n\t\t\t\t<div class=\"elementor-element elementor-element-9df99d4 elementor-widget-tablet__width-inherit elementor-absolute elementor-widget elementor-widget-image\" data-id=\"9df99d4\" data-element_type=\"widget\" data-e-type=\"widget\" data-settings=\"{&quot;_position&quot;:&quot;absolute&quot;}\" data-widget_type=\"image.default\">\n\t\t\t\t<div class=\"elementor-widget-container\">\n\t\t\t\t\t\t\t\t\t\t\t\t\t\t\t<img fetchpriority=\"high\" decoding=\"async\" width=\"790\" height=\"549\" src=\"https:\/\/www.lyceefrancaisbilbao.com\/wp-content\/uploads\/2024\/12\/Circle-XXL.webp\" class=\"attachment-large size-large wp-image-4623\" alt=\"\" srcset=\"https:\/\/www.lyceefrancaisbilbao.com\/wp-content\/uploads\/2024\/12\/Circle-XXL.webp 790w, https:\/\/www.lyceefrancaisbilbao.com\/wp-content\/uploads\/2024\/12\/Circle-XXL-300x208.webp 300w, https:\/\/www.lyceefrancaisbilbao.com\/wp-content\/uploads\/2024\/12\/Circle-XXL-768x534.webp 768w\" sizes=\"(max-width: 790px) 100vw, 790px\">\t\t\t\t\t\t\t\t\t\t\t\t\t\t\t<\/div>\n\t\t\t\t<\/div>\n\t\t\t\t<div class=\"elementor-element elementor-element-249041e elementor-invisible elementor-widget elementor-widget-shortcode\" data-id=\"249041e\" data-element_type=\"widget\" data-e-type=\"widget\" data-settings=\"{&quot;_animation&quot;:&quot;slideInDown&quot;}\" data-widget_type=\"shortcode.default\">\n\t\t\t\t<div class=\"elementor-widget-container\">\n\t\t\t\t\t\t\t<div class=\"elementor-shortcode\"><nav aria-label=\"breadcrumbs\" class=\"rank-math-breadcrumb\"><p><span class=\"last\">Home<\/span><\/p><\/nav><\/div>\n\t\t\t\t\t\t<\/div>\n\t\t\t\t<\/div>\n\t\t<div class=\"elementor-element elementor-element-7431807 e-con-full e-flex e-con e-child\" data-id=\"7431807\" data-element_type=\"container\" data-e-type=\"container\">\n\t\t\t\t<div class=\"elementor-element elementor-element-971ff6f elementor-widget__width-initial elementor-hidden-mobile elementor-invisible elementor-widget elementor-widget-image\" data-id=\"971ff6f\" data-element_type=\"widget\" data-e-type=\"widget\" data-settings=\"{&quot;_animation&quot;:&quot;zoomIn&quot;}\" data-widget_type=\"image.default\">\n\t\t\t\t<div class=\"elementor-widget-container\">\n\t\t\t\t\t\t\t\t\t\t\t\t\t\t\t<img decoding=\"async\" width=\"800\" height=\"534\" src=\"https:\/\/www.lyceefrancaisbilbao.com\/wp-content\/uploads\/2025\/03\/IMG_6672-1024x683.webp\" class=\"attachment-large size-large wp-image-4680\" alt=\"\" srcset=\"https:\/\/www.lyceefrancaisbilbao.com\/wp-content\/uploads\/2025\/03\/IMG_6672-1024x683.webp 1024w, https:\/\/www.lyceefrancaisbilbao.com\/wp-content\/uploads\/2025\/03\/IMG_6672-300x200.webp 300w, https:\/\/www.lyceefrancaisbilbao.com\/wp-content\/uploads\/2025\/03\/IMG_6672-768x512.webp 768w, https:\/\/www.lyceefrancaisbilbao.com\/wp-content\/uploads\/2025\/03\/IMG_6672-1536x1024.webp 1536w, https:\/\/www.lyceefrancaisbilbao.com\/wp-content\/uploads\/2025\/03\/IMG_6672.webp 1920w\" sizes=\"(max-width: 800px) 100vw, 800px\">\t\t\t\t\t\t\t\t\t\t\t\t\t\t\t<\/div>\n\t\t\t\t<\/div>\n\t\t\t\t<div class=\"elementor-element elementor-element-ba213cb elementor-invisible elementor-widget elementor-widget-heading\" data-id=\"ba213cb\" data-element_type=\"widget\" data-e-type=\"widget\" data-settings=\"{&quot;_animation&quot;:&quot;fadeInUp&quot;,&quot;_animation_delay&quot;:500}\" data-widget_type=\"heading.default\">\n\t\t\t\t<div class=\"elementor-widget-container\">\n\t\t\t\t\t<h2 class=\"elementor-heading-title elementor-size-default\">Mot du proviseur<\/h2>\t\t\t\t<\/div>\n\t\t\t\t<\/div>\n\t\t\t\t<\/div>\n\t\t<div class=\"elementor-element elementor-element-0955204 e-con-full e-flex e-con e-child\" data-id=\"0955204\" data-element_type=\"container\" data-e-type=\"container\">\n\t\t<div class=\"elementor-element elementor-element-53961d8 e-con-full e-flex e-con e-child\" data-id=\"53961d8\" data-element_type=\"container\" data-e-type=\"container\">\n\t\t\t\t<div class=\"elementor-element elementor-element-d23ae47 elementor-widget__width-initial elementor-invisible elementor-widget elementor-widget-text-editor\" data-id=\"d23ae47\" data-element_type=\"widget\" data-e-type=\"widget\" data-settings=\"{&quot;_animation&quot;:&quot;fadeIn&quot;,&quot;_animation_delay&quot;:1000}\" data-widget_type=\"text-editor.default\">\n\t\t\t\t<div class=\"elementor-widget-container\">\n\t\t\t\t\t\t\t\t\t<p><em>Bienvenue au Lyc\u00e9e fran\u00e7ais de Bilbao<\/em><\/p>\n<p><em>Fond\u00e9 en 1933, le Lyc\u00e9e Fran\u00e7ais de Bilbao accueille des \u00e9l\u00e8ves de toutes nationalit\u00e9s d\u00e8s l\u2019\u00e2ge de deux ans, avec la volont\u00e9 de leur offrir une \u00e9ducation de qualit\u00e9 \u00e0 dimension internationale. Notre projet scolaire repose sur les valeurs d\u2019\u00e9coute, de g\u00e9n\u00e9rosit\u00e9 et d\u2019attention personnalis\u00e9e, afin de garantir la r\u00e9ussite de chacun de nos \u00e9l\u00e8ves tout en leur donnant les moyens de comprendre et de s\u2019\u00e9panouir dans un monde en profond changement.<\/em><\/p>\n<p><em>Faisant partie d\u2019un r\u00e9seau unique de 600 \u00e9tablissements dans 139 pays, le Lyc\u00e9e Fran\u00e7ais de Bilbao suit le programme fran\u00e7ais et d\u00e9livre les dipl\u00f4mes fran\u00e7ais du Brevet et du Baccalaur\u00e9at, avec la possibilit\u00e9 de compl\u00e9ter la formation par des programmes renforc\u00e9s en langues, via les options europ\u00e9ennes et internationales.<\/em><\/p>\n<p><em>D\u00e8s le plus jeune \u00e2ge, les \u00e9coles maternelle et primaire offrent un cadre id\u00e9al pour d\u00e9velopper le plaisir d\u2019apprendre en toute s\u00e9curit\u00e9 et en toute confiance. Nous proposons \u00e0 tous nos \u00e9l\u00e8ves une solide formation en &nbsp;langues \u00e9trang\u00e8res, afin de favoriser les \u00e9changes interculturels. Au coll\u00e8ge et au lyc\u00e9e, nous privil\u00e9gions un enseignement riche en culture g\u00e9n\u00e9rale et formons de futurs citoyens engag\u00e9s, \u00e9coresponsables, conscients de la n\u00e9cessit\u00e9 de prot\u00e9ger l\u2019environnement, capables d\u2019esprit critique et dot\u00e9s \u00e0 la fois d\u2019ouverture d\u2019esprit et d\u2019autonomie intellectuelle.<\/em><\/p>\n<p><em>Les valeurs qui nous guident sont la rigueur intellectuelle, l\u2019\u00e9panouissement personnel et le respect d\u2019autrui. Fiers de repr\u00e9senter une longue tradition culturelle, nous regardons \u00e9galement vers l\u2019avenir en int\u00e9grant les outils num\u00e9riques dans une approche \u00e9ducative raisonn\u00e9e et responsable.<\/em><\/p>\n<p><em>Notre \u00e9tablissement a une ambition qui s\u2019adresse \u00e0 tous. Notre \u00e9tablissement a une ambition qui s\u2019adresse \u00e0 tous. Choisir le Lyc\u00e9e Fran\u00e7ais de Bilbao, c\u2019est offrir \u00e0 votre enfant une \u00e9ducation reconnue dans le monde entier et lui donner la possibilit\u00e9 de poursuivre ses \u00e9tudes dans les meilleures universit\u00e9s d\u2019Espagne, de France ou \u00e0 l\u2019international.<\/em><\/p>\t\t\t\t\t\t\t\t<\/div>\n\t\t\t\t<\/div>\n\t\t\t\t<div class=\"elementor-element elementor-element-a3deed5 elementor-widget elementor-widget-heading\" data-id=\"a3deed5\" data-element_type=\"widget\" data-e-type=\"widget\" data-widget_type=\"heading.default\">\n\t\t\t\t<div class=\"elementor-widget-container\">\n\t\t\t\t\t<p class=\"elementor-heading-title elementor-size-default\">Fabien du Fayet\u2028de la Tour<\/p>\t\t\t\t<\/div>\n\t\t\t\t<\/div>\n\t\t\t\t<div class=\"elementor-element elementor-element-c73ac00 elementor-widget elementor-widget-heading\" data-id=\"c73ac00\" data-element_type=\"widget\" data-e-type=\"widget\" data-widget_type=\"heading.default\">\n\t\t\t\t<div class=\"elementor-widget-container\">\n\t\t\t\t\t<p class=\"elementor-heading-title elementor-size-default\">Proviseur<\/p>\t\t\t\t<\/div>\n\t\t\t\t<\/div>\n\t\t\t\t<\/div>\n\t\t\t\t<\/div>\n\t\t\t\t\t<\/div>\n\t\t\t\t<\/div>\n\t\t\t\t<\/div>\n\t\t","protected":false},"excerpt":{"rendered":"<p>Mot du proviseur Mot du proviseur Bienvenue au Lyc\u00e9e fran\u00e7ais de Bilbao Fond\u00e9 en 1933, le Lyc\u00e9e Fran\u00e7ais de Bilbao accueille des \u00e9l\u00e8ves de toutes nationalit\u00e9s d\u00e8s l\u2019\u00e2ge de deux ans, avec la volont\u00e9 de leur offrir une \u00e9ducation de qualit\u00e9 \u00e0 dimension internationale. Notre projet scolaire repose sur les valeurs d\u2019\u00e9coute, de g\u00e9n\u00e9rosit\u00e9 et [&hellip;]<\/p>\n","protected":false},"author":1,"featured_media":0,"parent":4657,"menu_order":0,"comment_status":"closed","ping_status":"closed","template":"","meta":{"footnotes":""},"class_list":["post-4678","page","type-page","status-publish","hentry"],"_links":{"self":[{"href":"https:\/\/www.lyceefrancaisbilbao.com\/fr\/wp-json\/wp\/v2\/pages\/4678","targetHints":{"allow":["GET"]}}],"collection":[{"href":"https:\/\/www.lyceefrancaisbilbao.com\/fr\/wp-json\/wp\/v2\/pages"}],"about":[{"href":"https:\/\/www.lyceefrancaisbilbao.com\/fr\/wp-json\/wp\/v2\/types\/page"}],"author":[{"embeddable":true,"href":"https:\/\/www.lyceefrancaisbilbao.com\/fr\/wp-json\/wp\/v2\/users\/1"}],"replies":[{"embeddable":true,"href":"https:\/\/www.lyceefrancaisbilbao.com\/fr\/wp-json\/wp\/v2\/comments?post=4678"}],"version-history":[{"count":9,"href":"https:\/\/www.lyceefrancaisbilbao.com\/fr\/wp-json\/wp\/v2\/pages\/4678\/revisions"}],"predecessor-version":[{"id":6031,"href":"https:\/\/www.lyceefrancaisbilbao.com\/fr\/wp-json\/wp\/v2\/pages\/4678\/revisions\/6031"}],"up":[{"embeddable":true,"href":"https:\/\/www.lyceefrancaisbilbao.com\/fr\/wp-json\/wp\/v2\/pages\/4657"}],"wp:attachment":[{"href":"https:\/\/www.lyceefrancaisbilbao.com\/fr\/wp-json\/wp\/v2\/media?parent=4678"}],"curies":[{"name":"wp","href":"https:\/\/api.w.org\/{rel}","templated":true}]}}