{"id":5040,"date":"2024-12-17T10:28:43","date_gmt":"2024-12-17T10:28:43","guid":{"rendered":"https:\/\/www.lyceefrancaisbilbao.com\/legal-notice\/"},"modified":"2026-01-29T09:11:00","modified_gmt":"2026-01-29T09:11:00","slug":"legal-notice","status":"publish","type":"page","link":"https:\/\/www.lyceefrancaisbilbao.com\/en\/legal-notice\/","title":{"rendered":"Legal Notice"},"content":{"rendered":"\t\t<div data-elementor-type=\"wp-page\" data-elementor-id=\"5040\" class=\"elementor elementor-5040 elementor-442\" data-elementor-post-type=\"page\">\n\t\t\t\t<div class=\"elementor-element elementor-element-e49379c e-flex e-con-boxed e-con e-parent\" data-id=\"e49379c\" data-element_type=\"container\" data-e-type=\"container\" data-settings=\"{&quot;background_background&quot;:&quot;classic&quot;}\">\n\t\t\t\t\t<div class=\"e-con-inner\">\n\t\t\t\t<div class=\"elementor-element elementor-element-144b023 elementor-widget elementor-widget-heading\" data-id=\"144b023\" data-element_type=\"widget\" data-e-type=\"widget\" data-widget_type=\"heading.default\">\n\t\t\t\t<div class=\"elementor-widget-container\">\n\t\t\t\t\t<h1 class=\"elementor-heading-title elementor-size-default\">Legal Notice<\/h1>\t\t\t\t<\/div>\n\t\t\t\t<\/div>\n\t\t\t\t\t<\/div>\n\t\t\t\t<\/div>\n\t\t<div class=\"elementor-element elementor-element-6114819 e-flex e-con-boxed e-con e-parent\" data-id=\"6114819\" data-element_type=\"container\" data-e-type=\"container\" data-settings=\"{&quot;background_background&quot;:&quot;classic&quot;}\">\n\t\t\t\t\t<div class=\"e-con-inner\">\n\t\t\t\t<div class=\"elementor-element elementor-element-c0766ee elementor-widget elementor-widget-shortcode\" data-id=\"c0766ee\" data-element_type=\"widget\" data-e-type=\"widget\" data-widget_type=\"shortcode.default\">\n\t\t\t\t<div class=\"elementor-widget-container\">\n\t\t\t\t\t\t\t<div class=\"elementor-shortcode\"><nav aria-label=\"breadcrumbs\" class=\"rank-math-breadcrumb\"><p><span class=\"last\">Home<\/span><\/p><\/nav><\/div>\n\t\t\t\t\t\t<\/div>\n\t\t\t\t<\/div>\n\t\t<div class=\"elementor-element elementor-element-2d50e1c e-con-full e-flex e-con e-child\" data-id=\"2d50e1c\" data-element_type=\"container\" data-e-type=\"container\">\n\t\t<div class=\"elementor-element elementor-element-73e8f30 e-con-full e-flex e-con e-child\" data-id=\"73e8f30\" data-element_type=\"container\" data-e-type=\"container\">\n\t\t\t\t<div class=\"elementor-element elementor-element-899c8d9 elementor-widget__width-initial elementor-widget elementor-widget-text-editor\" data-id=\"899c8d9\" data-element_type=\"widget\" data-e-type=\"widget\" data-widget_type=\"text-editor.default\">\n\t\t\t\t<div class=\"elementor-widget-container\">\n\t\t\t\t\t\t\t\t\t<p align=\"justify\"><span lang=\"es-ES\">Thank you for choosing to visit us. We want your experience on our website to be the best it can be. <\/span><\/p><p align=\"justify\"><span lang=\"es-ES\">To access our services, you declare that <\/span><span lang=\"es-ES\">you are of legal age<\/span><span lang=\"es-ES\"> and that you have sufficient legal capacity to use our services, in accordance with your national law.<\/span><\/p><p align=\"justify\"><span lang=\"es-ES\">The access and navigation on the website, or the use of its services, implies the express and full acceptance of each and every one of these General Conditions, including both the Special Conditions set for certain promotions, as well as the Privacy Policy and Cookies, related to the current regulations on the subject of Personal Data Protection. Please, we recommend that you read them carefully to know what kind of data is collected through our Web, for what purposes and what rights related to it concern you. <\/span><\/p><h2 align=\"justify\"><strong><span lang=\"es-ES\">Website owner<\/span><\/strong><\/h2><p align=\"justify\"><span lang=\"es-ES\">In compliance with the duty of information contained in Article 10 of Law 34\/2002 of Services of the Information Society and Electronic Commerce (LSSI-CE) of July 11, the following general information about this website is provided below:<\/span><\/p><p align=\"justify\"><span lang=\"es-ES\">The ownership of this website, <\/span><a href=\"https:\/\/www.lyceefrancaisbilbao.com\/en\/\"><span lang=\"es-ES\">www.lyceefrancaisbilbao.com<\/span><\/a><span lang=\"es-ES\"> (hereinafter, website) is held by: ASOCIACI\u00d3N FRANCESA DE EDUCACI\u00d3N DE BENEFICENCIA Y DE DEPORTES DE BILBAO with CIF: N0011452J, registered in the National Register of Associations with the registration number 2030 and in the Register of Associations of the Basque Government with the number 87. <\/span> <\/p><p align=\"justify\"><span lang=\"es-ES\">Contact information:<\/span><\/p><p align=\"justify\"><span lang=\"es-ES\">Address: Barrio Galbarriatu, 10. 48170 Zamudio (Bikaia) <\/span><\/p><p align=\"justify\"><span lang=\"es-ES\">Contact telephone: 944544013<\/span><\/p><p align=\"justify\"><span lang=\"es-ES\">Contact email: <\/span><span lang=\"es-ES\"><a href=\"mailto:administration@lyceefrancaisbilbao.net\">administration@lyceefrancaisbilbao.net<\/a><\/span><\/p><h2><strong>Housing data<\/strong><\/h2><p>In compliance with the duty of information set out in article 48 of the SREN law, 4th, (LOI n\u00b0 2024-449 du 21 mai 2024 visant \u00e0 s\u00e9curiser et \u00e0 r\u00e9guler l&#8217;espace num\u00e9rique) intended to guarantee and regulate the digital space, the following general information data relating to the storage of data on this website is provided below.<\/p><p>Name: LucusHost, S.L.<\/p><p>Address: Calle Mar Cant\u00e1brico 23, Entresuelo B, 27004, Lugo, Espa\u00f1a.<\/p><p>Phone: +34 982 989 112<\/p><h2 align=\"justify\"><strong><span lang=\"es-ES\">Users<\/span><\/strong><\/h2><p align=\"justify\"><span lang=\"es-ES\">The user of this website is informed that access to the same implies full and unreserved acceptance of each and every one of the conditions included in this legal notice, being also applicable and as the case may be the corresponding mandatory legal regulations.<\/span><\/p><p align=\"justify\"><span lang=\"es-ES\">The user assumes responsibility for the correct use of the website. This responsibility shall extend to: <\/span><\/p><p align=\"justify\"><span lang=\"es-ES\">The user of the website undertakes to use the website in accordance with the provisions of the Law and this Legal Notice, according to good customs and public order.<\/span><\/p><p align=\"justify\"><span lang=\"es-ES\">ASOCIACI\u00d3N FRANCESA DE EDUCACI\u00d3N DE BENEFICENCIA Y DE DEPORTES DE BILBAO provides access to a multitude of information, services, programs or data belonging to ASOCIACI\u00d3N FRANCESA DE EDUCACI\u00d3N DE BENEFICENCIA Y DE DEPORTES DE BILBAO or its licensors to which the USER may have access. The USER assumes responsibility for the use of the portal. This responsibility extends to any registration that may be necessary to access certain services or contents. The USER undertakes to make appropriate use of the contents and services that ASOCIACI\u00d3N FRANCESA DE EDUCACI\u00d3N DE BENEFICENCIA Y DE DEPORTES DE BILBAO may offer through its portal and, including but not limited to, not to use them for (i) engaging in illicit or illegal activities or those contrary to good faith and public order; (ii) disseminating contents or propaganda of a racist, xenophobic, pornographic-illegal nature, in apology of terrorism or in violation of human rights; (iii) cause damage to the physical and logical systems of the FRENCH ASSOCIATION OF BENEFICIAL EDUCATION AND SPORTS OF BILBAO, its suppliers or third parties, introduce or disseminate computer viruses or any other physical or logical systems that may cause the aforementioned damage; (iv) attempt to access and, where appropriate, use the e-mail accounts of other users and modify or manipulate their messages.       <\/span><\/p><p align=\"justify\"><span lang=\"es-ES\">In any case, the FRENCH ASSOCIATION OF BENEFICIAL EDUCATION AND SPORTS OF BILBAO will not be responsible for the opinions expressed by users through comments or other blogging or participation tools that may be available.<\/span><\/p><p align=\"justify\"><span lang=\"es-ES\">Mere access to this website does not imply any commercial relationship between the FRENCH ASSOCIATION OF BENEFICIAL EDUCATION AND SPORTS OF BILBAO and the user.<\/span><\/p><p align=\"justify\"><span lang=\"es-ES\">The user declares to be of legal age and to have sufficient legal capacity to be bound by these conditions. Therefore, this website is not intended for minors. THE FRENCH ASSOCIATION OF BENEFICIARY EDUCATION AND SPORTS OF BILBAO declines any responsibility for failure to comply with this requirement.  <\/span><\/p><p align=\"justify\"><span lang=\"es-ES\">The responsibility derived from the misuse of the contents of this website will fall solely and exclusively on the User who accesses them, being the FRENCH ASSOCIATION OF BENEFICIARY EDUCATION AND SPORTS OF BILBAO exonerated from any kind of responsibility in this regard.<\/span><\/p><h2 align=\"justify\"><strong><span lang=\"es-ES\">Disclaimer of warranties and liability<\/span><\/strong><\/h2><p align=\"justify\"><span lang=\"es-ES\">THE FRENCH ASSOCIATION OF BENEFICIARY EDUCATION AND SPORTS OF BILBAO is not responsible, in any case, for damages of any nature that may cause, but not limited to: errors or omissions in the contents, lack of availability of the portal or the transmission of viruses or malicious or harmful programs in the contents, despite having taken all the necessary technological measures to prevent it.<\/span><\/p><h2 align=\"justify\"><strong><span lang=\"es-ES\">Links<\/span><\/strong><\/h2><p align=\"justify\"><span lang=\"es-ES\">In the event that ASOCIACI\u00d3N FRANCESA DE EDUCACI\u00d3N DE BENEFICENCIA Y DE DEPORTES DE BILBAO has links or hyperlinks to other Internet sites, ASOCIACI\u00d3N FRANCESA DE EDUCACI\u00d3N DE BENEFICENCIA Y DE DEPORTES DE BILBAO shall not exercise any type of control over said sites and contents. Under no circumstances shall the FRENCH ASSOCIATION OF BENEFICIENCY EDUCATION AND SPORTS OF BILBAO assume any responsibility for the contents of any link belonging to a third-party website, nor guarantee the technical availability, quality, reliability, accuracy, comprehensiveness, truthfulness, validity and constitutionality of any material or information contained in any such hyperlinks or other Internet sites. <\/span><\/p><p align=\"justify\"><span lang=\"es-ES\">Likewise, the inclusion of these external connections shall not imply any type of association, merger or participation with the connected entities.<\/span><\/p><h2 align=\"justify\"><strong><span lang=\"es-ES\">Privacy<\/span><\/strong><\/h2><p align=\"justify\"><span lang=\"es-ES\">ASOCIACI\u00d3N FRANCESA DE EDUCACI\u00d3N DE BENEFICENCIA Y DE DEPORTES DE BILBAO complies with the Organic Law 3\/2018, of December 5, on the Protection of Personal Data and guarantee of digital rights and the European Data Protection Regulation (GDPR) and with any other regulation in force on the matter, and maintains a Privacy Policy sobvre personal data, which mainly describes the use that the FRENCH ASSOCIATION OF BENEFICIAL EDUCATION AND SPORTS OF BILBAO makes of personal data, informs the User in detail of the essential circumstances of such use and the security measures that apply to their personal data to prevent unauthorized third parties from accessing them.<\/span><\/p><p align=\"justify\"><span lang=\"es-ES\">THE FRENCH ASSOCIATION OF BENEFICIARY EDUCATION AND SPORTS OF BILBAO may use &#8220;cookies&#8221;. Cookies are text files that computers send to your hard disk to facilitate faster access to the selected web page. The purpose of the &#8220;cookies&#8221; of ASOCIACI\u00d3N FRANCESA DE EDUCACI\u00d3N DE BENEFICENCIA Y DE DEPORTES DE BILBAO is to personalize the services we offer you, providing you with information that may be of interest to you. Cookies do not extract information from your computer, nor do they determine where you are. If you do not want a cookie to be installed on your hard drive, we ask you to configure your computer&#8217;s browser so that it does not receive them. However, we would like to point out that, in any case, the performance of the website may be reduced.     <\/span><\/p><h2 align=\"justify\"><strong><span lang=\"es-ES\">Intellectual and industrial property<\/span><\/strong><\/h2><p align=\"justify\"><span lang=\"es-ES\">ASOCIACI\u00d3N FRANCESA DE EDUCACI\u00d3N DE BENEFICENCIA Y DE DEPORTES DE BILBAO by itself or as an assignee, is the owner of all intellectual and industrial property rights of its website, as well as of the elements contained therein (including, but not limited to, images, sound, audio, video, software or texts; trademarks or logos, color combinations, structure and design, selection of materials used, computer programs necessary for its operation, access and use, etc.). The reproduction, distribution and public communication, including its modality of making available, of all or part of the contents of this web page, for commercial purposes, in any support and by any technical means, without the authorization of ASOCIACI\u00d3N FRANCESA DE EDUCACI\u00d3N DE BENEFICENCIA Y DE DEPORTES DE BILBAO, is expressly forbidden. <\/span><\/p><p align=\"justify\"><span lang=\"es-ES\">The USER undertakes to respect the Intellectual and Industrial Property rights owned by ASOCIACI\u00d3N FRANCESA DE EDUCACI\u00d3N DE BENEFICENCIA Y DE DEPORTES DE BILBAO. The USER may view the elements of the portal and even print, copy and store them on the hard disk of his\/her computer or any other physical support as long as it is, solely and exclusively, for his\/her personal and private use. The USER shall refrain from deleting, altering, evading or manipulating any protection device or security system installed on the pages of the FRENCH ASSOCIATION OF BENEFICIAL EDUCATION AND SPORTS OF BILBAO.  <\/span><\/p><p align=\"justify\"><strong><span lang=\"es-ES\">Modification of these conditions<\/span><\/strong><\/p><p align=\"justify\"><span lang=\"es-ES\">THE FRENCH ASSOCIATION OF BENEFICIENCY EDUCATION AND SPORTS OF BILBAO may modify at any time the conditions determined here, being duly published as they appear here. The validity of the aforementioned conditions will depend on their exposure and will be in force until they are modified by others duly published. <\/span><\/p><h2 align=\"justify\"><strong><span lang=\"es-ES\">Applicable legislation<\/span><\/strong><\/h2><p align=\"justify\"><span lang=\"es-ES\">THE FRENCH ASSOCIATION OF BENEFICIARY EDUCATION AND SPORTS OF BILBAO reserves the right to bring any civil or criminal action it deems necessary for improper use of the website and its contents, or for breach of these conditions.<\/span><\/p><p align=\"justify\"><span lang=\"es-ES\">The relationship between the user and ASOCIACI\u00d3N FRANCESA DE EDUCACI\u00d3N DE BENEFICENCIA Y DE DEPORTES DE BILBAO shall be governed by the regulations in force and applicable in the Spanish territory. Should any controversy arise in relation to the interpretation and\/or application of these conditions, the parties will submit their conflicts to the ordinary jurisdiction, submitting themselves to the judges and courts that correspond according to law. <\/span><\/p>\t\t\t\t\t\t\t\t<\/div>\n\t\t\t\t<\/div>\n\t\t\t\t<\/div>\n\t\t\t\t<\/div>\n\t\t\t\t\t<\/div>\n\t\t\t\t<\/div>\n\t\t\t\t<\/div>\n\t\t","protected":false},"excerpt":{"rendered":"<p>Legal Notice Thank you for choosing to visit us. We want your experience on our website to be the best it can be. To access our services, you declare that you are of legal age and that you have sufficient legal capacity to use our services, in accordance with your national law. The access and [&hellip;]<\/p>\n","protected":false},"author":1,"featured_media":0,"parent":0,"menu_order":11,"comment_status":"closed","ping_status":"closed","template":"","meta":{"footnotes":""},"class_list":["post-5040","page","type-page","status-publish","hentry"],"_links":{"self":[{"href":"https:\/\/www.lyceefrancaisbilbao.com\/en\/wp-json\/wp\/v2\/pages\/5040","targetHints":{"allow":["GET"]}}],"collection":[{"href":"https:\/\/www.lyceefrancaisbilbao.com\/en\/wp-json\/wp\/v2\/pages"}],"about":[{"href":"https:\/\/www.lyceefrancaisbilbao.com\/en\/wp-json\/wp\/v2\/types\/page"}],"author":[{"embeddable":true,"href":"https:\/\/www.lyceefrancaisbilbao.com\/en\/wp-json\/wp\/v2\/users\/1"}],"replies":[{"embeddable":true,"href":"https:\/\/www.lyceefrancaisbilbao.com\/en\/wp-json\/wp\/v2\/comments?post=5040"}],"version-history":[{"count":2,"href":"https:\/\/www.lyceefrancaisbilbao.com\/en\/wp-json\/wp\/v2\/pages\/5040\/revisions"}],"predecessor-version":[{"id":6887,"href":"https:\/\/www.lyceefrancaisbilbao.com\/en\/wp-json\/wp\/v2\/pages\/5040\/revisions\/6887"}],"wp:attachment":[{"href":"https:\/\/www.lyceefrancaisbilbao.com\/en\/wp-json\/wp\/v2\/media?parent=5040"}],"curies":[{"name":"wp","href":"https:\/\/api.w.org\/{rel}","templated":true}]}}