{"id":4908,"date":"2025-02-24T11:47:07","date_gmt":"2025-02-24T11:47:07","guid":{"rendered":"https:\/\/www.lyceefrancaisbilbao.com\/information-practice\/internal-regulations\/"},"modified":"2026-03-16T12:43:28","modified_gmt":"2026-03-16T12:43:28","slug":"internal-regulations","status":"publish","type":"page","link":"https:\/\/www.lyceefrancaisbilbao.com\/en\/information-practice\/internal-regulations\/","title":{"rendered":"Internal Regulations"},"content":{"rendered":"\t\t<div data-elementor-type=\"wp-page\" data-elementor-id=\"4908\" class=\"elementor elementor-4908 elementor-4818\" data-elementor-post-type=\"page\">\n\t\t\t\t<div class=\"elementor-element elementor-element-d8dbb6d e-flex e-con-boxed e-con e-parent\" data-id=\"d8dbb6d\" data-element_type=\"container\" data-e-type=\"container\">\n\t\t\t\t\t<div class=\"e-con-inner\">\n\t\t\t\t<div class=\"elementor-element elementor-element-cc847a8 elementor-widget elementor-widget-menu-anchor\" data-id=\"cc847a8\" data-element_type=\"widget\" data-e-type=\"widget\" data-widget_type=\"menu-anchor.default\">\n\t\t\t\t<div class=\"elementor-widget-container\">\n\t\t\t\t\t\t\t<div class=\"elementor-menu-anchor\" id=\"informations-pratiques\"><\/div>\n\t\t\t\t\t\t<\/div>\n\t\t\t\t<\/div>\n\t\t\t\t\t<\/div>\n\t\t\t\t<\/div>\n\t\t<div class=\"elementor-element elementor-element-905c3ba e-flex e-con-boxed e-con e-parent\" data-id=\"905c3ba\" data-element_type=\"container\" data-e-type=\"container\" data-settings=\"{&quot;background_background&quot;:&quot;classic&quot;}\">\n\t\t\t\t\t<div class=\"e-con-inner\">\n\t\t\t\t<div class=\"elementor-element elementor-element-a687642 elementor-invisible elementor-widget elementor-widget-heading\" data-id=\"a687642\" data-element_type=\"widget\" data-e-type=\"widget\" data-settings=\"{&quot;_animation&quot;:&quot;fadeInUp&quot;}\" data-widget_type=\"heading.default\">\n\t\t\t\t<div class=\"elementor-widget-container\">\n\t\t\t\t\t<h1 class=\"elementor-heading-title elementor-size-default\">R\u00e8glements internes<\/h1>\t\t\t\t<\/div>\n\t\t\t\t<\/div>\n\t\t\t\t\t<\/div>\n\t\t\t\t<\/div>\n\t\t<div class=\"elementor-element elementor-element-ccbf01f e-flex e-con-boxed e-con e-parent\" data-id=\"ccbf01f\" data-element_type=\"container\" data-e-type=\"container\" data-settings=\"{&quot;background_background&quot;:&quot;classic&quot;}\">\n\t\t\t\t\t<div class=\"e-con-inner\">\n\t\t\t\t<div class=\"elementor-element elementor-element-62b452d elementor-invisible elementor-widget elementor-widget-shortcode\" data-id=\"62b452d\" data-element_type=\"widget\" data-e-type=\"widget\" data-settings=\"{&quot;_animation&quot;:&quot;slideInDown&quot;}\" data-widget_type=\"shortcode.default\">\n\t\t\t\t<div class=\"elementor-widget-container\">\n\t\t\t\t\t\t\t<div class=\"elementor-shortcode\"><nav aria-label=\"breadcrumbs\" class=\"rank-math-breadcrumb\"><p><span class=\"last\">Home<\/span><\/p><\/nav><\/div>\n\t\t\t\t\t\t<\/div>\n\t\t\t\t<\/div>\n\t\t\t\t\t<\/div>\n\t\t\t\t<\/div>\n\t\t<div class=\"elementor-element elementor-element-ae71b86 e-flex e-con-boxed elementor-invisible e-con e-parent\" data-id=\"ae71b86\" data-element_type=\"container\" data-e-type=\"container\" data-settings=\"{&quot;background_background&quot;:&quot;classic&quot;,&quot;animation&quot;:&quot;fadeInUp&quot;}\">\n\t\t\t\t\t<div class=\"e-con-inner\">\n\t\t<div class=\"elementor-element elementor-element-d253f19 e-con-full e-flex e-con e-child\" data-id=\"d253f19\" data-element_type=\"container\" data-e-type=\"container\" data-settings=\"{&quot;background_background&quot;:&quot;classic&quot;}\">\n\t\t<div class=\"elementor-element elementor-element-95a673f e-con-full e-flex e-con e-child\" data-id=\"95a673f\" data-element_type=\"container\" data-e-type=\"container\" data-settings=\"{&quot;background_background&quot;:&quot;classic&quot;}\">\n\t\t<div class=\"elementor-element elementor-element-93677da e-con-full e-flex e-con e-child\" data-id=\"93677da\" data-element_type=\"container\" data-e-type=\"container\" data-settings=\"{&quot;background_background&quot;:&quot;classic&quot;}\">\n\t\t\t\t<div class=\"elementor-element elementor-element-07fd340 elementor-widget__width-initial elementor-widget elementor-widget-heading\" data-id=\"07fd340\" data-element_type=\"widget\" data-e-type=\"widget\" data-widget_type=\"heading.default\">\n\t\t\t\t<div class=\"elementor-widget-container\">\n\t\t\t\t\t<div class=\"elementor-heading-title elementor-size-default\">R\u00e8glements Primaire<\/div>\t\t\t\t<\/div>\n\t\t\t\t<\/div>\n\t\t\t\t<div class=\"elementor-element elementor-element-9a46de4 elementor-mobile-align-justify elementor-widget elementor-widget-button\" data-id=\"9a46de4\" data-element_type=\"widget\" data-e-type=\"widget\" data-widget_type=\"button.default\">\n\t\t\t\t<div class=\"elementor-widget-container\">\n\t\t\t\t\t\t\t\t\t<div class=\"elementor-button-wrapper\">\n\t\t\t\t\t<a class=\"elementor-button elementor-button-link elementor-size-sm\" href=\"https:\/\/drive.google.com\/file\/d\/1tAqmp8b8vCK-efCtJzN-FBjpCECdp99u\/view\" target=\"_blank\" rel=\"noopener\">\n\t\t\t\t\t\t<span class=\"elementor-button-content-wrapper\">\n\t\t\t\t\t\t<span class=\"elementor-button-icon\">\n\t\t\t\t<svg aria-hidden=\"true\" class=\"e-font-icon-svg e-fas-angle-down\" viewBox=\"0 0 320 512\" xmlns=\"http:\/\/www.w3.org\/2000\/svg\"><path d=\"M143 352.3L7 216.3c-9.4-9.4-9.4-24.6 0-33.9l22.6-22.6c9.4-9.4 24.6-9.4 33.9 0l96.4 96.4 96.4-96.4c9.4-9.4 24.6-9.4 33.9 0l22.6 22.6c9.4 9.4 9.4 24.6 0 33.9l-136 136c-9.2 9.4-24.4 9.4-33.8 0z\"><\/path><\/svg>\t\t\t<\/span>\n\t\t\t\t\t\t\t\t\t<span class=\"elementor-button-text\">T\u00e9l\u00e9charger<\/span>\n\t\t\t\t\t<\/span>\n\t\t\t\t\t<\/a>\n\t\t\t\t<\/div>\n\t\t\t\t\t\t\t\t<\/div>\n\t\t\t\t<\/div>\n\t\t\t\t<\/div>\n\t\t<div class=\"elementor-element elementor-element-651f906 e-con-full e-flex e-con e-child\" data-id=\"651f906\" data-element_type=\"container\" data-e-type=\"container\" data-settings=\"{&quot;background_background&quot;:&quot;classic&quot;}\">\n\t\t\t\t<div class=\"elementor-element elementor-element-eade41b elementor-widget__width-initial elementor-widget elementor-widget-heading\" data-id=\"eade41b\" data-element_type=\"widget\" data-e-type=\"widget\" data-widget_type=\"heading.default\">\n\t\t\t\t<div class=\"elementor-widget-container\">\n\t\t\t\t\t<div class=\"elementor-heading-title elementor-size-default\">R\u00e8glements Secundaire<\/div>\t\t\t\t<\/div>\n\t\t\t\t<\/div>\n\t\t\t\t<div class=\"elementor-element elementor-element-2a74861 elementor-mobile-align-justify elementor-widget elementor-widget-button\" data-id=\"2a74861\" data-element_type=\"widget\" data-e-type=\"widget\" data-widget_type=\"button.default\">\n\t\t\t\t<div class=\"elementor-widget-container\">\n\t\t\t\t\t\t\t\t\t<div class=\"elementor-button-wrapper\">\n\t\t\t\t\t<a class=\"elementor-button elementor-button-link elementor-size-sm\" href=\"https:\/\/drive.google.com\/file\/d\/1jGuDUIBY1dawiJ8sdG7Jq-PrCaiuZlsl\/view\" target=\"_blank\" rel=\"noopener\">\n\t\t\t\t\t\t<span class=\"elementor-button-content-wrapper\">\n\t\t\t\t\t\t<span class=\"elementor-button-icon\">\n\t\t\t\t<svg aria-hidden=\"true\" class=\"e-font-icon-svg e-fas-angle-down\" viewBox=\"0 0 320 512\" xmlns=\"http:\/\/www.w3.org\/2000\/svg\"><path d=\"M143 352.3L7 216.3c-9.4-9.4-9.4-24.6 0-33.9l22.6-22.6c9.4-9.4 24.6-9.4 33.9 0l96.4 96.4 96.4-96.4c9.4-9.4 24.6-9.4 33.9 0l22.6 22.6c9.4 9.4 9.4 24.6 0 33.9l-136 136c-9.2 9.4-24.4 9.4-33.8 0z\"><\/path><\/svg>\t\t\t<\/span>\n\t\t\t\t\t\t\t\t\t<span class=\"elementor-button-text\">T\u00e9l\u00e9charger<\/span>\n\t\t\t\t\t<\/span>\n\t\t\t\t\t<\/a>\n\t\t\t\t<\/div>\n\t\t\t\t\t\t\t\t<\/div>\n\t\t\t\t<\/div>\n\t\t\t\t<\/div>\n\t\t\t\t<\/div>\n\t\t<div class=\"elementor-element elementor-element-0f9a6e2 e-con-full e-flex e-con e-child\" data-id=\"0f9a6e2\" data-element_type=\"container\" data-e-type=\"container\" data-settings=\"{&quot;background_background&quot;:&quot;classic&quot;}\">\n\t\t\t\t<div class=\"elementor-element elementor-element-53936a0 elementor-widget elementor-widget-text-editor\" data-id=\"53936a0\" data-element_type=\"widget\" data-e-type=\"widget\" data-widget_type=\"text-editor.default\">\n\t\t\t\t<div class=\"elementor-widget-container\">\n\t\t\t\t\t\t\t\t\t<p>Le Lyc\u00e9e Fran\u00e7ais de Bilbao est un lieu d&#8217;enseignement, de travail et d&#8217;\u00e9ducation qui aide \u00e0 pr\u00e9parer les \u00e9l\u00e8ves \u00e0 leur vie d&#8217;adultes et de citoyens, o\u00f9 les valeurs de libert\u00e9, d&#8217;\u00e9galit\u00e9 et de fraternit\u00e9 sont pleinement appliqu\u00e9es.<br><\/p><p>Ces valeurs reposent sur des principes fondamentaux que chacun doit respecter : la neutralit\u00e9, la la\u00efcit\u00e9, le devoir de tol\u00e9rance, le respect de la personne et des croyances d&#8217;autrui, l&#8217;\u00e9galit\u00e9 des chances et de traitement entre les filles et les gar\u00e7ons, l&#8217;absence de toute discrimination, les garanties de protection contre toute forme de violence psychologique, physique ou morale, et le devoir qui en d\u00e9coule de ne recourir \u00e0 aucune violence.<br><\/p><p>Le lyc\u00e9e est un lieu de vie et d&#8217;\u00e9panouissement, qui garantit la s\u00e9curit\u00e9 mat\u00e9rielle et morale des \u00e9l\u00e8ves dans un syst\u00e8me \u00e9ducatif conforme aux programmes et aux m\u00e9thodes de l&#8217;\u00c9ducation nationale fran\u00e7aise. Son objectif est de construire la personnalit\u00e9 : de l&#8217;enfance \u00e0 l&#8217;acc\u00e8s aux \u00e9tudes sup\u00e9rieures, il pr\u00e9pare les \u00e9l\u00e8ves \u00e0 comprendre le monde dans lequel ils vivent et \u00e0 y trouver leur place. <\/p>\t\t\t\t\t\t\t\t<\/div>\n\t\t\t\t<\/div>\n\t\t\t\t<div class=\"elementor-element elementor-element-04c99c1 elementor-widget__width-initial elementor-widget elementor-widget-text-editor\" data-id=\"04c99c1\" data-element_type=\"widget\" data-e-type=\"widget\" data-widget_type=\"text-editor.default\">\n\t\t\t\t<div class=\"elementor-widget-container\">\n\t\t\t\t\t\t\t\t\t<p><em>L&#8217;int\u00e9gration harmonieuse dans la soci\u00e9t\u00e9 passe par deux missions essentielles et indissociables : l&#8217;enseignement et l&#8217;\u00e9ducation.<\/em><\/p>\t\t\t\t\t\t\t\t<\/div>\n\t\t\t\t<\/div>\n\t\t\t\t<div class=\"elementor-element elementor-element-08ca9cb elementor-absolute elementor-widget elementor-widget-image\" data-id=\"08ca9cb\" data-element_type=\"widget\" data-e-type=\"widget\" data-settings=\"{&quot;_position&quot;:&quot;absolute&quot;}\" data-widget_type=\"image.default\">\n\t\t\t\t<div class=\"elementor-widget-container\">\n\t\t\t\t\t\t\t\t\t\t\t\t\t\t\t<img decoding=\"async\" width=\"105\" height=\"86\" src=\"https:\/\/www.lyceefrancaisbilbao.com\/wp-content\/uploads\/2025\/01\/Quote-mark-439326579.svg\" class=\"attachment-large size-large wp-image-5554\" alt=\"\">\t\t\t\t\t\t\t\t\t\t\t\t\t\t\t<\/div>\n\t\t\t\t<\/div>\n\t\t\t\t<\/div>\n\t\t\t\t<\/div>\n\t\t\t\t\t<\/div>\n\t\t\t\t<\/div>\n\t\t\t\t<\/div>\n\t\t","protected":false},"excerpt":{"rendered":"<p>R\u00e8glements internes R\u00e8glements Primaire T\u00e9l\u00e9charger R\u00e8glements Secundaire T\u00e9l\u00e9charger Le Lyc\u00e9e Fran\u00e7ais de Bilbao est un lieu d&#8217;enseignement, de travail et d&#8217;\u00e9ducation qui aide \u00e0 pr\u00e9parer les \u00e9l\u00e8ves \u00e0 leur vie d&#8217;adultes et de citoyens, o\u00f9 les valeurs de libert\u00e9, d&#8217;\u00e9galit\u00e9 et de fraternit\u00e9 sont pleinement appliqu\u00e9es. Ces valeurs reposent sur des principes fondamentaux que chacun [&hellip;]<\/p>\n","protected":false},"author":1,"featured_media":0,"parent":4869,"menu_order":0,"comment_status":"closed","ping_status":"closed","template":"","meta":{"footnotes":""},"class_list":["post-4908","page","type-page","status-publish","hentry"],"_links":{"self":[{"href":"https:\/\/www.lyceefrancaisbilbao.com\/en\/wp-json\/wp\/v2\/pages\/4908","targetHints":{"allow":["GET"]}}],"collection":[{"href":"https:\/\/www.lyceefrancaisbilbao.com\/en\/wp-json\/wp\/v2\/pages"}],"about":[{"href":"https:\/\/www.lyceefrancaisbilbao.com\/en\/wp-json\/wp\/v2\/types\/page"}],"author":[{"embeddable":true,"href":"https:\/\/www.lyceefrancaisbilbao.com\/en\/wp-json\/wp\/v2\/users\/1"}],"replies":[{"embeddable":true,"href":"https:\/\/www.lyceefrancaisbilbao.com\/en\/wp-json\/wp\/v2\/comments?post=4908"}],"version-history":[{"count":5,"href":"https:\/\/www.lyceefrancaisbilbao.com\/en\/wp-json\/wp\/v2\/pages\/4908\/revisions"}],"predecessor-version":[{"id":7509,"href":"https:\/\/www.lyceefrancaisbilbao.com\/en\/wp-json\/wp\/v2\/pages\/4908\/revisions\/7509"}],"up":[{"embeddable":true,"href":"https:\/\/www.lyceefrancaisbilbao.com\/en\/wp-json\/wp\/v2\/pages\/4869"}],"wp:attachment":[{"href":"https:\/\/www.lyceefrancaisbilbao.com\/en\/wp-json\/wp\/v2\/media?parent=4908"}],"curies":[{"name":"wp","href":"https:\/\/api.w.org\/{rel}","templated":true}]}}