{"id":4895,"date":"2025-03-01T05:45:28","date_gmt":"2025-03-01T05:45:28","guid":{"rendered":"https:\/\/www.lyceefrancaisbilbao.com\/information-practice\/financial-assistance\/"},"modified":"2026-01-29T13:12:09","modified_gmt":"2026-01-29T13:12:09","slug":"financial-assistance","status":"publish","type":"page","link":"https:\/\/www.lyceefrancaisbilbao.com\/en\/information-practice\/financial-assistance\/","title":{"rendered":"Financial assistance"},"content":{"rendered":"\t\t<div data-elementor-type=\"wp-page\" data-elementor-id=\"4895\" class=\"elementor elementor-4895 elementor-3360\" data-elementor-post-type=\"page\">\n\t\t\t\t<div class=\"elementor-element elementor-element-b21edda e-flex e-con-boxed e-con e-parent\" data-id=\"b21edda\" data-element_type=\"container\" data-e-type=\"container\" data-settings=\"{&quot;background_background&quot;:&quot;classic&quot;}\">\n\t\t\t\t\t<div class=\"e-con-inner\">\n\t\t\t\t<div class=\"elementor-element elementor-element-95af377 elementor-invisible elementor-widget elementor-widget-heading\" data-id=\"95af377\" data-element_type=\"widget\" data-e-type=\"widget\" data-settings=\"{&quot;_animation&quot;:&quot;fadeInUp&quot;}\" data-widget_type=\"heading.default\">\n\t\t\t\t<div class=\"elementor-widget-container\">\n\t\t\t\t\t<h1 class=\"elementor-heading-title elementor-size-default\">Financial assistance<\/h1>\t\t\t\t<\/div>\n\t\t\t\t<\/div>\n\t\t\t\t\t<\/div>\n\t\t\t\t<\/div>\n\t\t<div class=\"elementor-element elementor-element-99bb9cc e-flex e-con-boxed e-con e-parent\" data-id=\"99bb9cc\" data-element_type=\"container\" data-e-type=\"container\" data-settings=\"{&quot;background_background&quot;:&quot;classic&quot;}\">\n\t\t\t\t\t<div class=\"e-con-inner\">\n\t\t\t\t<div class=\"elementor-element elementor-element-3038dfb elementor-invisible elementor-widget elementor-widget-shortcode\" data-id=\"3038dfb\" data-element_type=\"widget\" data-e-type=\"widget\" data-settings=\"{&quot;_animation&quot;:&quot;slideInDown&quot;}\" data-widget_type=\"shortcode.default\">\n\t\t\t\t<div class=\"elementor-widget-container\">\n\t\t\t\t\t\t\t<div class=\"elementor-shortcode\"><nav aria-label=\"breadcrumbs\" class=\"rank-math-breadcrumb\"><p><span class=\"last\">Home<\/span><\/p><\/nav><\/div>\n\t\t\t\t\t\t<\/div>\n\t\t\t\t<\/div>\n\t\t\t\t<div class=\"elementor-element elementor-element-28a617c elementor-invisible elementor-widget elementor-widget-text-editor\" data-id=\"28a617c\" data-element_type=\"widget\" data-e-type=\"widget\" data-settings=\"{&quot;_animation&quot;:&quot;fadeInUp&quot;}\" data-widget_type=\"text-editor.default\">\n\t\t\t\t<div class=\"elementor-widget-container\">\n\t\t\t\t\t\t\t\t\t<p>The Lyc\u00e9e Fran\u00e7ais de Bilbao has a solidarity fund to help families in need in a timely manner. The Lyc\u00e9e Fran\u00e7ais de Bilbao has a solidarity fund to provide occasional assistance to families in need. In addition, students of French nationality can apply for a scholarship from the French Government. You can find all the information concerning the conditions of award, calendar, procedures to be followed, creation and submission of the application at the <a class=\"broken_link\" href=\"https:\/\/es.ambafrance.org\/Bourses-scolaires-2022-2023-CCB1?var_mode=calcul\" target=\"_blank\" rel=\"noopener noreferrer\">Consulate General of France in Madrid<\/a>. The consulate manages the scholarship applications that are awarded by the AEFE.  <\/p>\t\t\t\t\t\t\t\t<\/div>\n\t\t\t\t<\/div>\n\t\t<div class=\"elementor-element elementor-element-37cacf3 e-con-full e-flex e-con e-child\" data-id=\"37cacf3\" data-element_type=\"container\" data-e-type=\"container\">\n\t\t<div class=\"elementor-element elementor-element-f350a96 e-con-full e-flex e-con e-child\" data-id=\"f350a96\" data-element_type=\"container\" data-e-type=\"container\">\n\t\t\t\t<div class=\"elementor-element elementor-element-7a34cd9 elementor-widget elementor-widget-html\" data-id=\"7a34cd9\" data-element_type=\"widget\" data-e-type=\"widget\" data-widget_type=\"html.default\">\n\t\t\t\t<div class=\"elementor-widget-container\">\n\t\t\t\t\t<iframe src=\"https:\/\/drive.google.com\/file\/d\/16H2XWXRnuK939YQXyMYbZHwYqck74LUV\/preview\" width=\"1200px\" height=\"1100\" allow=\"autoplay\" style=\"max-width: 100%; max-height: 1200px;\"><\/iframe>\t\t\t\t<\/div>\n\t\t\t\t<\/div>\n\t\t\t\t<\/div>\n\t\t\t\t<\/div>\n\t\t\t\t\t<\/div>\n\t\t\t\t<\/div>\n\t\t\t\t<\/div>\n\t\t","protected":false},"excerpt":{"rendered":"<p>Financial assistance The Lyc\u00e9e Fran\u00e7ais de Bilbao has a solidarity fund to help families in need in a timely manner. The Lyc\u00e9e Fran\u00e7ais de Bilbao has a solidarity fund to provide occasional assistance to families in need. In addition, students of French nationality can apply for a scholarship from the French Government. You can find [&hellip;]<\/p>\n","protected":false},"author":1,"featured_media":0,"parent":4869,"menu_order":0,"comment_status":"closed","ping_status":"closed","template":"","meta":{"footnotes":""},"class_list":["post-4895","page","type-page","status-publish","hentry"],"_links":{"self":[{"href":"https:\/\/www.lyceefrancaisbilbao.com\/en\/wp-json\/wp\/v2\/pages\/4895","targetHints":{"allow":["GET"]}}],"collection":[{"href":"https:\/\/www.lyceefrancaisbilbao.com\/en\/wp-json\/wp\/v2\/pages"}],"about":[{"href":"https:\/\/www.lyceefrancaisbilbao.com\/en\/wp-json\/wp\/v2\/types\/page"}],"author":[{"embeddable":true,"href":"https:\/\/www.lyceefrancaisbilbao.com\/en\/wp-json\/wp\/v2\/users\/1"}],"replies":[{"embeddable":true,"href":"https:\/\/www.lyceefrancaisbilbao.com\/en\/wp-json\/wp\/v2\/comments?post=4895"}],"version-history":[{"count":2,"href":"https:\/\/www.lyceefrancaisbilbao.com\/en\/wp-json\/wp\/v2\/pages\/4895\/revisions"}],"predecessor-version":[{"id":6896,"href":"https:\/\/www.lyceefrancaisbilbao.com\/en\/wp-json\/wp\/v2\/pages\/4895\/revisions\/6896"}],"up":[{"embeddable":true,"href":"https:\/\/www.lyceefrancaisbilbao.com\/en\/wp-json\/wp\/v2\/pages\/4869"}],"wp:attachment":[{"href":"https:\/\/www.lyceefrancaisbilbao.com\/en\/wp-json\/wp\/v2\/media?parent=4895"}],"curies":[{"name":"wp","href":"https:\/\/api.w.org\/{rel}","templated":true}]}}