{"id":4487,"date":"2025-02-27T14:37:39","date_gmt":"2025-02-27T14:37:39","guid":{"rendered":"https:\/\/www.lyceefrancaisbilbao.com\/educational-project\/french-international-baccalaureate-bff\/"},"modified":"2026-03-16T12:29:13","modified_gmt":"2026-03-16T12:29:13","slug":"french-international-baccalaureate-bff","status":"publish","type":"page","link":"https:\/\/www.lyceefrancaisbilbao.com\/en\/educational-project\/french-international-baccalaureate-bff\/","title":{"rendered":"French International Baccalaureate BFI"},"content":{"rendered":"\t\t<div data-elementor-type=\"wp-page\" data-elementor-id=\"4487\" class=\"elementor elementor-4487 elementor-3097\" data-elementor-post-type=\"page\">\n\t\t\t\t<div class=\"elementor-element elementor-element-b21edda e-flex e-con-boxed e-con e-parent\" data-id=\"b21edda\" data-element_type=\"container\" data-e-type=\"container\" data-settings=\"{&quot;background_background&quot;:&quot;classic&quot;}\">\n\t\t\t\t\t<div class=\"e-con-inner\">\n\t\t\t\t<div class=\"elementor-element elementor-element-95af377 elementor-invisible elementor-widget elementor-widget-heading\" data-id=\"95af377\" data-element_type=\"widget\" data-e-type=\"widget\" data-settings=\"{&quot;_animation&quot;:&quot;fadeInUp&quot;}\" data-widget_type=\"heading.default\">\n\t\t\t\t<div class=\"elementor-widget-container\">\n\t\t\t\t\t<h1 class=\"elementor-heading-title elementor-size-default\">French <span style=\"letter-spacing: -2.2px\">International <\/span><span style=\"letter-spacing: -2.2px\"> Baccalaureate (BFI)<\/span><span style=\"letter-spacing: -2.2px\"><\/span><br><\/h1>\t\t\t\t<\/div>\n\t\t\t\t<\/div>\n\t\t\t\t<div class=\"elementor-element elementor-element-3020ce2 elementor-invisible elementor-widget elementor-widget-heading\" data-id=\"3020ce2\" data-element_type=\"widget\" data-e-type=\"widget\" data-settings=\"{&quot;_animation&quot;:&quot;fadeInUp&quot;,&quot;_animation_delay&quot;:400}\" data-widget_type=\"heading.default\">\n\t\t\t\t<div class=\"elementor-widget-container\">\n\t\t\t\t\t<h2 class=\"elementor-heading-title elementor-size-default\">Improvement of linguistic skills to the highest level<\/h2>\t\t\t\t<\/div>\n\t\t\t\t<\/div>\n\t\t\t\t\t<\/div>\n\t\t\t\t<\/div>\n\t\t<div class=\"elementor-element elementor-element-99bb9cc e-flex e-con-boxed e-con e-parent\" data-id=\"99bb9cc\" data-element_type=\"container\" data-e-type=\"container\" data-settings=\"{&quot;background_background&quot;:&quot;classic&quot;}\">\n\t\t\t\t\t<div class=\"e-con-inner\">\n\t\t\t\t<div class=\"elementor-element elementor-element-3038dfb elementor-invisible elementor-widget elementor-widget-shortcode\" data-id=\"3038dfb\" data-element_type=\"widget\" data-e-type=\"widget\" data-settings=\"{&quot;_animation&quot;:&quot;slideInDown&quot;}\" data-widget_type=\"shortcode.default\">\n\t\t\t\t<div class=\"elementor-widget-container\">\n\t\t\t\t\t\t\t<div class=\"elementor-shortcode\"><nav aria-label=\"breadcrumbs\" class=\"rank-math-breadcrumb\"><p><span class=\"last\">Home<\/span><\/p><\/nav><\/div>\n\t\t\t\t\t\t<\/div>\n\t\t\t\t<\/div>\n\t\t<div class=\"elementor-element elementor-element-37cacf3 e-con-full e-flex e-con e-child\" data-id=\"37cacf3\" data-element_type=\"container\" data-e-type=\"container\">\n\t\t<div class=\"elementor-element elementor-element-bb19499 e-con-full e-flex elementor-invisible e-con e-child\" data-id=\"bb19499\" data-element_type=\"container\" data-e-type=\"container\" data-settings=\"{&quot;animation&quot;:&quot;fadeInUp&quot;}\">\n\t\t\t\t<div class=\"elementor-element elementor-element-3960172 elementor-widget elementor-widget-html\" data-id=\"3960172\" data-element_type=\"widget\" data-e-type=\"widget\" data-widget_type=\"html.default\">\n\t\t\t\t<div class=\"elementor-widget-container\">\n\t\t\t\t\t<iframe src=\"https:\/\/drive.google.com\/file\/d\/1Hccwbcw9C53Srg8K-R4nLWZUwjBRh3mn\/preview\" width=\"640\" height=\"780\" allow=\"autoplay\" style=\"max-width: 100%; max-height: 676px;\"><\/iframe>\t\t\t\t<\/div>\n\t\t\t\t<\/div>\n\t\t\t\t<\/div>\n\t\t<div class=\"elementor-element elementor-element-9c74107 e-con-full e-flex elementor-invisible e-con e-child\" data-id=\"9c74107\" data-element_type=\"container\" data-e-type=\"container\" data-settings=\"{&quot;animation&quot;:&quot;fadeInUp&quot;,&quot;animation_delay&quot;:700}\">\n\t\t\t\t<div class=\"elementor-element elementor-element-8c99214 elementor-widget elementor-widget-text-editor\" data-id=\"8c99214\" data-element_type=\"widget\" data-e-type=\"widget\" data-widget_type=\"text-editor.default\">\n\t\t\t\t<div class=\"elementor-widget-container\">\n\t\t\t\t\t\t\t\t\t<p>The French International Baccalaureate (BFI) is a new and flexible system that is particularly well-suited to students in French schools abroad, as it allows them to strengthen their already remarkable skills in several foreign languages (level C1 to C2 by the end of Terminale \u2013 Year 13). <\/p><h3><strong>Improving the quality of the students&#8217; curricula<\/strong><\/h3><p>With the BFI, students can explore innovative pedagogical methods that are open to the world, such as the Knowledge of the World subject. Furthermore, the BFI recognizes the quality of the students&#8217; studies, as well as their commitment and effort, thanks to its high value in terms of coefficients and visibility on the diploma itself. <\/p><h3><strong>To offer greater flexibility to students in their school career.<\/strong><\/h3><p>At the Lyc\u00e9e Fran\u00e7ais de Bilbao, the introduction of specific Premi\u00e8re and Terminale classes leading to the French International Baccalaureate (BFI) is part of an ambitious project aimed at developing proficiency in foreign languages and enhancing the international education of students enrolled in the French school system. Its objective is to create multilingual pathways, increase exposure to foreign languages, and enrich the international culture of the students. <\/p><h3><strong>Since the 2024 academic year, the school has offered the BFI in two programs: trilingual and quadrilingual.<br><\/strong><\/h3><p>To access the BFI, students must have passed level B2 in foreign language A and B1 in foreign languages B (trilingual itinerary) and C (quadrilingual itinerary).<\/p>\t\t\t\t\t\t\t\t<\/div>\n\t\t\t\t<\/div>\n\t\t\t\t<\/div>\n\t\t\t\t<\/div>\n\t\t\t\t\t<\/div>\n\t\t\t\t<\/div>\n\t\t\t\t<\/div>\n\t\t","protected":false},"excerpt":{"rendered":"<p>French International Baccalaureate (BFI) Improvement of linguistic skills to the highest level The French International Baccalaureate (BFI) is a new and flexible system that is particularly well-suited to students in French schools abroad, as it allows them to strengthen their already remarkable skills in several foreign languages (level C1 to C2 by the end of [&hellip;]<\/p>\n","protected":false},"author":1,"featured_media":0,"parent":4459,"menu_order":0,"comment_status":"closed","ping_status":"closed","template":"","meta":{"footnotes":""},"class_list":["post-4487","page","type-page","status-publish","hentry"],"_links":{"self":[{"href":"https:\/\/www.lyceefrancaisbilbao.com\/en\/wp-json\/wp\/v2\/pages\/4487","targetHints":{"allow":["GET"]}}],"collection":[{"href":"https:\/\/www.lyceefrancaisbilbao.com\/en\/wp-json\/wp\/v2\/pages"}],"about":[{"href":"https:\/\/www.lyceefrancaisbilbao.com\/en\/wp-json\/wp\/v2\/types\/page"}],"author":[{"embeddable":true,"href":"https:\/\/www.lyceefrancaisbilbao.com\/en\/wp-json\/wp\/v2\/users\/1"}],"replies":[{"embeddable":true,"href":"https:\/\/www.lyceefrancaisbilbao.com\/en\/wp-json\/wp\/v2\/comments?post=4487"}],"version-history":[{"count":6,"href":"https:\/\/www.lyceefrancaisbilbao.com\/en\/wp-json\/wp\/v2\/pages\/4487\/revisions"}],"predecessor-version":[{"id":7494,"href":"https:\/\/www.lyceefrancaisbilbao.com\/en\/wp-json\/wp\/v2\/pages\/4487\/revisions\/7494"}],"up":[{"embeddable":true,"href":"https:\/\/www.lyceefrancaisbilbao.com\/en\/wp-json\/wp\/v2\/pages\/4459"}],"wp:attachment":[{"href":"https:\/\/www.lyceefrancaisbilbao.com\/en\/wp-json\/wp\/v2\/media?parent=4487"}],"curies":[{"name":"wp","href":"https:\/\/api.w.org\/{rel}","templated":true}]}}