{"id":4407,"date":"2025-03-31T07:27:52","date_gmt":"2025-03-31T07:27:52","guid":{"rendered":"https:\/\/www.lyceefrancaisbilbao.com\/thank-you-for-contacting\/"},"modified":"2026-02-12T09:02:21","modified_gmt":"2026-02-12T09:02:21","slug":"thank-you-for-contacting","status":"publish","type":"page","link":"https:\/\/www.lyceefrancaisbilbao.com\/en\/thank-you-for-contacting\/","title":{"rendered":"Thank you for contacting"},"content":{"rendered":"\t\t<div data-elementor-type=\"wp-page\" data-elementor-id=\"4407\" class=\"elementor elementor-4407 elementor-4264\" data-elementor-post-type=\"page\">\n\t\t\t\t<div class=\"elementor-element elementor-element-0889b3f e-flex e-con-boxed e-con e-parent\" data-id=\"0889b3f\" data-element_type=\"container\" data-e-type=\"container\" data-settings=\"{&quot;background_background&quot;:&quot;classic&quot;}\">\n\t\t\t\t\t<div class=\"e-con-inner\">\n\t\t\t\t<div class=\"elementor-element elementor-element-1ccf513 elementor-invisible elementor-widget elementor-widget-heading\" data-id=\"1ccf513\" data-element_type=\"widget\" data-e-type=\"widget\" data-settings=\"{&quot;_animation&quot;:&quot;fadeInUp&quot;}\" data-widget_type=\"heading.default\">\n\t\t\t\t<div class=\"elementor-widget-container\">\n\t\t\t\t\t<h1 class=\"elementor-heading-title elementor-size-default\">Muchas gracias por contactar<\/h1>\t\t\t\t<\/div>\n\t\t\t\t<\/div>\n\t\t\t\t\t<\/div>\n\t\t\t\t<\/div>\n\t\t<div class=\"elementor-element elementor-element-d2bdaeb e-flex e-con-boxed e-con e-parent\" data-id=\"d2bdaeb\" data-element_type=\"container\" data-e-type=\"container\" data-settings=\"{&quot;background_background&quot;:&quot;classic&quot;}\">\n\t\t\t\t\t<div class=\"e-con-inner\">\n\t\t\t\t<div class=\"elementor-element elementor-element-9df99d4 elementor-widget-tablet__width-inherit elementor-absolute elementor-widget elementor-widget-image\" data-id=\"9df99d4\" data-element_type=\"widget\" data-e-type=\"widget\" data-settings=\"{&quot;_position&quot;:&quot;absolute&quot;}\" data-widget_type=\"image.default\">\n\t\t\t\t<div class=\"elementor-widget-container\">\n\t\t\t\t\t\t\t\t\t\t\t\t\t\t\t<img fetchpriority=\"high\" decoding=\"async\" width=\"790\" height=\"549\" src=\"https:\/\/www.lyceefrancaisbilbao.com\/wp-content\/uploads\/2024\/12\/Circle-XXL.webp\" class=\"attachment-large size-large wp-image-4373\" alt=\"\" srcset=\"https:\/\/www.lyceefrancaisbilbao.com\/wp-content\/uploads\/2024\/12\/Circle-XXL.webp 790w, https:\/\/www.lyceefrancaisbilbao.com\/wp-content\/uploads\/2024\/12\/Circle-XXL-300x208.webp 300w, https:\/\/www.lyceefrancaisbilbao.com\/wp-content\/uploads\/2024\/12\/Circle-XXL-768x534.webp 768w\" sizes=\"(max-width: 790px) 100vw, 790px\">\t\t\t\t\t\t\t\t\t\t\t\t\t\t\t<\/div>\n\t\t\t\t<\/div>\n\t\t\t\t<div class=\"elementor-element elementor-element-249041e elementor-invisible elementor-widget elementor-widget-shortcode\" data-id=\"249041e\" data-element_type=\"widget\" data-e-type=\"widget\" data-settings=\"{&quot;_animation&quot;:&quot;slideInDown&quot;}\" data-widget_type=\"shortcode.default\">\n\t\t\t\t<div class=\"elementor-widget-container\">\n\t\t\t\t\t\t\t<div class=\"elementor-shortcode\"><nav aria-label=\"breadcrumbs\" class=\"rank-math-breadcrumb\"><p><span class=\"last\">Home<\/span><\/p><\/nav><\/div>\n\t\t\t\t\t\t<\/div>\n\t\t\t\t<\/div>\n\t\t<div class=\"elementor-element elementor-element-7431807 e-con-full e-flex e-con e-child\" data-id=\"7431807\" data-element_type=\"container\" data-e-type=\"container\">\n\t\t\t\t<div class=\"elementor-element elementor-element-ba213cb elementor-invisible elementor-widget elementor-widget-heading\" data-id=\"ba213cb\" data-element_type=\"widget\" data-e-type=\"widget\" data-settings=\"{&quot;_animation&quot;:&quot;fadeInUp&quot;,&quot;_animation_delay&quot;:500}\" data-widget_type=\"heading.default\">\n\t\t\t\t<div class=\"elementor-widget-container\">\n\t\t\t\t\t<h2 class=\"elementor-heading-title elementor-size-default\">En breve, el equipo del Lyc\u00e9e Fran\u00e7ais de Bilbao se pondr\u00e1 en contacto contigo.<\/h2>\t\t\t\t<\/div>\n\t\t\t\t<\/div>\n\t\t\t\t<\/div>\n\t\t<div class=\"elementor-element elementor-element-0955204 e-con-full e-flex e-con e-child\" data-id=\"0955204\" data-element_type=\"container\" data-e-type=\"container\">\n\t\t<div class=\"elementor-element elementor-element-53961d8 e-con-full e-flex e-con e-child\" data-id=\"53961d8\" data-element_type=\"container\" data-e-type=\"container\">\n\t\t\t\t<\/div>\n\t\t\t\t<\/div>\n\t\t\t\t\t<\/div>\n\t\t\t\t<\/div>\n\t\t\t\t<\/div>\n\t\t","protected":false},"excerpt":{"rendered":"<p>Muchas gracias por contactar En breve, el equipo del Lyc\u00e9e Fran\u00e7ais de Bilbao se pondr\u00e1 en contacto contigo.<\/p>\n","protected":false},"author":2,"featured_media":0,"parent":0,"menu_order":0,"comment_status":"closed","ping_status":"closed","template":"","meta":{"footnotes":""},"class_list":["post-4407","page","type-page","status-publish","hentry"],"_links":{"self":[{"href":"https:\/\/www.lyceefrancaisbilbao.com\/en\/wp-json\/wp\/v2\/pages\/4407","targetHints":{"allow":["GET"]}}],"collection":[{"href":"https:\/\/www.lyceefrancaisbilbao.com\/en\/wp-json\/wp\/v2\/pages"}],"about":[{"href":"https:\/\/www.lyceefrancaisbilbao.com\/en\/wp-json\/wp\/v2\/types\/page"}],"author":[{"embeddable":true,"href":"https:\/\/www.lyceefrancaisbilbao.com\/en\/wp-json\/wp\/v2\/users\/2"}],"replies":[{"embeddable":true,"href":"https:\/\/www.lyceefrancaisbilbao.com\/en\/wp-json\/wp\/v2\/comments?post=4407"}],"version-history":[{"count":4,"href":"https:\/\/www.lyceefrancaisbilbao.com\/en\/wp-json\/wp\/v2\/pages\/4407\/revisions"}],"predecessor-version":[{"id":7108,"href":"https:\/\/www.lyceefrancaisbilbao.com\/en\/wp-json\/wp\/v2\/pages\/4407\/revisions\/7108"}],"wp:attachment":[{"href":"https:\/\/www.lyceefrancaisbilbao.com\/en\/wp-json\/wp\/v2\/media?parent=4407"}],"curies":[{"name":"wp","href":"https:\/\/api.w.org\/{rel}","templated":true}]}}